{"id":1733,"date":"2025-01-13T12:33:28","date_gmt":"2025-01-13T12:33:28","guid":{"rendered":"https:\/\/staging.soslow.sk\/?post_type=product&#038;p=1733"},"modified":"2026-03-08T16:13:41","modified_gmt":"2026-03-08T15:13:41","slug":"ceramica-gift-box","status":"publish","type":"product","link":"https:\/\/www.soslow.sk\/en\/obchod\/sviecky\/ceramica-collection\/ceramica-gift-box\/","title":{"rendered":"Cer\u00e1mica gift box"},"content":{"rendered":"<p>3x125g coconut wax + SO.SLOW book matches<\/p>\n<p>Burning time of each candle: 20-30 hours<\/p>\n<p>Organic cotton wick<\/p>\n<p>Material: ceramic<\/p>\n<p>Made in Bratislava\/Slovakia<\/p>\n<p>A gift box of 3 candles from the new Cer\u00e1mica collection, which embodies our inspiration from the unique volcanic island of Lanzarote.<\/p>\n<p>The deep red clay from which the ceramic containers are made perfectly embodies the volcanic clay that is abundant in Lanzarote and the other Canary Islands. This vibrant color not only enhances the aesthetic appeal of our products, but also pays homage to the natural elements of the island. The texture of our paper boxes draws inspiration from the unique geological formations found on Lanzarote.<\/p>\n<p>The names of the three new candles are inspired by the charming villages scattered across Lanzarote, each aptly reflecting the character and spirit of the island. Lanzarote offers a wealth of inspiration, from its mesmerizing scents and stunning natural beauty, to the warmth and hospitality of its people. These qualities resonate with us and remind us to enjoy the richness and beauty of our surroundings.<\/p>","protected":false},"excerpt":{"rendered":"<p>Scent: soo \u2013 tiagua \u2013 uga<\/p>\n<hr \/>","protected":false},"featured_media":3291,"comment_status":"open","ping_status":"closed","template":"","meta":{"_monsterinsights_skip_tracking":false,"_monsterinsights_sitenote_active":false,"_monsterinsights_sitenote_note":"","_monsterinsights_sitenote_category":0},"product_brand":[],"product_cat":[37,23],"product_tag":[],"class_list":{"0":"post-1733","1":"product","2":"type-product","3":"status-publish","4":"has-post-thumbnail","6":"product_cat-ceramica-collection","7":"product_cat-sviecky","9":"first","10":"instock","11":"taxable","12":"shipping-taxable","13":"purchasable","14":"product-type-simple"},"yoast_head":"<!-- This site is optimized with the Yoast SEO plugin v27.5 - https:\/\/yoast.com\/product\/yoast-seo-wordpress\/ -->\n<title>Cer\u00e1mica gift box - SO.SLOW<\/title>\n<meta name=\"description\" content=\"Balenie 3 svie\u010dok z novej kolekcie Cer\u00e1mica, ktor\u00e1 steles\u0148uje na\u0161u in\u0161pir\u00e1ciu unik\u00e1tnym sope\u010dn\u00fdm ostrovom Lanzarote. 3x125g kokosov\u00e9ho vosku.\" \/>\n<meta name=\"robots\" content=\"index, follow, max-snippet:-1, max-image-preview:large, max-video-preview:-1\" \/>\n<link rel=\"canonical\" href=\"https:\/\/www.soslow.sk\/en\/obchod\/sviecky\/ceramica-collection\/ceramica-gift-box\/\" \/>\n<meta property=\"og:locale\" content=\"en_GB\" \/>\n<meta property=\"og:type\" content=\"article\" \/>\n<meta property=\"og:title\" content=\"Cer\u00e1mica gift box - SO.SLOW\" \/>\n<meta property=\"og:description\" content=\"Balenie 3 svie\u010dok z novej kolekcie Cer\u00e1mica, ktor\u00e1 steles\u0148uje na\u0161u in\u0161pir\u00e1ciu unik\u00e1tnym sope\u010dn\u00fdm ostrovom Lanzarote. 3x125g kokosov\u00e9ho vosku.\" \/>\n<meta property=\"og:url\" content=\"https:\/\/www.soslow.sk\/en\/obchod\/sviecky\/ceramica-collection\/ceramica-gift-box\/\" \/>\n<meta property=\"og:site_name\" content=\"SO.SLOW\" \/>\n<meta property=\"article:modified_time\" content=\"2026-03-08T15:13:41+00:00\" \/>\n<meta property=\"og:image\" content=\"https:\/\/www.soslow.sk\/wp-content\/uploads\/2025\/01\/giftbox.png\" \/>\n\t<meta property=\"og:image:width\" content=\"1667\" \/>\n\t<meta property=\"og:image:height\" content=\"1569\" \/>\n\t<meta property=\"og:image:type\" content=\"image\/png\" \/>\n<meta name=\"twitter:card\" content=\"summary_large_image\" \/>\n<meta name=\"twitter:label1\" content=\"Estimated reading time\" \/>\n\t<meta name=\"twitter:data1\" content=\"2 minutes\" \/>\n<script type=\"application\/ld+json\" class=\"yoast-schema-graph\">{\"@context\":\"https:\\\/\\\/schema.org\",\"@graph\":[{\"@type\":\"WebPage\",\"@id\":\"https:\\\/\\\/www.soslow.sk\\\/obchod\\\/sviecky\\\/ceramica-collection\\\/ceramica-gift-box\\\/\",\"url\":\"https:\\\/\\\/www.soslow.sk\\\/obchod\\\/sviecky\\\/ceramica-collection\\\/ceramica-gift-box\\\/\",\"name\":\"Cer\u00e1mica gift box - SO.SLOW\",\"isPartOf\":{\"@id\":\"https:\\\/\\\/www.soslow.sk\\\/#website\"},\"primaryImageOfPage\":{\"@id\":\"https:\\\/\\\/www.soslow.sk\\\/obchod\\\/sviecky\\\/ceramica-collection\\\/ceramica-gift-box\\\/#primaryimage\"},\"image\":{\"@id\":\"https:\\\/\\\/www.soslow.sk\\\/obchod\\\/sviecky\\\/ceramica-collection\\\/ceramica-gift-box\\\/#primaryimage\"},\"thumbnailUrl\":\"https:\\\/\\\/www.soslow.sk\\\/wp-content\\\/uploads\\\/2025\\\/01\\\/giftbox.png\",\"datePublished\":\"2025-01-13T12:33:28+00:00\",\"dateModified\":\"2026-03-08T15:13:41+00:00\",\"description\":\"Balenie 3 svie\u010dok z novej kolekcie Cer\u00e1mica, ktor\u00e1 steles\u0148uje na\u0161u in\u0161pir\u00e1ciu unik\u00e1tnym sope\u010dn\u00fdm ostrovom Lanzarote. 3x125g kokosov\u00e9ho vosku.\",\"breadcrumb\":{\"@id\":\"https:\\\/\\\/www.soslow.sk\\\/obchod\\\/sviecky\\\/ceramica-collection\\\/ceramica-gift-box\\\/#breadcrumb\"},\"inLanguage\":\"en-GB\",\"potentialAction\":[{\"@type\":\"ReadAction\",\"target\":[\"https:\\\/\\\/www.soslow.sk\\\/obchod\\\/sviecky\\\/ceramica-collection\\\/ceramica-gift-box\\\/\"]}]},{\"@type\":\"ImageObject\",\"inLanguage\":\"en-GB\",\"@id\":\"https:\\\/\\\/www.soslow.sk\\\/obchod\\\/sviecky\\\/ceramica-collection\\\/ceramica-gift-box\\\/#primaryimage\",\"url\":\"https:\\\/\\\/www.soslow.sk\\\/wp-content\\\/uploads\\\/2025\\\/01\\\/giftbox.png\",\"contentUrl\":\"https:\\\/\\\/www.soslow.sk\\\/wp-content\\\/uploads\\\/2025\\\/01\\\/giftbox.png\",\"width\":1667,\"height\":1569},{\"@type\":\"BreadcrumbList\",\"@id\":\"https:\\\/\\\/www.soslow.sk\\\/obchod\\\/sviecky\\\/ceramica-collection\\\/ceramica-gift-box\\\/#breadcrumb\",\"itemListElement\":[{\"@type\":\"ListItem\",\"position\":1,\"name\":\"Domovsk\u00e1 str\u00e1nka\",\"item\":\"https:\\\/\\\/www.soslow.sk\\\/\"},{\"@type\":\"ListItem\",\"position\":2,\"name\":\"Obchod\",\"item\":\"https:\\\/\\\/www.soslow.sk\\\/obchod\\\/\"},{\"@type\":\"ListItem\",\"position\":3,\"name\":\"Cer\u00e1mica gift box\"}]},{\"@type\":\"WebSite\",\"@id\":\"https:\\\/\\\/www.soslow.sk\\\/#website\",\"url\":\"https:\\\/\\\/www.soslow.sk\\\/\",\"name\":\"SO.SLOW\",\"description\":\"made better\",\"publisher\":{\"@id\":\"https:\\\/\\\/www.soslow.sk\\\/#organization\"},\"potentialAction\":[{\"@type\":\"SearchAction\",\"target\":{\"@type\":\"EntryPoint\",\"urlTemplate\":\"https:\\\/\\\/www.soslow.sk\\\/?s={search_term_string}\"},\"query-input\":{\"@type\":\"PropertyValueSpecification\",\"valueRequired\":true,\"valueName\":\"search_term_string\"}}],\"inLanguage\":\"en-GB\"},{\"@type\":\"Organization\",\"@id\":\"https:\\\/\\\/www.soslow.sk\\\/#organization\",\"name\":\"SoSlow\",\"url\":\"https:\\\/\\\/www.soslow.sk\\\/\",\"logo\":{\"@type\":\"ImageObject\",\"inLanguage\":\"en-GB\",\"@id\":\"https:\\\/\\\/www.soslow.sk\\\/#\\\/schema\\\/logo\\\/image\\\/\",\"url\":\"https:\\\/\\\/www.soslow.sk\\\/wp-content\\\/uploads\\\/2025\\\/01\\\/so.slow_.png\",\"contentUrl\":\"https:\\\/\\\/www.soslow.sk\\\/wp-content\\\/uploads\\\/2025\\\/01\\\/so.slow_.png\",\"width\":1772,\"height\":412,\"caption\":\"SoSlow\"},\"image\":{\"@id\":\"https:\\\/\\\/www.soslow.sk\\\/#\\\/schema\\\/logo\\\/image\\\/\"},\"sameAs\":[\"https:\\\/\\\/www.instagram.com\\\/so.slowproducts\"]}]}<\/script>\n<!-- \/ Yoast SEO plugin. -->","yoast_head_json":{"title":"Ceramic gift box - SO.SLOW","description":"Pack of 3 candles from the new Cer\u00e1mica collection, which embodies our inspiration from the unique volcanic island of Lanzarote. 3x125g coconut wax.","robots":{"index":"index","follow":"follow","max-snippet":"max-snippet:-1","max-image-preview":"max-image-preview:large","max-video-preview":"max-video-preview:-1"},"canonical":"https:\/\/www.soslow.sk\/en\/obchod\/sviecky\/ceramica-collection\/ceramica-gift-box\/","og_locale":"en_GB","og_type":"article","og_title":"Cer\u00e1mica gift box - SO.SLOW","og_description":"Balenie 3 svie\u010dok z novej kolekcie Cer\u00e1mica, ktor\u00e1 steles\u0148uje na\u0161u in\u0161pir\u00e1ciu unik\u00e1tnym sope\u010dn\u00fdm ostrovom Lanzarote. 3x125g kokosov\u00e9ho vosku.","og_url":"https:\/\/www.soslow.sk\/en\/obchod\/sviecky\/ceramica-collection\/ceramica-gift-box\/","og_site_name":"SO.SLOW","article_modified_time":"2026-03-08T15:13:41+00:00","og_image":[{"width":1667,"height":1569,"url":"https:\/\/www.soslow.sk\/wp-content\/uploads\/2025\/01\/giftbox.png","type":"image\/png"}],"twitter_card":"summary_large_image","twitter_misc":{"Estimated reading time":"2 minutes"},"schema":{"@context":"https:\/\/schema.org","@graph":[{"@type":"WebPage","@id":"https:\/\/www.soslow.sk\/obchod\/sviecky\/ceramica-collection\/ceramica-gift-box\/","url":"https:\/\/www.soslow.sk\/obchod\/sviecky\/ceramica-collection\/ceramica-gift-box\/","name":"Ceramic gift box - SO.SLOW","isPartOf":{"@id":"https:\/\/www.soslow.sk\/#website"},"primaryImageOfPage":{"@id":"https:\/\/www.soslow.sk\/obchod\/sviecky\/ceramica-collection\/ceramica-gift-box\/#primaryimage"},"image":{"@id":"https:\/\/www.soslow.sk\/obchod\/sviecky\/ceramica-collection\/ceramica-gift-box\/#primaryimage"},"thumbnailUrl":"https:\/\/www.soslow.sk\/wp-content\/uploads\/2025\/01\/giftbox.png","datePublished":"2025-01-13T12:33:28+00:00","dateModified":"2026-03-08T15:13:41+00:00","description":"Pack of 3 candles from the new Cer\u00e1mica collection, which embodies our inspiration from the unique volcanic island of Lanzarote. 3x125g coconut wax.","breadcrumb":{"@id":"https:\/\/www.soslow.sk\/obchod\/sviecky\/ceramica-collection\/ceramica-gift-box\/#breadcrumb"},"inLanguage":"en-GB","potentialAction":[{"@type":"ReadAction","target":["https:\/\/www.soslow.sk\/obchod\/sviecky\/ceramica-collection\/ceramica-gift-box\/"]}]},{"@type":"ImageObject","inLanguage":"en-GB","@id":"https:\/\/www.soslow.sk\/obchod\/sviecky\/ceramica-collection\/ceramica-gift-box\/#primaryimage","url":"https:\/\/www.soslow.sk\/wp-content\/uploads\/2025\/01\/giftbox.png","contentUrl":"https:\/\/www.soslow.sk\/wp-content\/uploads\/2025\/01\/giftbox.png","width":1667,"height":1569},{"@type":"BreadcrumbList","@id":"https:\/\/www.soslow.sk\/obchod\/sviecky\/ceramica-collection\/ceramica-gift-box\/#breadcrumb","itemListElement":[{"@type":"ListItem","position":1,"name":"Domovsk\u00e1 str\u00e1nka","item":"https:\/\/www.soslow.sk\/"},{"@type":"ListItem","position":2,"name":"Obchod","item":"https:\/\/www.soslow.sk\/obchod\/"},{"@type":"ListItem","position":3,"name":"Cer\u00e1mica gift box"}]},{"@type":"WebSite","@id":"https:\/\/www.soslow.sk\/#website","url":"https:\/\/www.soslow.sk\/","name":"SO.SLOW","description":"made better","publisher":{"@id":"https:\/\/www.soslow.sk\/#organization"},"potentialAction":[{"@type":"SearchAction","target":{"@type":"EntryPoint","urlTemplate":"https:\/\/www.soslow.sk\/?s={search_term_string}"},"query-input":{"@type":"PropertyValueSpecification","valueRequired":true,"valueName":"search_term_string"}}],"inLanguage":"en-GB"},{"@type":"Organization","@id":"https:\/\/www.soslow.sk\/#organization","name":"SoSlow","url":"https:\/\/www.soslow.sk\/","logo":{"@type":"ImageObject","inLanguage":"en-GB","@id":"https:\/\/www.soslow.sk\/#\/schema\/logo\/image\/","url":"https:\/\/www.soslow.sk\/wp-content\/uploads\/2025\/01\/so.slow_.png","contentUrl":"https:\/\/www.soslow.sk\/wp-content\/uploads\/2025\/01\/so.slow_.png","width":1772,"height":412,"caption":"SoSlow"},"image":{"@id":"https:\/\/www.soslow.sk\/#\/schema\/logo\/image\/"},"sameAs":["https:\/\/www.instagram.com\/so.slowproducts"]}]}},"_links":{"self":[{"href":"https:\/\/www.soslow.sk\/en\/wp-json\/wp\/v2\/product\/1733","targetHints":{"allow":["GET"]}}],"collection":[{"href":"https:\/\/www.soslow.sk\/en\/wp-json\/wp\/v2\/product"}],"about":[{"href":"https:\/\/www.soslow.sk\/en\/wp-json\/wp\/v2\/types\/product"}],"replies":[{"embeddable":true,"href":"https:\/\/www.soslow.sk\/en\/wp-json\/wp\/v2\/comments?post=1733"}],"wp:featuredmedia":[{"embeddable":true,"href":"https:\/\/www.soslow.sk\/en\/wp-json\/wp\/v2\/media\/3291"}],"wp:attachment":[{"href":"https:\/\/www.soslow.sk\/en\/wp-json\/wp\/v2\/media?parent=1733"}],"wp:term":[{"taxonomy":"product_brand","embeddable":true,"href":"https:\/\/www.soslow.sk\/en\/wp-json\/wp\/v2\/product_brand?post=1733"},{"taxonomy":"product_cat","embeddable":true,"href":"https:\/\/www.soslow.sk\/en\/wp-json\/wp\/v2\/product_cat?post=1733"},{"taxonomy":"product_tag","embeddable":true,"href":"https:\/\/www.soslow.sk\/en\/wp-json\/wp\/v2\/product_tag?post=1733"}],"curies":[{"name":"wp","href":"https:\/\/api.w.org\/{rel}","templated":true}]}}