{"id":211,"date":"2024-10-30T09:34:52","date_gmt":"2024-10-30T09:34:52","guid":{"rendered":"https:\/\/staging.soslow.sk\/?post_type=product&#038;p=211"},"modified":"2025-11-04T09:38:34","modified_gmt":"2025-11-04T08:38:34","slug":"lemon-balm","status":"publish","type":"product","link":"https:\/\/www.soslow.sk\/en\/obchod\/sviecky\/new-basic\/lemon-balm\/","title":{"rendered":"Lemon Balm"},"content":{"rendered":"<p>Fragrance: lemon balm blend<\/p>\n<p>Organic cotton wick<\/p>\n<p>Wax: soy<\/p>\n<p>Wax weight: 200g<\/p>\n<p>Burning time: 40-50 hours<\/p>\n<p>Material: glass<\/p>\n<p>Lid: aluminum, rubber for secure closure<\/p>\n<p>Packaging: 350gsm cotton bag<\/p>\n<p>Made in Bratislava\/Slovakia<\/p>\n<p>&nbsp;<\/p>","protected":false},"excerpt":{"rendered":"<p>Lemon balm is one of the most powerful healing essential oils. It has a beneficial effect on memory, reduces anxiety, calms and improves mood. It has a pleasant, sweet, herbal aroma.<\/p>\n<p>&nbsp;<\/p>","protected":false},"featured_media":3410,"comment_status":"open","ping_status":"closed","template":"","meta":{"_monsterinsights_skip_tracking":false,"_monsterinsights_sitenote_active":false,"_monsterinsights_sitenote_note":"","_monsterinsights_sitenote_category":0},"product_brand":[],"product_cat":[51,23],"product_tag":[],"class_list":{"0":"post-211","1":"product","2":"type-product","3":"status-publish","4":"has-post-thumbnail","6":"product_cat-new-basic","7":"product_cat-sviecky","9":"first","10":"instock","11":"taxable","12":"shipping-taxable","13":"purchasable","14":"product-type-simple"},"yoast_head":"<!-- This site is optimized with the Yoast SEO plugin v27.5 - https:\/\/yoast.com\/product\/yoast-seo-wordpress\/ -->\n<title>Lemon Balm - SO.SLOW<\/title>\n<meta name=\"robots\" content=\"index, follow, max-snippet:-1, max-image-preview:large, max-video-preview:-1\" \/>\n<link rel=\"canonical\" href=\"https:\/\/www.soslow.sk\/en\/obchod\/sviecky\/new-basic\/lemon-balm\/\" \/>\n<meta property=\"og:locale\" content=\"en_GB\" \/>\n<meta property=\"og:type\" content=\"article\" \/>\n<meta property=\"og:title\" content=\"Lemon Balm - SO.SLOW\" \/>\n<meta property=\"og:description\" content=\"Medovka patr\u00ed medzi najsilnej\u0161ie lie\u010div\u00e9 esenci\u00e1lne oleje. Blahod\u00e1rne p\u00f4sob\u00ed na pam\u00e4\u0165, zni\u017euje \u00fazkos\u0165, upokojuje a zlep\u0161uje n\u00e1ladu. M\u00e1 pr\u00edjemn\u00fa, sladk\u00fa, bylinn\u00fa ar\u00f3mu.  &nbsp;\" \/>\n<meta property=\"og:url\" content=\"https:\/\/www.soslow.sk\/en\/obchod\/sviecky\/new-basic\/lemon-balm\/\" \/>\n<meta property=\"og:site_name\" content=\"SO.SLOW\" \/>\n<meta property=\"article:modified_time\" content=\"2025-11-04T08:38:34+00:00\" \/>\n<meta property=\"og:image\" content=\"https:\/\/www.soslow.sk\/wp-content\/uploads\/2025\/10\/LKN2270-copy-2-scaled.png\" \/>\n\t<meta property=\"og:image:width\" content=\"1707\" \/>\n\t<meta property=\"og:image:height\" content=\"2560\" \/>\n\t<meta property=\"og:image:type\" content=\"image\/png\" \/>\n<meta name=\"twitter:card\" content=\"summary_large_image\" \/>\n<meta name=\"twitter:label1\" content=\"Estimated reading time\" \/>\n\t<meta name=\"twitter:data1\" content=\"1 minute\" \/>\n<script type=\"application\/ld+json\" class=\"yoast-schema-graph\">{\"@context\":\"https:\\\/\\\/schema.org\",\"@graph\":[{\"@type\":\"WebPage\",\"@id\":\"https:\\\/\\\/www.soslow.sk\\\/obchod\\\/sviecky\\\/new-basic\\\/lemon-balm\\\/\",\"url\":\"https:\\\/\\\/www.soslow.sk\\\/obchod\\\/sviecky\\\/new-basic\\\/lemon-balm\\\/\",\"name\":\"Lemon Balm - SO.SLOW\",\"isPartOf\":{\"@id\":\"https:\\\/\\\/www.soslow.sk\\\/#website\"},\"primaryImageOfPage\":{\"@id\":\"https:\\\/\\\/www.soslow.sk\\\/obchod\\\/sviecky\\\/new-basic\\\/lemon-balm\\\/#primaryimage\"},\"image\":{\"@id\":\"https:\\\/\\\/www.soslow.sk\\\/obchod\\\/sviecky\\\/new-basic\\\/lemon-balm\\\/#primaryimage\"},\"thumbnailUrl\":\"https:\\\/\\\/www.soslow.sk\\\/wp-content\\\/uploads\\\/2025\\\/10\\\/LKN2270-copy-2-scaled.png\",\"datePublished\":\"2024-10-30T09:34:52+00:00\",\"dateModified\":\"2025-11-04T08:38:34+00:00\",\"breadcrumb\":{\"@id\":\"https:\\\/\\\/www.soslow.sk\\\/obchod\\\/sviecky\\\/new-basic\\\/lemon-balm\\\/#breadcrumb\"},\"inLanguage\":\"en-GB\",\"potentialAction\":[{\"@type\":\"ReadAction\",\"target\":[\"https:\\\/\\\/www.soslow.sk\\\/obchod\\\/sviecky\\\/new-basic\\\/lemon-balm\\\/\"]}]},{\"@type\":\"ImageObject\",\"inLanguage\":\"en-GB\",\"@id\":\"https:\\\/\\\/www.soslow.sk\\\/obchod\\\/sviecky\\\/new-basic\\\/lemon-balm\\\/#primaryimage\",\"url\":\"https:\\\/\\\/www.soslow.sk\\\/wp-content\\\/uploads\\\/2025\\\/10\\\/LKN2270-copy-2-scaled.png\",\"contentUrl\":\"https:\\\/\\\/www.soslow.sk\\\/wp-content\\\/uploads\\\/2025\\\/10\\\/LKN2270-copy-2-scaled.png\",\"width\":1707,\"height\":2560},{\"@type\":\"BreadcrumbList\",\"@id\":\"https:\\\/\\\/www.soslow.sk\\\/obchod\\\/sviecky\\\/new-basic\\\/lemon-balm\\\/#breadcrumb\",\"itemListElement\":[{\"@type\":\"ListItem\",\"position\":1,\"name\":\"Domovsk\u00e1 str\u00e1nka\",\"item\":\"https:\\\/\\\/www.soslow.sk\\\/\"},{\"@type\":\"ListItem\",\"position\":2,\"name\":\"Obchod\",\"item\":\"https:\\\/\\\/www.soslow.sk\\\/obchod\\\/\"},{\"@type\":\"ListItem\",\"position\":3,\"name\":\"Lemon Balm\"}]},{\"@type\":\"WebSite\",\"@id\":\"https:\\\/\\\/www.soslow.sk\\\/#website\",\"url\":\"https:\\\/\\\/www.soslow.sk\\\/\",\"name\":\"SO.SLOW\",\"description\":\"made better\",\"publisher\":{\"@id\":\"https:\\\/\\\/www.soslow.sk\\\/#organization\"},\"potentialAction\":[{\"@type\":\"SearchAction\",\"target\":{\"@type\":\"EntryPoint\",\"urlTemplate\":\"https:\\\/\\\/www.soslow.sk\\\/?s={search_term_string}\"},\"query-input\":{\"@type\":\"PropertyValueSpecification\",\"valueRequired\":true,\"valueName\":\"search_term_string\"}}],\"inLanguage\":\"en-GB\"},{\"@type\":\"Organization\",\"@id\":\"https:\\\/\\\/www.soslow.sk\\\/#organization\",\"name\":\"SoSlow\",\"url\":\"https:\\\/\\\/www.soslow.sk\\\/\",\"logo\":{\"@type\":\"ImageObject\",\"inLanguage\":\"en-GB\",\"@id\":\"https:\\\/\\\/www.soslow.sk\\\/#\\\/schema\\\/logo\\\/image\\\/\",\"url\":\"https:\\\/\\\/www.soslow.sk\\\/wp-content\\\/uploads\\\/2025\\\/01\\\/so.slow_.png\",\"contentUrl\":\"https:\\\/\\\/www.soslow.sk\\\/wp-content\\\/uploads\\\/2025\\\/01\\\/so.slow_.png\",\"width\":1772,\"height\":412,\"caption\":\"SoSlow\"},\"image\":{\"@id\":\"https:\\\/\\\/www.soslow.sk\\\/#\\\/schema\\\/logo\\\/image\\\/\"},\"sameAs\":[\"https:\\\/\\\/www.instagram.com\\\/so.slowproducts\"]}]}<\/script>\n<!-- \/ Yoast SEO plugin. -->","yoast_head_json":{"title":"Lemon Balm - SO.SLOW","robots":{"index":"index","follow":"follow","max-snippet":"max-snippet:-1","max-image-preview":"max-image-preview:large","max-video-preview":"max-video-preview:-1"},"canonical":"https:\/\/www.soslow.sk\/en\/obchod\/sviecky\/new-basic\/lemon-balm\/","og_locale":"en_GB","og_type":"article","og_title":"Lemon Balm - SO.SLOW","og_description":"Medovka patr\u00ed medzi najsilnej\u0161ie lie\u010div\u00e9 esenci\u00e1lne oleje. Blahod\u00e1rne p\u00f4sob\u00ed na pam\u00e4\u0165, zni\u017euje \u00fazkos\u0165, upokojuje a zlep\u0161uje n\u00e1ladu. M\u00e1 pr\u00edjemn\u00fa, sladk\u00fa, bylinn\u00fa ar\u00f3mu.  &nbsp;","og_url":"https:\/\/www.soslow.sk\/en\/obchod\/sviecky\/new-basic\/lemon-balm\/","og_site_name":"SO.SLOW","article_modified_time":"2025-11-04T08:38:34+00:00","og_image":[{"width":1707,"height":2560,"url":"https:\/\/www.soslow.sk\/wp-content\/uploads\/2025\/10\/LKN2270-copy-2-scaled.png","type":"image\/png"}],"twitter_card":"summary_large_image","twitter_misc":{"Estimated reading time":"1 minute"},"schema":{"@context":"https:\/\/schema.org","@graph":[{"@type":"WebPage","@id":"https:\/\/www.soslow.sk\/obchod\/sviecky\/new-basic\/lemon-balm\/","url":"https:\/\/www.soslow.sk\/obchod\/sviecky\/new-basic\/lemon-balm\/","name":"Lemon Balm - SO.SLOW","isPartOf":{"@id":"https:\/\/www.soslow.sk\/#website"},"primaryImageOfPage":{"@id":"https:\/\/www.soslow.sk\/obchod\/sviecky\/new-basic\/lemon-balm\/#primaryimage"},"image":{"@id":"https:\/\/www.soslow.sk\/obchod\/sviecky\/new-basic\/lemon-balm\/#primaryimage"},"thumbnailUrl":"https:\/\/www.soslow.sk\/wp-content\/uploads\/2025\/10\/LKN2270-copy-2-scaled.png","datePublished":"2024-10-30T09:34:52+00:00","dateModified":"2025-11-04T08:38:34+00:00","breadcrumb":{"@id":"https:\/\/www.soslow.sk\/obchod\/sviecky\/new-basic\/lemon-balm\/#breadcrumb"},"inLanguage":"en-GB","potentialAction":[{"@type":"ReadAction","target":["https:\/\/www.soslow.sk\/obchod\/sviecky\/new-basic\/lemon-balm\/"]}]},{"@type":"ImageObject","inLanguage":"en-GB","@id":"https:\/\/www.soslow.sk\/obchod\/sviecky\/new-basic\/lemon-balm\/#primaryimage","url":"https:\/\/www.soslow.sk\/wp-content\/uploads\/2025\/10\/LKN2270-copy-2-scaled.png","contentUrl":"https:\/\/www.soslow.sk\/wp-content\/uploads\/2025\/10\/LKN2270-copy-2-scaled.png","width":1707,"height":2560},{"@type":"BreadcrumbList","@id":"https:\/\/www.soslow.sk\/obchod\/sviecky\/new-basic\/lemon-balm\/#breadcrumb","itemListElement":[{"@type":"ListItem","position":1,"name":"Domovsk\u00e1 str\u00e1nka","item":"https:\/\/www.soslow.sk\/"},{"@type":"ListItem","position":2,"name":"Obchod","item":"https:\/\/www.soslow.sk\/obchod\/"},{"@type":"ListItem","position":3,"name":"Lemon Balm"}]},{"@type":"WebSite","@id":"https:\/\/www.soslow.sk\/#website","url":"https:\/\/www.soslow.sk\/","name":"SO.SLOW","description":"made better","publisher":{"@id":"https:\/\/www.soslow.sk\/#organization"},"potentialAction":[{"@type":"SearchAction","target":{"@type":"EntryPoint","urlTemplate":"https:\/\/www.soslow.sk\/?s={search_term_string}"},"query-input":{"@type":"PropertyValueSpecification","valueRequired":true,"valueName":"search_term_string"}}],"inLanguage":"en-GB"},{"@type":"Organization","@id":"https:\/\/www.soslow.sk\/#organization","name":"SoSlow","url":"https:\/\/www.soslow.sk\/","logo":{"@type":"ImageObject","inLanguage":"en-GB","@id":"https:\/\/www.soslow.sk\/#\/schema\/logo\/image\/","url":"https:\/\/www.soslow.sk\/wp-content\/uploads\/2025\/01\/so.slow_.png","contentUrl":"https:\/\/www.soslow.sk\/wp-content\/uploads\/2025\/01\/so.slow_.png","width":1772,"height":412,"caption":"SoSlow"},"image":{"@id":"https:\/\/www.soslow.sk\/#\/schema\/logo\/image\/"},"sameAs":["https:\/\/www.instagram.com\/so.slowproducts"]}]}},"_links":{"self":[{"href":"https:\/\/www.soslow.sk\/en\/wp-json\/wp\/v2\/product\/211","targetHints":{"allow":["GET"]}}],"collection":[{"href":"https:\/\/www.soslow.sk\/en\/wp-json\/wp\/v2\/product"}],"about":[{"href":"https:\/\/www.soslow.sk\/en\/wp-json\/wp\/v2\/types\/product"}],"replies":[{"embeddable":true,"href":"https:\/\/www.soslow.sk\/en\/wp-json\/wp\/v2\/comments?post=211"}],"wp:featuredmedia":[{"embeddable":true,"href":"https:\/\/www.soslow.sk\/en\/wp-json\/wp\/v2\/media\/3410"}],"wp:attachment":[{"href":"https:\/\/www.soslow.sk\/en\/wp-json\/wp\/v2\/media?parent=211"}],"wp:term":[{"taxonomy":"product_brand","embeddable":true,"href":"https:\/\/www.soslow.sk\/en\/wp-json\/wp\/v2\/product_brand?post=211"},{"taxonomy":"product_cat","embeddable":true,"href":"https:\/\/www.soslow.sk\/en\/wp-json\/wp\/v2\/product_cat?post=211"},{"taxonomy":"product_tag","embeddable":true,"href":"https:\/\/www.soslow.sk\/en\/wp-json\/wp\/v2\/product_tag?post=211"}],"curies":[{"name":"wp","href":"https:\/\/api.w.org\/{rel}","templated":true}]}}