{"id":2583,"date":"2025-02-04T15:26:22","date_gmt":"2025-02-04T14:26:22","guid":{"rendered":"https:\/\/www.soslow.sk\/?post_type=product&#038;p=2583"},"modified":"2026-03-13T10:29:15","modified_gmt":"2026-03-13T09:29:15","slug":"tuja-ambra-koriander","status":"publish","type":"product","link":"https:\/\/www.soslow.sk\/en\/obchod\/sviecky\/thrifted-vessels-candle-collection\/tuja-ambra-koriander\/","title":{"rendered":"THUJA, AMBER, CORIANDER"},"content":{"rendered":"<p>Wax: soy wax<\/p>\n<p>Wax weight: 300g<\/p>\n<p>Burning time: 50-60 hours<\/p>\n<p>Organic cotton wick<\/p>\n<p>Material: recycled ceramic<\/p>\n<p>Made in Bratislava\/Slovakia<\/p>\n<p>The color of the container may vary slightly from the photo.<\/p>\n<p>Shining light on sustainability with this old-new project of ours. These candles are even more special as they are poured in thrifted vessels, giving new life to pre-loved treasures. Join us on our journey to a conscious lifestyle and decorate your space in an elegant and sustainable way.<\/p>","protected":false},"excerpt":{"rendered":"<p>Fragrance: thuja \u2013 coriander \u2013 ambergris<\/p>\n<div class=\"flex items-end\">\n<div class=\"flex items-center empty:hidden\">\n<div class=\"relative flex\"><\/div>\n<div class=\"relative flex\"><\/div>\n<div class=\"relative flex\"><\/div>\n<div class=\"relative flex\"><\/div>\n<div class=\"relative flex\"><\/div>\n<\/div>\n<\/div>","protected":false},"featured_media":4190,"comment_status":"open","ping_status":"closed","template":"","meta":{"_monsterinsights_skip_tracking":false,"_monsterinsights_sitenote_active":false,"_monsterinsights_sitenote_note":"","_monsterinsights_sitenote_category":0},"product_brand":[],"product_cat":[23,44],"product_tag":[],"class_list":{"0":"post-2583","1":"product","2":"type-product","3":"status-publish","4":"has-post-thumbnail","6":"product_cat-sviecky","7":"product_cat-thrifted-vessels-candle-collection","9":"first","10":"instock","11":"taxable","12":"shipping-taxable","13":"purchasable","14":"product-type-simple"},"yoast_head":"<!-- This site is optimized with the Yoast SEO plugin v27.4 - https:\/\/yoast.com\/product\/yoast-seo-wordpress\/ -->\n<title>T\u00daJA, AMBRA, KORIANDER - SO.SLOW<\/title>\n<meta name=\"robots\" content=\"index, follow, max-snippet:-1, max-image-preview:large, max-video-preview:-1\" \/>\n<link rel=\"canonical\" href=\"https:\/\/www.soslow.sk\/en\/obchod\/sviecky\/thrifted-vessels-candle-collection\/tuja-ambra-koriander\/\" \/>\n<meta property=\"og:locale\" content=\"en_GB\" \/>\n<meta property=\"og:type\" content=\"article\" \/>\n<meta property=\"og:title\" content=\"T\u00daJA, AMBRA, KORIANDER - SO.SLOW\" \/>\n<meta property=\"og:description\" content=\"V\u00f4\u0148a: t\u00faja - koriander - ambra\" \/>\n<meta property=\"og:url\" content=\"https:\/\/www.soslow.sk\/en\/obchod\/sviecky\/thrifted-vessels-candle-collection\/tuja-ambra-koriander\/\" \/>\n<meta property=\"og:site_name\" content=\"SO.SLOW\" \/>\n<meta property=\"article:modified_time\" content=\"2026-03-13T09:29:15+00:00\" \/>\n<meta property=\"og:image\" content=\"https:\/\/www.soslow.sk\/wp-content\/uploads\/2025\/03\/vintage4.png\" \/>\n\t<meta property=\"og:image:width\" content=\"1667\" \/>\n\t<meta property=\"og:image:height\" content=\"1569\" \/>\n\t<meta property=\"og:image:type\" content=\"image\/png\" \/>\n<meta name=\"twitter:card\" content=\"summary_large_image\" \/>\n<meta name=\"twitter:label1\" content=\"Estimated reading time\" \/>\n\t<meta name=\"twitter:data1\" content=\"1 minute\" \/>\n<script type=\"application\/ld+json\" class=\"yoast-schema-graph\">{\"@context\":\"https:\\\/\\\/schema.org\",\"@graph\":[{\"@type\":\"WebPage\",\"@id\":\"https:\\\/\\\/www.soslow.sk\\\/obchod\\\/sviecky\\\/thrifted-vessels-candle-collection\\\/tuja-ambra-koriander\\\/\",\"url\":\"https:\\\/\\\/www.soslow.sk\\\/obchod\\\/sviecky\\\/thrifted-vessels-candle-collection\\\/tuja-ambra-koriander\\\/\",\"name\":\"T\u00daJA, AMBRA, KORIANDER - SO.SLOW\",\"isPartOf\":{\"@id\":\"https:\\\/\\\/www.soslow.sk\\\/#website\"},\"primaryImageOfPage\":{\"@id\":\"https:\\\/\\\/www.soslow.sk\\\/obchod\\\/sviecky\\\/thrifted-vessels-candle-collection\\\/tuja-ambra-koriander\\\/#primaryimage\"},\"image\":{\"@id\":\"https:\\\/\\\/www.soslow.sk\\\/obchod\\\/sviecky\\\/thrifted-vessels-candle-collection\\\/tuja-ambra-koriander\\\/#primaryimage\"},\"thumbnailUrl\":\"https:\\\/\\\/www.soslow.sk\\\/wp-content\\\/uploads\\\/2025\\\/03\\\/vintage4.png\",\"datePublished\":\"2025-02-04T14:26:22+00:00\",\"dateModified\":\"2026-03-13T09:29:15+00:00\",\"breadcrumb\":{\"@id\":\"https:\\\/\\\/www.soslow.sk\\\/obchod\\\/sviecky\\\/thrifted-vessels-candle-collection\\\/tuja-ambra-koriander\\\/#breadcrumb\"},\"inLanguage\":\"en-GB\",\"potentialAction\":[{\"@type\":\"ReadAction\",\"target\":[\"https:\\\/\\\/www.soslow.sk\\\/obchod\\\/sviecky\\\/thrifted-vessels-candle-collection\\\/tuja-ambra-koriander\\\/\"]}]},{\"@type\":\"ImageObject\",\"inLanguage\":\"en-GB\",\"@id\":\"https:\\\/\\\/www.soslow.sk\\\/obchod\\\/sviecky\\\/thrifted-vessels-candle-collection\\\/tuja-ambra-koriander\\\/#primaryimage\",\"url\":\"https:\\\/\\\/www.soslow.sk\\\/wp-content\\\/uploads\\\/2025\\\/03\\\/vintage4.png\",\"contentUrl\":\"https:\\\/\\\/www.soslow.sk\\\/wp-content\\\/uploads\\\/2025\\\/03\\\/vintage4.png\",\"width\":1667,\"height\":1569},{\"@type\":\"BreadcrumbList\",\"@id\":\"https:\\\/\\\/www.soslow.sk\\\/obchod\\\/sviecky\\\/thrifted-vessels-candle-collection\\\/tuja-ambra-koriander\\\/#breadcrumb\",\"itemListElement\":[{\"@type\":\"ListItem\",\"position\":1,\"name\":\"Domovsk\u00e1 str\u00e1nka\",\"item\":\"https:\\\/\\\/www.soslow.sk\\\/\"},{\"@type\":\"ListItem\",\"position\":2,\"name\":\"Obchod\",\"item\":\"https:\\\/\\\/www.soslow.sk\\\/obchod\\\/\"},{\"@type\":\"ListItem\",\"position\":3,\"name\":\"T\u00daJA, AMBRA, KORIANDER\"}]},{\"@type\":\"WebSite\",\"@id\":\"https:\\\/\\\/www.soslow.sk\\\/#website\",\"url\":\"https:\\\/\\\/www.soslow.sk\\\/\",\"name\":\"SO.SLOW\",\"description\":\"made better\",\"publisher\":{\"@id\":\"https:\\\/\\\/www.soslow.sk\\\/#organization\"},\"potentialAction\":[{\"@type\":\"SearchAction\",\"target\":{\"@type\":\"EntryPoint\",\"urlTemplate\":\"https:\\\/\\\/www.soslow.sk\\\/?s={search_term_string}\"},\"query-input\":{\"@type\":\"PropertyValueSpecification\",\"valueRequired\":true,\"valueName\":\"search_term_string\"}}],\"inLanguage\":\"en-GB\"},{\"@type\":\"Organization\",\"@id\":\"https:\\\/\\\/www.soslow.sk\\\/#organization\",\"name\":\"SoSlow\",\"url\":\"https:\\\/\\\/www.soslow.sk\\\/\",\"logo\":{\"@type\":\"ImageObject\",\"inLanguage\":\"en-GB\",\"@id\":\"https:\\\/\\\/www.soslow.sk\\\/#\\\/schema\\\/logo\\\/image\\\/\",\"url\":\"https:\\\/\\\/www.soslow.sk\\\/wp-content\\\/uploads\\\/2025\\\/01\\\/so.slow_.png\",\"contentUrl\":\"https:\\\/\\\/www.soslow.sk\\\/wp-content\\\/uploads\\\/2025\\\/01\\\/so.slow_.png\",\"width\":1772,\"height\":412,\"caption\":\"SoSlow\"},\"image\":{\"@id\":\"https:\\\/\\\/www.soslow.sk\\\/#\\\/schema\\\/logo\\\/image\\\/\"},\"sameAs\":[\"https:\\\/\\\/www.instagram.com\\\/so.slowproducts\"]}]}<\/script>\n<!-- \/ Yoast SEO plugin. -->","yoast_head_json":{"title":"T\u00daJA, AMBER, CORIANDER - SO.SLOW","robots":{"index":"index","follow":"follow","max-snippet":"max-snippet:-1","max-image-preview":"max-image-preview:large","max-video-preview":"max-video-preview:-1"},"canonical":"https:\/\/www.soslow.sk\/en\/obchod\/sviecky\/thrifted-vessels-candle-collection\/tuja-ambra-koriander\/","og_locale":"en_GB","og_type":"article","og_title":"T\u00daJA, AMBRA, KORIANDER - SO.SLOW","og_description":"V\u00f4\u0148a: t\u00faja - koriander - ambra","og_url":"https:\/\/www.soslow.sk\/en\/obchod\/sviecky\/thrifted-vessels-candle-collection\/tuja-ambra-koriander\/","og_site_name":"SO.SLOW","article_modified_time":"2026-03-13T09:29:15+00:00","og_image":[{"width":1667,"height":1569,"url":"https:\/\/www.soslow.sk\/wp-content\/uploads\/2025\/03\/vintage4.png","type":"image\/png"}],"twitter_card":"summary_large_image","twitter_misc":{"Estimated reading time":"1 minute"},"schema":{"@context":"https:\/\/schema.org","@graph":[{"@type":"WebPage","@id":"https:\/\/www.soslow.sk\/obchod\/sviecky\/thrifted-vessels-candle-collection\/tuja-ambra-koriander\/","url":"https:\/\/www.soslow.sk\/obchod\/sviecky\/thrifted-vessels-candle-collection\/tuja-ambra-koriander\/","name":"T\u00daJA, AMBER, CORIANDER - SO.SLOW","isPartOf":{"@id":"https:\/\/www.soslow.sk\/#website"},"primaryImageOfPage":{"@id":"https:\/\/www.soslow.sk\/obchod\/sviecky\/thrifted-vessels-candle-collection\/tuja-ambra-koriander\/#primaryimage"},"image":{"@id":"https:\/\/www.soslow.sk\/obchod\/sviecky\/thrifted-vessels-candle-collection\/tuja-ambra-koriander\/#primaryimage"},"thumbnailUrl":"https:\/\/www.soslow.sk\/wp-content\/uploads\/2025\/03\/vintage4.png","datePublished":"2025-02-04T14:26:22+00:00","dateModified":"2026-03-13T09:29:15+00:00","breadcrumb":{"@id":"https:\/\/www.soslow.sk\/obchod\/sviecky\/thrifted-vessels-candle-collection\/tuja-ambra-koriander\/#breadcrumb"},"inLanguage":"en-GB","potentialAction":[{"@type":"ReadAction","target":["https:\/\/www.soslow.sk\/obchod\/sviecky\/thrifted-vessels-candle-collection\/tuja-ambra-koriander\/"]}]},{"@type":"ImageObject","inLanguage":"en-GB","@id":"https:\/\/www.soslow.sk\/obchod\/sviecky\/thrifted-vessels-candle-collection\/tuja-ambra-koriander\/#primaryimage","url":"https:\/\/www.soslow.sk\/wp-content\/uploads\/2025\/03\/vintage4.png","contentUrl":"https:\/\/www.soslow.sk\/wp-content\/uploads\/2025\/03\/vintage4.png","width":1667,"height":1569},{"@type":"BreadcrumbList","@id":"https:\/\/www.soslow.sk\/obchod\/sviecky\/thrifted-vessels-candle-collection\/tuja-ambra-koriander\/#breadcrumb","itemListElement":[{"@type":"ListItem","position":1,"name":"Domovsk\u00e1 str\u00e1nka","item":"https:\/\/www.soslow.sk\/"},{"@type":"ListItem","position":2,"name":"Obchod","item":"https:\/\/www.soslow.sk\/obchod\/"},{"@type":"ListItem","position":3,"name":"T\u00daJA, AMBRA, KORIANDER"}]},{"@type":"WebSite","@id":"https:\/\/www.soslow.sk\/#website","url":"https:\/\/www.soslow.sk\/","name":"SO.SLOW","description":"made better","publisher":{"@id":"https:\/\/www.soslow.sk\/#organization"},"potentialAction":[{"@type":"SearchAction","target":{"@type":"EntryPoint","urlTemplate":"https:\/\/www.soslow.sk\/?s={search_term_string}"},"query-input":{"@type":"PropertyValueSpecification","valueRequired":true,"valueName":"search_term_string"}}],"inLanguage":"en-GB"},{"@type":"Organization","@id":"https:\/\/www.soslow.sk\/#organization","name":"SoSlow","url":"https:\/\/www.soslow.sk\/","logo":{"@type":"ImageObject","inLanguage":"en-GB","@id":"https:\/\/www.soslow.sk\/#\/schema\/logo\/image\/","url":"https:\/\/www.soslow.sk\/wp-content\/uploads\/2025\/01\/so.slow_.png","contentUrl":"https:\/\/www.soslow.sk\/wp-content\/uploads\/2025\/01\/so.slow_.png","width":1772,"height":412,"caption":"SoSlow"},"image":{"@id":"https:\/\/www.soslow.sk\/#\/schema\/logo\/image\/"},"sameAs":["https:\/\/www.instagram.com\/so.slowproducts"]}]}},"_links":{"self":[{"href":"https:\/\/www.soslow.sk\/en\/wp-json\/wp\/v2\/product\/2583","targetHints":{"allow":["GET"]}}],"collection":[{"href":"https:\/\/www.soslow.sk\/en\/wp-json\/wp\/v2\/product"}],"about":[{"href":"https:\/\/www.soslow.sk\/en\/wp-json\/wp\/v2\/types\/product"}],"replies":[{"embeddable":true,"href":"https:\/\/www.soslow.sk\/en\/wp-json\/wp\/v2\/comments?post=2583"}],"wp:featuredmedia":[{"embeddable":true,"href":"https:\/\/www.soslow.sk\/en\/wp-json\/wp\/v2\/media\/4190"}],"wp:attachment":[{"href":"https:\/\/www.soslow.sk\/en\/wp-json\/wp\/v2\/media?parent=2583"}],"wp:term":[{"taxonomy":"product_brand","embeddable":true,"href":"https:\/\/www.soslow.sk\/en\/wp-json\/wp\/v2\/product_brand?post=2583"},{"taxonomy":"product_cat","embeddable":true,"href":"https:\/\/www.soslow.sk\/en\/wp-json\/wp\/v2\/product_cat?post=2583"},{"taxonomy":"product_tag","embeddable":true,"href":"https:\/\/www.soslow.sk\/en\/wp-json\/wp\/v2\/product_tag?post=2583"}],"curies":[{"name":"wp","href":"https:\/\/api.w.org\/{rel}","templated":true}]}}