{"id":2819,"date":"2025-04-24T12:50:04","date_gmt":"2025-04-24T10:50:04","guid":{"rendered":"https:\/\/www.soslow.sk\/?post_type=product&#038;p=2819"},"modified":"2025-04-24T15:02:13","modified_gmt":"2025-04-24T13:02:13","slug":"notebook-ii","status":"publish","type":"product","link":"https:\/\/www.soslow.sk\/en\/obchod\/ostatne\/notebook-ii\/","title":{"rendered":"Notebook II"},"content":{"rendered":"<p><span class=\"Y2IQFc\" lang=\"sk\">The inside of our notebooks has several features that make writing a pleasure. The right pages contain a classic ruled page, while the left pages are blank, giving you plenty of space for notes as well as drawings.<\/span><\/p>\n<p>Material: recycled paper<\/p>","protected":false},"excerpt":{"rendered":"<p><span class=\"Y2IQFc\" lang=\"sk\">Our notebooks are the perfect way to take time for yourself and express your creativity. Made from recycled paper, which is smooth and thin, making it perfect for writing or drawing.<\/span><\/p>","protected":false},"featured_media":2812,"comment_status":"open","ping_status":"closed","template":"","meta":{"_monsterinsights_skip_tracking":false,"_monsterinsights_sitenote_active":false,"_monsterinsights_sitenote_note":"","_monsterinsights_sitenote_category":0},"product_brand":[],"product_cat":[50],"product_tag":[],"class_list":{"0":"post-2819","1":"product","2":"type-product","3":"status-publish","4":"has-post-thumbnail","6":"product_cat-ostatne","8":"first","9":"instock","10":"taxable","11":"shipping-taxable","12":"purchasable","13":"product-type-simple"},"yoast_head":"<!-- This site is optimized with the Yoast SEO plugin v27.5 - https:\/\/yoast.com\/product\/yoast-seo-wordpress\/ -->\n<title>Notebook II - SO.SLOW<\/title>\n<meta name=\"description\" content=\"Na\u0161e notebooks s\u00fa dokonal\u00fdm sp\u00f4sobom, ako si n\u00e1js\u0165 \u010das pre seba a prejavi\u0165 svoju kreativitu. Vyroben\u00e9 z recyklovan\u00e9ho papiera.\" \/>\n<meta name=\"robots\" content=\"index, follow, max-snippet:-1, max-image-preview:large, max-video-preview:-1\" \/>\n<link rel=\"canonical\" href=\"https:\/\/www.soslow.sk\/en\/obchod\/ostatne\/notebook-ii\/\" \/>\n<meta property=\"og:locale\" content=\"en_GB\" \/>\n<meta property=\"og:type\" content=\"article\" \/>\n<meta property=\"og:title\" content=\"Notebook II - SO.SLOW\" \/>\n<meta property=\"og:description\" content=\"Na\u0161e notebooks s\u00fa dokonal\u00fdm sp\u00f4sobom, ako si n\u00e1js\u0165 \u010das pre seba a prejavi\u0165 svoju kreativitu. Vyroben\u00e9 z recyklovan\u00e9ho papiera.\" \/>\n<meta property=\"og:url\" content=\"https:\/\/www.soslow.sk\/en\/obchod\/ostatne\/notebook-ii\/\" \/>\n<meta property=\"og:site_name\" content=\"SO.SLOW\" \/>\n<meta property=\"article:modified_time\" content=\"2025-04-24T13:02:13+00:00\" \/>\n<meta property=\"og:image\" content=\"https:\/\/www.soslow.sk\/wp-content\/uploads\/2025\/04\/png-4-e1745491841811.webp\" \/>\n\t<meta property=\"og:image:width\" content=\"1648\" \/>\n\t<meta property=\"og:image:height\" content=\"2288\" \/>\n\t<meta property=\"og:image:type\" content=\"image\/webp\" \/>\n<meta name=\"twitter:card\" content=\"summary_large_image\" \/>\n<meta name=\"twitter:label1\" content=\"Estimated reading time\" \/>\n\t<meta name=\"twitter:data1\" content=\"1 minute\" \/>\n<script type=\"application\/ld+json\" class=\"yoast-schema-graph\">{\"@context\":\"https:\\\/\\\/schema.org\",\"@graph\":[{\"@type\":\"WebPage\",\"@id\":\"https:\\\/\\\/www.soslow.sk\\\/obchod\\\/ostatne\\\/notebook-ii\\\/\",\"url\":\"https:\\\/\\\/www.soslow.sk\\\/obchod\\\/ostatne\\\/notebook-ii\\\/\",\"name\":\"Notebook II - SO.SLOW\",\"isPartOf\":{\"@id\":\"https:\\\/\\\/www.soslow.sk\\\/#website\"},\"primaryImageOfPage\":{\"@id\":\"https:\\\/\\\/www.soslow.sk\\\/obchod\\\/ostatne\\\/notebook-ii\\\/#primaryimage\"},\"image\":{\"@id\":\"https:\\\/\\\/www.soslow.sk\\\/obchod\\\/ostatne\\\/notebook-ii\\\/#primaryimage\"},\"thumbnailUrl\":\"https:\\\/\\\/www.soslow.sk\\\/wp-content\\\/uploads\\\/2025\\\/04\\\/png-4-e1745491841811.webp\",\"datePublished\":\"2025-04-24T10:50:04+00:00\",\"dateModified\":\"2025-04-24T13:02:13+00:00\",\"description\":\"Na\u0161e notebooks s\u00fa dokonal\u00fdm sp\u00f4sobom, ako si n\u00e1js\u0165 \u010das pre seba a prejavi\u0165 svoju kreativitu. Vyroben\u00e9 z recyklovan\u00e9ho papiera.\",\"breadcrumb\":{\"@id\":\"https:\\\/\\\/www.soslow.sk\\\/obchod\\\/ostatne\\\/notebook-ii\\\/#breadcrumb\"},\"inLanguage\":\"en-GB\",\"potentialAction\":[{\"@type\":\"ReadAction\",\"target\":[\"https:\\\/\\\/www.soslow.sk\\\/obchod\\\/ostatne\\\/notebook-ii\\\/\"]}]},{\"@type\":\"ImageObject\",\"inLanguage\":\"en-GB\",\"@id\":\"https:\\\/\\\/www.soslow.sk\\\/obchod\\\/ostatne\\\/notebook-ii\\\/#primaryimage\",\"url\":\"https:\\\/\\\/www.soslow.sk\\\/wp-content\\\/uploads\\\/2025\\\/04\\\/png-4-e1745491841811.webp\",\"contentUrl\":\"https:\\\/\\\/www.soslow.sk\\\/wp-content\\\/uploads\\\/2025\\\/04\\\/png-4-e1745491841811.webp\",\"width\":1648,\"height\":2288},{\"@type\":\"BreadcrumbList\",\"@id\":\"https:\\\/\\\/www.soslow.sk\\\/obchod\\\/ostatne\\\/notebook-ii\\\/#breadcrumb\",\"itemListElement\":[{\"@type\":\"ListItem\",\"position\":1,\"name\":\"Domovsk\u00e1 str\u00e1nka\",\"item\":\"https:\\\/\\\/www.soslow.sk\\\/\"},{\"@type\":\"ListItem\",\"position\":2,\"name\":\"Obchod\",\"item\":\"https:\\\/\\\/www.soslow.sk\\\/obchod\\\/\"},{\"@type\":\"ListItem\",\"position\":3,\"name\":\"Notebook II\"}]},{\"@type\":\"WebSite\",\"@id\":\"https:\\\/\\\/www.soslow.sk\\\/#website\",\"url\":\"https:\\\/\\\/www.soslow.sk\\\/\",\"name\":\"SO.SLOW\",\"description\":\"made better\",\"publisher\":{\"@id\":\"https:\\\/\\\/www.soslow.sk\\\/#organization\"},\"potentialAction\":[{\"@type\":\"SearchAction\",\"target\":{\"@type\":\"EntryPoint\",\"urlTemplate\":\"https:\\\/\\\/www.soslow.sk\\\/?s={search_term_string}\"},\"query-input\":{\"@type\":\"PropertyValueSpecification\",\"valueRequired\":true,\"valueName\":\"search_term_string\"}}],\"inLanguage\":\"en-GB\"},{\"@type\":\"Organization\",\"@id\":\"https:\\\/\\\/www.soslow.sk\\\/#organization\",\"name\":\"SoSlow\",\"url\":\"https:\\\/\\\/www.soslow.sk\\\/\",\"logo\":{\"@type\":\"ImageObject\",\"inLanguage\":\"en-GB\",\"@id\":\"https:\\\/\\\/www.soslow.sk\\\/#\\\/schema\\\/logo\\\/image\\\/\",\"url\":\"https:\\\/\\\/www.soslow.sk\\\/wp-content\\\/uploads\\\/2025\\\/01\\\/so.slow_.png\",\"contentUrl\":\"https:\\\/\\\/www.soslow.sk\\\/wp-content\\\/uploads\\\/2025\\\/01\\\/so.slow_.png\",\"width\":1772,\"height\":412,\"caption\":\"SoSlow\"},\"image\":{\"@id\":\"https:\\\/\\\/www.soslow.sk\\\/#\\\/schema\\\/logo\\\/image\\\/\"},\"sameAs\":[\"https:\\\/\\\/www.instagram.com\\\/so.slowproducts\"]}]}<\/script>\n<!-- \/ Yoast SEO plugin. -->","yoast_head_json":{"title":"Notebook II - SO.SLOW","description":"Our notebooks are the perfect way to find time for yourself and express your creativity. Made from recycled paper.","robots":{"index":"index","follow":"follow","max-snippet":"max-snippet:-1","max-image-preview":"max-image-preview:large","max-video-preview":"max-video-preview:-1"},"canonical":"https:\/\/www.soslow.sk\/en\/obchod\/ostatne\/notebook-ii\/","og_locale":"en_GB","og_type":"article","og_title":"Notebook II - SO.SLOW","og_description":"Na\u0161e notebooks s\u00fa dokonal\u00fdm sp\u00f4sobom, ako si n\u00e1js\u0165 \u010das pre seba a prejavi\u0165 svoju kreativitu. Vyroben\u00e9 z recyklovan\u00e9ho papiera.","og_url":"https:\/\/www.soslow.sk\/en\/obchod\/ostatne\/notebook-ii\/","og_site_name":"SO.SLOW","article_modified_time":"2025-04-24T13:02:13+00:00","og_image":[{"width":1648,"height":2288,"url":"https:\/\/www.soslow.sk\/wp-content\/uploads\/2025\/04\/png-4-e1745491841811.webp","type":"image\/webp"}],"twitter_card":"summary_large_image","twitter_misc":{"Estimated reading time":"1 minute"},"schema":{"@context":"https:\/\/schema.org","@graph":[{"@type":"WebPage","@id":"https:\/\/www.soslow.sk\/obchod\/ostatne\/notebook-ii\/","url":"https:\/\/www.soslow.sk\/obchod\/ostatne\/notebook-ii\/","name":"Notebook II - SO.SLOW","isPartOf":{"@id":"https:\/\/www.soslow.sk\/#website"},"primaryImageOfPage":{"@id":"https:\/\/www.soslow.sk\/obchod\/ostatne\/notebook-ii\/#primaryimage"},"image":{"@id":"https:\/\/www.soslow.sk\/obchod\/ostatne\/notebook-ii\/#primaryimage"},"thumbnailUrl":"https:\/\/www.soslow.sk\/wp-content\/uploads\/2025\/04\/png-4-e1745491841811.webp","datePublished":"2025-04-24T10:50:04+00:00","dateModified":"2025-04-24T13:02:13+00:00","description":"Our notebooks are the perfect way to find time for yourself and express your creativity. Made from recycled paper.","breadcrumb":{"@id":"https:\/\/www.soslow.sk\/obchod\/ostatne\/notebook-ii\/#breadcrumb"},"inLanguage":"en-GB","potentialAction":[{"@type":"ReadAction","target":["https:\/\/www.soslow.sk\/obchod\/ostatne\/notebook-ii\/"]}]},{"@type":"ImageObject","inLanguage":"en-GB","@id":"https:\/\/www.soslow.sk\/obchod\/ostatne\/notebook-ii\/#primaryimage","url":"https:\/\/www.soslow.sk\/wp-content\/uploads\/2025\/04\/png-4-e1745491841811.webp","contentUrl":"https:\/\/www.soslow.sk\/wp-content\/uploads\/2025\/04\/png-4-e1745491841811.webp","width":1648,"height":2288},{"@type":"BreadcrumbList","@id":"https:\/\/www.soslow.sk\/obchod\/ostatne\/notebook-ii\/#breadcrumb","itemListElement":[{"@type":"ListItem","position":1,"name":"Domovsk\u00e1 str\u00e1nka","item":"https:\/\/www.soslow.sk\/"},{"@type":"ListItem","position":2,"name":"Obchod","item":"https:\/\/www.soslow.sk\/obchod\/"},{"@type":"ListItem","position":3,"name":"Notebook II"}]},{"@type":"WebSite","@id":"https:\/\/www.soslow.sk\/#website","url":"https:\/\/www.soslow.sk\/","name":"SO.SLOW","description":"made better","publisher":{"@id":"https:\/\/www.soslow.sk\/#organization"},"potentialAction":[{"@type":"SearchAction","target":{"@type":"EntryPoint","urlTemplate":"https:\/\/www.soslow.sk\/?s={search_term_string}"},"query-input":{"@type":"PropertyValueSpecification","valueRequired":true,"valueName":"search_term_string"}}],"inLanguage":"en-GB"},{"@type":"Organization","@id":"https:\/\/www.soslow.sk\/#organization","name":"SoSlow","url":"https:\/\/www.soslow.sk\/","logo":{"@type":"ImageObject","inLanguage":"en-GB","@id":"https:\/\/www.soslow.sk\/#\/schema\/logo\/image\/","url":"https:\/\/www.soslow.sk\/wp-content\/uploads\/2025\/01\/so.slow_.png","contentUrl":"https:\/\/www.soslow.sk\/wp-content\/uploads\/2025\/01\/so.slow_.png","width":1772,"height":412,"caption":"SoSlow"},"image":{"@id":"https:\/\/www.soslow.sk\/#\/schema\/logo\/image\/"},"sameAs":["https:\/\/www.instagram.com\/so.slowproducts"]}]}},"_links":{"self":[{"href":"https:\/\/www.soslow.sk\/en\/wp-json\/wp\/v2\/product\/2819","targetHints":{"allow":["GET"]}}],"collection":[{"href":"https:\/\/www.soslow.sk\/en\/wp-json\/wp\/v2\/product"}],"about":[{"href":"https:\/\/www.soslow.sk\/en\/wp-json\/wp\/v2\/types\/product"}],"replies":[{"embeddable":true,"href":"https:\/\/www.soslow.sk\/en\/wp-json\/wp\/v2\/comments?post=2819"}],"wp:featuredmedia":[{"embeddable":true,"href":"https:\/\/www.soslow.sk\/en\/wp-json\/wp\/v2\/media\/2812"}],"wp:attachment":[{"href":"https:\/\/www.soslow.sk\/en\/wp-json\/wp\/v2\/media?parent=2819"}],"wp:term":[{"taxonomy":"product_brand","embeddable":true,"href":"https:\/\/www.soslow.sk\/en\/wp-json\/wp\/v2\/product_brand?post=2819"},{"taxonomy":"product_cat","embeddable":true,"href":"https:\/\/www.soslow.sk\/en\/wp-json\/wp\/v2\/product_cat?post=2819"},{"taxonomy":"product_tag","embeddable":true,"href":"https:\/\/www.soslow.sk\/en\/wp-json\/wp\/v2\/product_tag?post=2819"}],"curies":[{"name":"wp","href":"https:\/\/api.w.org\/{rel}","templated":true}]}}