{"id":3050,"date":"2025-08-05T13:54:48","date_gmt":"2025-08-05T11:54:48","guid":{"rendered":"https:\/\/www.soslow.sk\/?post_type=product&#038;p=3050"},"modified":"2026-04-24T23:25:42","modified_gmt":"2026-04-24T21:25:42","slug":"viktor-tabis-x-so-slow","status":"publish","type":"product","link":"https:\/\/www.soslow.sk\/en\/obchod\/sviecky\/limited-edition-candles\/viktor-tabis-x-so-slow\/","title":{"rendered":"VIKTOR TABI\u0160 x SO.SLOW"},"content":{"rendered":"<h4 data-start=\"142\" data-end=\"197\"><strong data-start=\"145\" data-end=\"195\">Porcelain jewelry box &amp; candle from the Viktor Tabi\u0161 collection Segment 01<\/strong><\/h4>\n<p data-start=\"198\" data-end=\"261\"><strong data-start=\"198\" data-end=\"261\">An object that changes its function. And never loses its value.<\/strong><\/p>\n<p data-start=\"263\" data-end=\"409\"><strong data-start=\"263\" data-end=\"277\">Segment 01<\/strong> it is handmade <strong data-start=\"296\" data-end=\"323\">porcelain jewelry box<\/strong>into which we pour <strong data-start=\"344\" data-end=\"359\">soy wax<\/strong> \u2013 which makes it 2 unique\u00a0<strong data-start=\"391\" data-end=\"408\">scented candles:<\/strong><\/p>\n<ul>\n<li data-start=\"263\" data-end=\"409\">one is in the lid,<\/li>\n<li data-start=\"263\" data-end=\"409\">the second in the jewelry box itself.<\/li>\n<\/ul>\n<p data-start=\"411\" data-end=\"538\">After burning out a candle, the object naturally becomes <strong data-start=\"461\" data-end=\"476\">jewelry box<\/strong> \u2013 a functional design accessory that you can use every day.<\/p>\n<p data-start=\"540\" data-end=\"620\">Designed and manufactured in Slovakia in collaboration with <strong data-start=\"589\" data-end=\"619\">ceramist Viktor Tabi\u0161<\/strong>.<\/p>\n<hr data-start=\"937\" data-end=\"940\" \/>\n<h3 data-start=\"942\" data-end=\"959\"><strong data-start=\"946\" data-end=\"957\">Details<\/strong><\/h3>\n<p data-start=\"960\" data-end=\"1117\">\u2013 Material: porcelain<br data-start=\"980\" data-end=\"983\" \/>\u2013 Wax: 100% soy, hand-cast<br data-start=\"1015\" data-end=\"1018\" \/>\u2013 Fragrance: jasmine \u2013 patchouli \u2013 magnolia\u00a0<br data-start=\"1059\" data-end=\"1062\" \/>\u2013 Wax volume: 170ml\u00a0<br data-start=\"1091\" data-end=\"1094\" \/>\u2013 Made in Slovakia<\/p>\n<hr data-start=\"1119\" data-end=\"1122\" \/>\n<h3 data-start=\"1124\" data-end=\"1142\"><strong data-start=\"1128\" data-end=\"1140\">Use<\/strong><\/h3>\n<p data-start=\"1143\" data-end=\"1326\">After burning the candle, we recommend wiping away any remaining wax with a paper towel or rinsing with warm water and mild soap.<br data-start=\"1262\" data-end=\"1265\" \/>You can then use the object as a full-fledged jewelry box.<\/p>","protected":false},"excerpt":{"rendered":"<h3 data-start=\"627\" data-end=\"662\"><strong data-start=\"631\" data-end=\"662\">Two lives of one object:<\/strong><\/h3>\n<p data-start=\"664\" data-end=\"786\"><strong data-start=\"664\" data-end=\"678\">1. Candle<\/strong><br data-start=\"678\" data-end=\"681\" \/>\u00a0\u2013 hand-poured soy wax<br data-start=\"710\" data-end=\"713\" \/>\u00a0\u2013 gentle, natural scent<br data-start=\"737\" data-end=\"740\" \/>\u00a0\u2013 after burning out, simply clean the inside. Fragrance: geranium \u2013 patchouli \u2013 jasmine \u2013 magnolia.<\/p>\n<p data-start=\"788\" data-end=\"935\"><strong data-start=\"788\" data-end=\"806\">| 2. Jewelry box<\/strong><br data-start=\"806\" data-end=\"809\" \/>\u00a0\u2013 porcelain with a matte finish<br data-start=\"847\" data-end=\"850\" \/>\u00a0\u2013 elegant shape with removable lid<br data-start=\"889\" data-end=\"892\" \/>\u00a0\u2013 ideal for jewelry, trinkets or souvenirs.<\/p>\n<p>&nbsp;<\/p>","protected":false},"featured_media":3408,"comment_status":"open","ping_status":"closed","template":"","meta":{"_monsterinsights_skip_tracking":false,"_monsterinsights_sitenote_active":false,"_monsterinsights_sitenote_note":"","_monsterinsights_sitenote_category":0},"product_brand":[],"product_cat":[35,23],"product_tag":[],"class_list":{"0":"post-3050","1":"product","2":"type-product","3":"status-publish","4":"has-post-thumbnail","6":"product_cat-limited-edition-candles","7":"product_cat-sviecky","9":"first","10":"instock","11":"featured","12":"taxable","13":"shipping-taxable","14":"purchasable","15":"product-type-simple"},"yoast_head":"<!-- This site is optimized with the Yoast SEO plugin v27.5 - https:\/\/yoast.com\/product\/yoast-seo-wordpress\/ -->\n<title>VIKTOR TABI\u0160 x SO.SLOW - SO.SLOW<\/title>\n<meta name=\"description\" content=\"Ru\u010dne vyroben\u00e1 porcel\u00e1nov\u00e1 \u0161perkovnica &amp; svie\u010dka z kolekcie Viktora Tabi\u0161a. Objekt, ktor\u00fd men\u00ed svoju funkciu. A nikdy nestr\u00e1ca hodnotu.\" \/>\n<meta name=\"robots\" content=\"index, follow, max-snippet:-1, max-image-preview:large, max-video-preview:-1\" \/>\n<link rel=\"canonical\" href=\"https:\/\/www.soslow.sk\/en\/obchod\/sviecky\/limited-edition-candles\/viktor-tabis-x-so-slow\/\" \/>\n<meta property=\"og:locale\" content=\"en_GB\" \/>\n<meta property=\"og:type\" content=\"article\" \/>\n<meta property=\"og:title\" content=\"VIKTOR TABI\u0160 x SO.SLOW - SO.SLOW\" \/>\n<meta property=\"og:description\" content=\"Ru\u010dne vyroben\u00e1 porcel\u00e1nov\u00e1 \u0161perkovnica &amp; svie\u010dka z kolekcie Viktora Tabi\u0161a. Objekt, ktor\u00fd men\u00ed svoju funkciu. A nikdy nestr\u00e1ca hodnotu.\" \/>\n<meta property=\"og:url\" content=\"https:\/\/www.soslow.sk\/en\/obchod\/sviecky\/limited-edition-candles\/viktor-tabis-x-so-slow\/\" \/>\n<meta property=\"og:site_name\" content=\"SO.SLOW\" \/>\n<meta property=\"article:modified_time\" content=\"2026-04-24T21:25:42+00:00\" \/>\n<meta property=\"og:image\" content=\"https:\/\/www.soslow.sk\/wp-content\/uploads\/2025\/08\/LKN5059-copy-scaled-copy.png\" \/>\n\t<meta property=\"og:image:width\" content=\"1707\" \/>\n\t<meta property=\"og:image:height\" content=\"2560\" \/>\n\t<meta property=\"og:image:type\" content=\"image\/png\" \/>\n<meta name=\"twitter:card\" content=\"summary_large_image\" \/>\n<meta name=\"twitter:label1\" content=\"Estimated reading time\" \/>\n\t<meta name=\"twitter:data1\" content=\"1 minute\" \/>\n<script type=\"application\/ld+json\" class=\"yoast-schema-graph\">{\"@context\":\"https:\\\/\\\/schema.org\",\"@graph\":[{\"@type\":\"WebPage\",\"@id\":\"https:\\\/\\\/www.soslow.sk\\\/obchod\\\/sviecky\\\/limited-edition-candles\\\/viktor-tabis-x-so-slow\\\/\",\"url\":\"https:\\\/\\\/www.soslow.sk\\\/obchod\\\/sviecky\\\/limited-edition-candles\\\/viktor-tabis-x-so-slow\\\/\",\"name\":\"VIKTOR TABI\u0160 x SO.SLOW - SO.SLOW\",\"isPartOf\":{\"@id\":\"https:\\\/\\\/www.soslow.sk\\\/#website\"},\"primaryImageOfPage\":{\"@id\":\"https:\\\/\\\/www.soslow.sk\\\/obchod\\\/sviecky\\\/limited-edition-candles\\\/viktor-tabis-x-so-slow\\\/#primaryimage\"},\"image\":{\"@id\":\"https:\\\/\\\/www.soslow.sk\\\/obchod\\\/sviecky\\\/limited-edition-candles\\\/viktor-tabis-x-so-slow\\\/#primaryimage\"},\"thumbnailUrl\":\"https:\\\/\\\/www.soslow.sk\\\/wp-content\\\/uploads\\\/2025\\\/08\\\/LKN5059-copy-scaled-copy.png\",\"datePublished\":\"2025-08-05T11:54:48+00:00\",\"dateModified\":\"2026-04-24T21:25:42+00:00\",\"description\":\"Ru\u010dne vyroben\u00e1 porcel\u00e1nov\u00e1 \u0161perkovnica & svie\u010dka z kolekcie Viktora Tabi\u0161a. Objekt, ktor\u00fd men\u00ed svoju funkciu. A nikdy nestr\u00e1ca hodnotu.\",\"breadcrumb\":{\"@id\":\"https:\\\/\\\/www.soslow.sk\\\/obchod\\\/sviecky\\\/limited-edition-candles\\\/viktor-tabis-x-so-slow\\\/#breadcrumb\"},\"inLanguage\":\"en-GB\",\"potentialAction\":[{\"@type\":\"ReadAction\",\"target\":[\"https:\\\/\\\/www.soslow.sk\\\/obchod\\\/sviecky\\\/limited-edition-candles\\\/viktor-tabis-x-so-slow\\\/\"]}]},{\"@type\":\"ImageObject\",\"inLanguage\":\"en-GB\",\"@id\":\"https:\\\/\\\/www.soslow.sk\\\/obchod\\\/sviecky\\\/limited-edition-candles\\\/viktor-tabis-x-so-slow\\\/#primaryimage\",\"url\":\"https:\\\/\\\/www.soslow.sk\\\/wp-content\\\/uploads\\\/2025\\\/08\\\/LKN5059-copy-scaled-copy.png\",\"contentUrl\":\"https:\\\/\\\/www.soslow.sk\\\/wp-content\\\/uploads\\\/2025\\\/08\\\/LKN5059-copy-scaled-copy.png\",\"width\":1707,\"height\":2560},{\"@type\":\"BreadcrumbList\",\"@id\":\"https:\\\/\\\/www.soslow.sk\\\/obchod\\\/sviecky\\\/limited-edition-candles\\\/viktor-tabis-x-so-slow\\\/#breadcrumb\",\"itemListElement\":[{\"@type\":\"ListItem\",\"position\":1,\"name\":\"Domovsk\u00e1 str\u00e1nka\",\"item\":\"https:\\\/\\\/www.soslow.sk\\\/\"},{\"@type\":\"ListItem\",\"position\":2,\"name\":\"Obchod\",\"item\":\"https:\\\/\\\/www.soslow.sk\\\/obchod\\\/\"},{\"@type\":\"ListItem\",\"position\":3,\"name\":\"VIKTOR TABI\u0160 x SO.SLOW\"}]},{\"@type\":\"WebSite\",\"@id\":\"https:\\\/\\\/www.soslow.sk\\\/#website\",\"url\":\"https:\\\/\\\/www.soslow.sk\\\/\",\"name\":\"SO.SLOW\",\"description\":\"made better\",\"publisher\":{\"@id\":\"https:\\\/\\\/www.soslow.sk\\\/#organization\"},\"potentialAction\":[{\"@type\":\"SearchAction\",\"target\":{\"@type\":\"EntryPoint\",\"urlTemplate\":\"https:\\\/\\\/www.soslow.sk\\\/?s={search_term_string}\"},\"query-input\":{\"@type\":\"PropertyValueSpecification\",\"valueRequired\":true,\"valueName\":\"search_term_string\"}}],\"inLanguage\":\"en-GB\"},{\"@type\":\"Organization\",\"@id\":\"https:\\\/\\\/www.soslow.sk\\\/#organization\",\"name\":\"SoSlow\",\"url\":\"https:\\\/\\\/www.soslow.sk\\\/\",\"logo\":{\"@type\":\"ImageObject\",\"inLanguage\":\"en-GB\",\"@id\":\"https:\\\/\\\/www.soslow.sk\\\/#\\\/schema\\\/logo\\\/image\\\/\",\"url\":\"https:\\\/\\\/www.soslow.sk\\\/wp-content\\\/uploads\\\/2025\\\/01\\\/so.slow_.png\",\"contentUrl\":\"https:\\\/\\\/www.soslow.sk\\\/wp-content\\\/uploads\\\/2025\\\/01\\\/so.slow_.png\",\"width\":1772,\"height\":412,\"caption\":\"SoSlow\"},\"image\":{\"@id\":\"https:\\\/\\\/www.soslow.sk\\\/#\\\/schema\\\/logo\\\/image\\\/\"},\"sameAs\":[\"https:\\\/\\\/www.instagram.com\\\/so.slowproducts\"]}]}<\/script>\n<!-- \/ Yoast SEO plugin. -->","yoast_head_json":{"title":"VIKTOR TABI\u0160 x SO.SLOW - SO.SLOW","description":"Ru\u010dne vyroben\u00e1 porcel\u00e1nov\u00e1 \u0161perkovnica & svie\u010dka z kolekcie Viktora Tabi\u0161a. Objekt, ktor\u00fd men\u00ed svoju funkciu. A nikdy nestr\u00e1ca hodnotu.","robots":{"index":"index","follow":"follow","max-snippet":"max-snippet:-1","max-image-preview":"max-image-preview:large","max-video-preview":"max-video-preview:-1"},"canonical":"https:\/\/www.soslow.sk\/en\/obchod\/sviecky\/limited-edition-candles\/viktor-tabis-x-so-slow\/","og_locale":"en_GB","og_type":"article","og_title":"VIKTOR TABI\u0160 x SO.SLOW - SO.SLOW","og_description":"Ru\u010dne vyroben\u00e1 porcel\u00e1nov\u00e1 \u0161perkovnica & svie\u010dka z kolekcie Viktora Tabi\u0161a. Objekt, ktor\u00fd men\u00ed svoju funkciu. A nikdy nestr\u00e1ca hodnotu.","og_url":"https:\/\/www.soslow.sk\/en\/obchod\/sviecky\/limited-edition-candles\/viktor-tabis-x-so-slow\/","og_site_name":"SO.SLOW","article_modified_time":"2026-04-24T21:25:42+00:00","og_image":[{"width":1707,"height":2560,"url":"https:\/\/www.soslow.sk\/wp-content\/uploads\/2025\/08\/LKN5059-copy-scaled-copy.png","type":"image\/png"}],"twitter_card":"summary_large_image","twitter_misc":{"Estimated reading time":"1 minute"},"schema":{"@context":"https:\/\/schema.org","@graph":[{"@type":"WebPage","@id":"https:\/\/www.soslow.sk\/obchod\/sviecky\/limited-edition-candles\/viktor-tabis-x-so-slow\/","url":"https:\/\/www.soslow.sk\/obchod\/sviecky\/limited-edition-candles\/viktor-tabis-x-so-slow\/","name":"VIKTOR TABI\u0160 x SO.SLOW - SO.SLOW","isPartOf":{"@id":"https:\/\/www.soslow.sk\/#website"},"primaryImageOfPage":{"@id":"https:\/\/www.soslow.sk\/obchod\/sviecky\/limited-edition-candles\/viktor-tabis-x-so-slow\/#primaryimage"},"image":{"@id":"https:\/\/www.soslow.sk\/obchod\/sviecky\/limited-edition-candles\/viktor-tabis-x-so-slow\/#primaryimage"},"thumbnailUrl":"https:\/\/www.soslow.sk\/wp-content\/uploads\/2025\/08\/LKN5059-copy-scaled-copy.png","datePublished":"2025-08-05T11:54:48+00:00","dateModified":"2026-04-24T21:25:42+00:00","description":"Ru\u010dne vyroben\u00e1 porcel\u00e1nov\u00e1 \u0161perkovnica & svie\u010dka z kolekcie Viktora Tabi\u0161a. Objekt, ktor\u00fd men\u00ed svoju funkciu. A nikdy nestr\u00e1ca hodnotu.","breadcrumb":{"@id":"https:\/\/www.soslow.sk\/obchod\/sviecky\/limited-edition-candles\/viktor-tabis-x-so-slow\/#breadcrumb"},"inLanguage":"en-GB","potentialAction":[{"@type":"ReadAction","target":["https:\/\/www.soslow.sk\/obchod\/sviecky\/limited-edition-candles\/viktor-tabis-x-so-slow\/"]}]},{"@type":"ImageObject","inLanguage":"en-GB","@id":"https:\/\/www.soslow.sk\/obchod\/sviecky\/limited-edition-candles\/viktor-tabis-x-so-slow\/#primaryimage","url":"https:\/\/www.soslow.sk\/wp-content\/uploads\/2025\/08\/LKN5059-copy-scaled-copy.png","contentUrl":"https:\/\/www.soslow.sk\/wp-content\/uploads\/2025\/08\/LKN5059-copy-scaled-copy.png","width":1707,"height":2560},{"@type":"BreadcrumbList","@id":"https:\/\/www.soslow.sk\/obchod\/sviecky\/limited-edition-candles\/viktor-tabis-x-so-slow\/#breadcrumb","itemListElement":[{"@type":"ListItem","position":1,"name":"Domovsk\u00e1 str\u00e1nka","item":"https:\/\/www.soslow.sk\/"},{"@type":"ListItem","position":2,"name":"Obchod","item":"https:\/\/www.soslow.sk\/obchod\/"},{"@type":"ListItem","position":3,"name":"VIKTOR TABI\u0160 x SO.SLOW"}]},{"@type":"WebSite","@id":"https:\/\/www.soslow.sk\/#website","url":"https:\/\/www.soslow.sk\/","name":"SO.SLOW","description":"made better","publisher":{"@id":"https:\/\/www.soslow.sk\/#organization"},"potentialAction":[{"@type":"SearchAction","target":{"@type":"EntryPoint","urlTemplate":"https:\/\/www.soslow.sk\/?s={search_term_string}"},"query-input":{"@type":"PropertyValueSpecification","valueRequired":true,"valueName":"search_term_string"}}],"inLanguage":"en-GB"},{"@type":"Organization","@id":"https:\/\/www.soslow.sk\/#organization","name":"SoSlow","url":"https:\/\/www.soslow.sk\/","logo":{"@type":"ImageObject","inLanguage":"en-GB","@id":"https:\/\/www.soslow.sk\/#\/schema\/logo\/image\/","url":"https:\/\/www.soslow.sk\/wp-content\/uploads\/2025\/01\/so.slow_.png","contentUrl":"https:\/\/www.soslow.sk\/wp-content\/uploads\/2025\/01\/so.slow_.png","width":1772,"height":412,"caption":"SoSlow"},"image":{"@id":"https:\/\/www.soslow.sk\/#\/schema\/logo\/image\/"},"sameAs":["https:\/\/www.instagram.com\/so.slowproducts"]}]}},"_links":{"self":[{"href":"https:\/\/www.soslow.sk\/en\/wp-json\/wp\/v2\/product\/3050","targetHints":{"allow":["GET"]}}],"collection":[{"href":"https:\/\/www.soslow.sk\/en\/wp-json\/wp\/v2\/product"}],"about":[{"href":"https:\/\/www.soslow.sk\/en\/wp-json\/wp\/v2\/types\/product"}],"replies":[{"embeddable":true,"href":"https:\/\/www.soslow.sk\/en\/wp-json\/wp\/v2\/comments?post=3050"}],"wp:featuredmedia":[{"embeddable":true,"href":"https:\/\/www.soslow.sk\/en\/wp-json\/wp\/v2\/media\/3408"}],"wp:attachment":[{"href":"https:\/\/www.soslow.sk\/en\/wp-json\/wp\/v2\/media?parent=3050"}],"wp:term":[{"taxonomy":"product_brand","embeddable":true,"href":"https:\/\/www.soslow.sk\/en\/wp-json\/wp\/v2\/product_brand?post=3050"},{"taxonomy":"product_cat","embeddable":true,"href":"https:\/\/www.soslow.sk\/en\/wp-json\/wp\/v2\/product_cat?post=3050"},{"taxonomy":"product_tag","embeddable":true,"href":"https:\/\/www.soslow.sk\/en\/wp-json\/wp\/v2\/product_tag?post=3050"}],"curies":[{"name":"wp","href":"https:\/\/api.w.org\/{rel}","templated":true}]}}