{"id":3111,"date":"2025-08-19T15:54:12","date_gmt":"2025-08-19T13:54:12","guid":{"rendered":"https:\/\/www.soslow.sk\/?post_type=product&#038;p=3111"},"modified":"2026-04-03T16:16:32","modified_gmt":"2026-04-03T14:16:32","slug":"jasmin","status":"publish","type":"product","link":"https:\/\/www.soslow.sk\/en\/obchod\/eau-de-cologne\/jasmin\/","title":{"rendered":"Jasmine"},"content":{"rendered":"<p>Eau de Cologne is a perfume with a very light concentration of perfume oils. Its lightness helps you revitalize your body with pleasant scents after each application. It restores your energy and makes moments more pleasant.<\/p>\n<p>&nbsp;<\/p>","protected":false},"excerpt":{"rendered":"<p style=\"text-align: left;\">Eau de Cologne, 100ml. Jasmine is also known as the scent of peace. It has oriental and slightly sweet notes. Its aroma is complex, with a refreshing undertone, which gives it depth and sensuality.<\/p>","protected":false},"featured_media":3112,"comment_status":"open","ping_status":"closed","template":"","meta":{"_monsterinsights_skip_tracking":false,"_monsterinsights_sitenote_active":false,"_monsterinsights_sitenote_note":"","_monsterinsights_sitenote_category":0},"product_brand":[],"product_cat":[30],"product_tag":[],"class_list":{"0":"post-3111","1":"product","2":"type-product","3":"status-publish","4":"has-post-thumbnail","6":"product_cat-eau-de-cologne","8":"first","9":"instock","10":"taxable","11":"shipping-taxable","12":"purchasable","13":"product-type-simple"},"yoast_head":"<!-- This site is optimized with the Yoast SEO plugin v27.5 - https:\/\/yoast.com\/product\/yoast-seo-wordpress\/ -->\n<title>Jasmin - SO.SLOW<\/title>\n<meta name=\"description\" content=\"Eau de Cologne Vetiver, 100ml. Vetiver sa ozna\u010duje aj ako v\u00f4\u0148a pokoja. M\u00e1 zemit\u00e9, drevit\u00e9 a jemne sladk\u00e9 t\u00f3ny. Jeho ar\u00f3ma je komplexn\u00e1.\" \/>\n<meta name=\"robots\" content=\"index, follow, max-snippet:-1, max-image-preview:large, max-video-preview:-1\" \/>\n<link rel=\"canonical\" href=\"https:\/\/www.soslow.sk\/en\/obchod\/eau-de-cologne\/jasmin\/\" \/>\n<meta property=\"og:locale\" content=\"en_GB\" \/>\n<meta property=\"og:type\" content=\"article\" \/>\n<meta property=\"og:title\" content=\"Jasmin - SO.SLOW\" \/>\n<meta property=\"og:description\" content=\"Eau de Cologne Vetiver, 100ml. Vetiver sa ozna\u010duje aj ako v\u00f4\u0148a pokoja. M\u00e1 zemit\u00e9, drevit\u00e9 a jemne sladk\u00e9 t\u00f3ny. Jeho ar\u00f3ma je komplexn\u00e1.\" \/>\n<meta property=\"og:url\" content=\"https:\/\/www.soslow.sk\/en\/obchod\/eau-de-cologne\/jasmin\/\" \/>\n<meta property=\"og:site_name\" content=\"SO.SLOW\" \/>\n<meta property=\"article:modified_time\" content=\"2026-04-03T14:16:32+00:00\" \/>\n<meta property=\"og:image\" content=\"https:\/\/www.soslow.sk\/wp-content\/uploads\/2025\/08\/IMG_7977-scaled.jpeg\" \/>\n\t<meta property=\"og:image:width\" content=\"2048\" \/>\n\t<meta property=\"og:image:height\" content=\"2560\" \/>\n\t<meta property=\"og:image:type\" content=\"image\/jpeg\" \/>\n<meta name=\"twitter:card\" content=\"summary_large_image\" \/>\n<meta name=\"twitter:label1\" content=\"Estimated reading time\" \/>\n\t<meta name=\"twitter:data1\" content=\"1 minute\" \/>\n<script type=\"application\/ld+json\" class=\"yoast-schema-graph\">{\"@context\":\"https:\\\/\\\/schema.org\",\"@graph\":[{\"@type\":\"WebPage\",\"@id\":\"https:\\\/\\\/www.soslow.sk\\\/obchod\\\/eau-de-cologne\\\/jasmin\\\/\",\"url\":\"https:\\\/\\\/www.soslow.sk\\\/obchod\\\/eau-de-cologne\\\/jasmin\\\/\",\"name\":\"Jasmin - SO.SLOW\",\"isPartOf\":{\"@id\":\"https:\\\/\\\/www.soslow.sk\\\/#website\"},\"primaryImageOfPage\":{\"@id\":\"https:\\\/\\\/www.soslow.sk\\\/obchod\\\/eau-de-cologne\\\/jasmin\\\/#primaryimage\"},\"image\":{\"@id\":\"https:\\\/\\\/www.soslow.sk\\\/obchod\\\/eau-de-cologne\\\/jasmin\\\/#primaryimage\"},\"thumbnailUrl\":\"https:\\\/\\\/www.soslow.sk\\\/wp-content\\\/uploads\\\/2025\\\/08\\\/IMG_7977-scaled.jpeg\",\"datePublished\":\"2025-08-19T13:54:12+00:00\",\"dateModified\":\"2026-04-03T14:16:32+00:00\",\"description\":\"Eau de Cologne Vetiver, 100ml. Vetiver sa ozna\u010duje aj ako v\u00f4\u0148a pokoja. M\u00e1 zemit\u00e9, drevit\u00e9 a jemne sladk\u00e9 t\u00f3ny. Jeho ar\u00f3ma je komplexn\u00e1.\",\"breadcrumb\":{\"@id\":\"https:\\\/\\\/www.soslow.sk\\\/obchod\\\/eau-de-cologne\\\/jasmin\\\/#breadcrumb\"},\"inLanguage\":\"en-GB\",\"potentialAction\":[{\"@type\":\"ReadAction\",\"target\":[\"https:\\\/\\\/www.soslow.sk\\\/obchod\\\/eau-de-cologne\\\/jasmin\\\/\"]}]},{\"@type\":\"ImageObject\",\"inLanguage\":\"en-GB\",\"@id\":\"https:\\\/\\\/www.soslow.sk\\\/obchod\\\/eau-de-cologne\\\/jasmin\\\/#primaryimage\",\"url\":\"https:\\\/\\\/www.soslow.sk\\\/wp-content\\\/uploads\\\/2025\\\/08\\\/IMG_7977-scaled.jpeg\",\"contentUrl\":\"https:\\\/\\\/www.soslow.sk\\\/wp-content\\\/uploads\\\/2025\\\/08\\\/IMG_7977-scaled.jpeg\",\"width\":2048,\"height\":2560},{\"@type\":\"BreadcrumbList\",\"@id\":\"https:\\\/\\\/www.soslow.sk\\\/obchod\\\/eau-de-cologne\\\/jasmin\\\/#breadcrumb\",\"itemListElement\":[{\"@type\":\"ListItem\",\"position\":1,\"name\":\"Domovsk\u00e1 str\u00e1nka\",\"item\":\"https:\\\/\\\/www.soslow.sk\\\/\"},{\"@type\":\"ListItem\",\"position\":2,\"name\":\"Obchod\",\"item\":\"https:\\\/\\\/www.soslow.sk\\\/obchod\\\/\"},{\"@type\":\"ListItem\",\"position\":3,\"name\":\"Jasmin\"}]},{\"@type\":\"WebSite\",\"@id\":\"https:\\\/\\\/www.soslow.sk\\\/#website\",\"url\":\"https:\\\/\\\/www.soslow.sk\\\/\",\"name\":\"SO.SLOW\",\"description\":\"made better\",\"publisher\":{\"@id\":\"https:\\\/\\\/www.soslow.sk\\\/#organization\"},\"potentialAction\":[{\"@type\":\"SearchAction\",\"target\":{\"@type\":\"EntryPoint\",\"urlTemplate\":\"https:\\\/\\\/www.soslow.sk\\\/?s={search_term_string}\"},\"query-input\":{\"@type\":\"PropertyValueSpecification\",\"valueRequired\":true,\"valueName\":\"search_term_string\"}}],\"inLanguage\":\"en-GB\"},{\"@type\":\"Organization\",\"@id\":\"https:\\\/\\\/www.soslow.sk\\\/#organization\",\"name\":\"SoSlow\",\"url\":\"https:\\\/\\\/www.soslow.sk\\\/\",\"logo\":{\"@type\":\"ImageObject\",\"inLanguage\":\"en-GB\",\"@id\":\"https:\\\/\\\/www.soslow.sk\\\/#\\\/schema\\\/logo\\\/image\\\/\",\"url\":\"https:\\\/\\\/www.soslow.sk\\\/wp-content\\\/uploads\\\/2025\\\/01\\\/so.slow_.png\",\"contentUrl\":\"https:\\\/\\\/www.soslow.sk\\\/wp-content\\\/uploads\\\/2025\\\/01\\\/so.slow_.png\",\"width\":1772,\"height\":412,\"caption\":\"SoSlow\"},\"image\":{\"@id\":\"https:\\\/\\\/www.soslow.sk\\\/#\\\/schema\\\/logo\\\/image\\\/\"},\"sameAs\":[\"https:\\\/\\\/www.instagram.com\\\/so.slowproducts\"]}]}<\/script>\n<!-- \/ Yoast SEO plugin. -->","yoast_head_json":{"title":"Jasmin - SO.SLOW","description":"Eau de Cologne Vetiver, 100ml. Vetiver sa ozna\u010duje aj ako v\u00f4\u0148a pokoja. M\u00e1 zemit\u00e9, drevit\u00e9 a jemne sladk\u00e9 t\u00f3ny. Jeho ar\u00f3ma je komplexn\u00e1.","robots":{"index":"index","follow":"follow","max-snippet":"max-snippet:-1","max-image-preview":"max-image-preview:large","max-video-preview":"max-video-preview:-1"},"canonical":"https:\/\/www.soslow.sk\/en\/obchod\/eau-de-cologne\/jasmin\/","og_locale":"en_GB","og_type":"article","og_title":"Jasmin - SO.SLOW","og_description":"Eau de Cologne Vetiver, 100ml. Vetiver sa ozna\u010duje aj ako v\u00f4\u0148a pokoja. M\u00e1 zemit\u00e9, drevit\u00e9 a jemne sladk\u00e9 t\u00f3ny. Jeho ar\u00f3ma je komplexn\u00e1.","og_url":"https:\/\/www.soslow.sk\/en\/obchod\/eau-de-cologne\/jasmin\/","og_site_name":"SO.SLOW","article_modified_time":"2026-04-03T14:16:32+00:00","og_image":[{"width":2048,"height":2560,"url":"https:\/\/www.soslow.sk\/wp-content\/uploads\/2025\/08\/IMG_7977-scaled.jpeg","type":"image\/jpeg"}],"twitter_card":"summary_large_image","twitter_misc":{"Estimated reading time":"1 minute"},"schema":{"@context":"https:\/\/schema.org","@graph":[{"@type":"WebPage","@id":"https:\/\/www.soslow.sk\/obchod\/eau-de-cologne\/jasmin\/","url":"https:\/\/www.soslow.sk\/obchod\/eau-de-cologne\/jasmin\/","name":"Jasmin - SO.SLOW","isPartOf":{"@id":"https:\/\/www.soslow.sk\/#website"},"primaryImageOfPage":{"@id":"https:\/\/www.soslow.sk\/obchod\/eau-de-cologne\/jasmin\/#primaryimage"},"image":{"@id":"https:\/\/www.soslow.sk\/obchod\/eau-de-cologne\/jasmin\/#primaryimage"},"thumbnailUrl":"https:\/\/www.soslow.sk\/wp-content\/uploads\/2025\/08\/IMG_7977-scaled.jpeg","datePublished":"2025-08-19T13:54:12+00:00","dateModified":"2026-04-03T14:16:32+00:00","description":"Eau de Cologne Vetiver, 100ml. Vetiver sa ozna\u010duje aj ako v\u00f4\u0148a pokoja. M\u00e1 zemit\u00e9, drevit\u00e9 a jemne sladk\u00e9 t\u00f3ny. Jeho ar\u00f3ma je komplexn\u00e1.","breadcrumb":{"@id":"https:\/\/www.soslow.sk\/obchod\/eau-de-cologne\/jasmin\/#breadcrumb"},"inLanguage":"en-GB","potentialAction":[{"@type":"ReadAction","target":["https:\/\/www.soslow.sk\/obchod\/eau-de-cologne\/jasmin\/"]}]},{"@type":"ImageObject","inLanguage":"en-GB","@id":"https:\/\/www.soslow.sk\/obchod\/eau-de-cologne\/jasmin\/#primaryimage","url":"https:\/\/www.soslow.sk\/wp-content\/uploads\/2025\/08\/IMG_7977-scaled.jpeg","contentUrl":"https:\/\/www.soslow.sk\/wp-content\/uploads\/2025\/08\/IMG_7977-scaled.jpeg","width":2048,"height":2560},{"@type":"BreadcrumbList","@id":"https:\/\/www.soslow.sk\/obchod\/eau-de-cologne\/jasmin\/#breadcrumb","itemListElement":[{"@type":"ListItem","position":1,"name":"Domovsk\u00e1 str\u00e1nka","item":"https:\/\/www.soslow.sk\/"},{"@type":"ListItem","position":2,"name":"Obchod","item":"https:\/\/www.soslow.sk\/obchod\/"},{"@type":"ListItem","position":3,"name":"Jasmin"}]},{"@type":"WebSite","@id":"https:\/\/www.soslow.sk\/#website","url":"https:\/\/www.soslow.sk\/","name":"SO.SLOW","description":"made better","publisher":{"@id":"https:\/\/www.soslow.sk\/#organization"},"potentialAction":[{"@type":"SearchAction","target":{"@type":"EntryPoint","urlTemplate":"https:\/\/www.soslow.sk\/?s={search_term_string}"},"query-input":{"@type":"PropertyValueSpecification","valueRequired":true,"valueName":"search_term_string"}}],"inLanguage":"en-GB"},{"@type":"Organization","@id":"https:\/\/www.soslow.sk\/#organization","name":"SoSlow","url":"https:\/\/www.soslow.sk\/","logo":{"@type":"ImageObject","inLanguage":"en-GB","@id":"https:\/\/www.soslow.sk\/#\/schema\/logo\/image\/","url":"https:\/\/www.soslow.sk\/wp-content\/uploads\/2025\/01\/so.slow_.png","contentUrl":"https:\/\/www.soslow.sk\/wp-content\/uploads\/2025\/01\/so.slow_.png","width":1772,"height":412,"caption":"SoSlow"},"image":{"@id":"https:\/\/www.soslow.sk\/#\/schema\/logo\/image\/"},"sameAs":["https:\/\/www.instagram.com\/so.slowproducts"]}]}},"_links":{"self":[{"href":"https:\/\/www.soslow.sk\/en\/wp-json\/wp\/v2\/product\/3111","targetHints":{"allow":["GET"]}}],"collection":[{"href":"https:\/\/www.soslow.sk\/en\/wp-json\/wp\/v2\/product"}],"about":[{"href":"https:\/\/www.soslow.sk\/en\/wp-json\/wp\/v2\/types\/product"}],"replies":[{"embeddable":true,"href":"https:\/\/www.soslow.sk\/en\/wp-json\/wp\/v2\/comments?post=3111"}],"wp:featuredmedia":[{"embeddable":true,"href":"https:\/\/www.soslow.sk\/en\/wp-json\/wp\/v2\/media\/3112"}],"wp:attachment":[{"href":"https:\/\/www.soslow.sk\/en\/wp-json\/wp\/v2\/media?parent=3111"}],"wp:term":[{"taxonomy":"product_brand","embeddable":true,"href":"https:\/\/www.soslow.sk\/en\/wp-json\/wp\/v2\/product_brand?post=3111"},{"taxonomy":"product_cat","embeddable":true,"href":"https:\/\/www.soslow.sk\/en\/wp-json\/wp\/v2\/product_cat?post=3111"},{"taxonomy":"product_tag","embeddable":true,"href":"https:\/\/www.soslow.sk\/en\/wp-json\/wp\/v2\/product_tag?post=3111"}],"curies":[{"name":"wp","href":"https:\/\/api.w.org\/{rel}","templated":true}]}}