{"id":3133,"date":"2025-08-25T10:07:07","date_gmt":"2025-08-25T08:07:07","guid":{"rendered":"https:\/\/www.soslow.sk\/?post_type=product&#038;p=3133"},"modified":"2025-12-18T09:57:56","modified_gmt":"2025-12-18T08:57:56","slug":"stone-set","status":"publish","type":"product","link":"https:\/\/www.soslow.sk\/en\/obchod\/uncategorized\/stone-set\/","title":{"rendered":"STONE SET"},"content":{"rendered":"<p data-start=\"199\" data-end=\"260\"><strong data-start=\"199\" data-end=\"227\">Still Forming Collection<\/strong><\/p>\n<p data-start=\"199\" data-end=\"260\"><br data-start=\"227\" data-end=\"230\" \/><strong data-start=\"230\" data-end=\"258\">SO.SLOW x @paulina_hlina<\/strong><\/p>\n<p data-start=\"262\" data-end=\"416\">A limited collection of handmade ceramic holders for incense sticks and cones, created in collaboration with a Slovak ceramic company. <strong data-start=\"395\" data-end=\"413\">@paulina_hlyna<\/strong>.<\/p>\n<p data-start=\"418\" data-end=\"626\">Each piece is hand-shaped from clay and fired in a traditional wood-fired kiln. The ash from the wood burning during firing creates unique color and texture nuances on the surface \u2013 <strong data-start=\"589\" data-end=\"623\">no two pieces are the same<\/strong>.<\/p>\n<p data-start=\"628\" data-end=\"695\">This <strong data-start=\"634\" data-end=\"641\">set<\/strong> contains everything you need for your fragrance ritual:<\/p>\n<ul data-start=\"696\" data-end=\"858\">\n<li data-start=\"696\" data-end=\"754\">\n<p data-start=\"698\" data-end=\"754\"><strong data-start=\"698\" data-end=\"727\">1\u00d7 STONE ceramic holder<\/strong> (handmade, original)<\/p>\n<\/li>\n<li data-start=\"808\" data-end=\"858\">\n<p data-start=\"810\" data-end=\"858\"><strong data-start=\"810\" data-end=\"856\">1\u00d7 pack of incense cones<\/strong><\/p>\n<\/li>\n<\/ul>\n<h3 data-start=\"865\" data-end=\"889\">HOW TO USE \u2013 STONE<\/h3>\n<p data-start=\"1102\" data-end=\"1135\"><strong data-start=\"1102\" data-end=\"1133\">When using a scented cone:<\/strong><\/p>\n<ol data-start=\"1136\" data-end=\"1230\">\n<li data-start=\"1136\" data-end=\"1186\">\n<p data-start=\"1139\" data-end=\"1186\">Place the cone directly on the top surface of the holder.<\/p>\n<\/li>\n<li data-start=\"1187\" data-end=\"1230\">\n<p data-start=\"1190\" data-end=\"1230\">Light the tip and let it smolder gently.<\/p>\n<\/li>\n<\/ol>\n<p data-start=\"1237\" data-end=\"1267\">\u00a0Safety warnings:<\/p>\n<ul data-start=\"1268\" data-end=\"1432\">\n<li data-start=\"1268\" data-end=\"1326\">\n<p data-start=\"1270\" data-end=\"1326\">Always place the holder on a stable and non-flammable surface.<\/p>\n<\/li>\n<li data-start=\"1327\" data-end=\"1362\">\n<p data-start=\"1329\" data-end=\"1362\">Do not leave burning unattended.<\/p>\n<\/li>\n<li data-start=\"1363\" data-end=\"1432\">\n<p data-start=\"1365\" data-end=\"1432\">After use, let the ceramic cool down and clean as needed.<\/p>\n<\/li>\n<\/ul>","protected":false},"excerpt":{"rendered":"<p>We will ship all orders containing this product from Friday, September 5, 2025.<\/p>\n<p data-start=\"120\" data-end=\"135\"><strong data-start=\"120\" data-end=\"133\">STONE SET\/<\/strong><\/p>\n<p data-start=\"137\" data-end=\"177\">A complete set for your fragrant ritual.<\/p>\n<p data-start=\"179\" data-end=\"198\">In the package you will find:<\/p>\n<ul data-start=\"199\" data-end=\"382\">\n<li data-start=\"199\" data-end=\"278\">\n<p data-start=\"201\" data-end=\"278\"><strong data-start=\"201\" data-end=\"223\">1\u00d7 ceramic stone<\/strong> \u2013 holder for incense sticks (primary) and incense cones<\/p>\n<\/li>\n<li data-start=\"332\" data-end=\"382\">\n<p data-start=\"334\" data-end=\"382\"><strong data-start=\"334\" data-end=\"380\">1\u00d7 pack of incense cones<\/strong><\/p>\n<\/li>\n<\/ul>\n<p data-start=\"384\" data-end=\"468\">Everything you need for immediate use \u2013 just light it and enjoy the scent.<\/p>","protected":false},"featured_media":4304,"comment_status":"open","ping_status":"closed","template":"","meta":{"_monsterinsights_skip_tracking":false,"_monsterinsights_sitenote_active":false,"_monsterinsights_sitenote_note":"","_monsterinsights_sitenote_category":0},"product_brand":[],"product_cat":[18],"product_tag":[],"class_list":{"0":"post-3133","1":"product","2":"type-product","3":"status-publish","4":"has-post-thumbnail","6":"product_cat-uncategorized","8":"first","9":"instock","10":"taxable","11":"shipping-taxable","12":"purchasable","13":"product-type-simple"},"yoast_head":"<!-- This site is optimized with the Yoast SEO plugin v27.5 - https:\/\/yoast.com\/product\/yoast-seo-wordpress\/ -->\n<title>STONE SET - SO.SLOW<\/title>\n<meta name=\"description\" content=\"Ru\u010dne vyr\u00e1ban\u00e9 keramick\u00e9 dr\u017eiaky na vonn\u00e9 ty\u010dinky. T\u00e1to kolekcia vznikla v spolupr\u00e1ci so slovenskou kerami\u010dkou @paulina_hlina\" \/>\n<meta name=\"robots\" content=\"index, follow, max-snippet:-1, max-image-preview:large, max-video-preview:-1\" \/>\n<link rel=\"canonical\" href=\"https:\/\/www.soslow.sk\/en\/obchod\/uncategorized\/stone-set\/\" \/>\n<meta property=\"og:locale\" content=\"en_GB\" \/>\n<meta property=\"og:type\" content=\"article\" \/>\n<meta property=\"og:title\" content=\"STONE SET - SO.SLOW\" \/>\n<meta property=\"og:description\" content=\"Ru\u010dne vyr\u00e1ban\u00e9 keramick\u00e9 dr\u017eiaky na vonn\u00e9 ty\u010dinky. T\u00e1to kolekcia vznikla v spolupr\u00e1ci so slovenskou kerami\u010dkou @paulina_hlina\" \/>\n<meta property=\"og:url\" content=\"https:\/\/www.soslow.sk\/en\/obchod\/uncategorized\/stone-set\/\" \/>\n<meta property=\"og:site_name\" content=\"SO.SLOW\" \/>\n<meta property=\"article:modified_time\" content=\"2025-12-18T08:57:56+00:00\" \/>\n<meta property=\"og:image\" content=\"https:\/\/www.soslow.sk\/wp-content\/uploads\/2025\/08\/sticks-1-copy-2.png\" \/>\n\t<meta property=\"og:image:width\" content=\"1667\" \/>\n\t<meta property=\"og:image:height\" content=\"1569\" \/>\n\t<meta property=\"og:image:type\" content=\"image\/png\" \/>\n<meta name=\"twitter:card\" content=\"summary_large_image\" \/>\n<meta name=\"twitter:label1\" content=\"Estimated reading time\" \/>\n\t<meta name=\"twitter:data1\" content=\"1 minute\" \/>\n<script type=\"application\/ld+json\" class=\"yoast-schema-graph\">{\"@context\":\"https:\\\/\\\/schema.org\",\"@graph\":[{\"@type\":\"WebPage\",\"@id\":\"https:\\\/\\\/www.soslow.sk\\\/obchod\\\/uncategorized\\\/stone-set\\\/\",\"url\":\"https:\\\/\\\/www.soslow.sk\\\/obchod\\\/uncategorized\\\/stone-set\\\/\",\"name\":\"STONE SET - SO.SLOW\",\"isPartOf\":{\"@id\":\"https:\\\/\\\/www.soslow.sk\\\/#website\"},\"primaryImageOfPage\":{\"@id\":\"https:\\\/\\\/www.soslow.sk\\\/obchod\\\/uncategorized\\\/stone-set\\\/#primaryimage\"},\"image\":{\"@id\":\"https:\\\/\\\/www.soslow.sk\\\/obchod\\\/uncategorized\\\/stone-set\\\/#primaryimage\"},\"thumbnailUrl\":\"https:\\\/\\\/www.soslow.sk\\\/wp-content\\\/uploads\\\/2025\\\/08\\\/sticks-1-copy-2.png\",\"datePublished\":\"2025-08-25T08:07:07+00:00\",\"dateModified\":\"2025-12-18T08:57:56+00:00\",\"description\":\"Ru\u010dne vyr\u00e1ban\u00e9 keramick\u00e9 dr\u017eiaky na vonn\u00e9 ty\u010dinky. T\u00e1to kolekcia vznikla v spolupr\u00e1ci so slovenskou kerami\u010dkou @paulina_hlina\",\"breadcrumb\":{\"@id\":\"https:\\\/\\\/www.soslow.sk\\\/obchod\\\/uncategorized\\\/stone-set\\\/#breadcrumb\"},\"inLanguage\":\"en-GB\",\"potentialAction\":[{\"@type\":\"ReadAction\",\"target\":[\"https:\\\/\\\/www.soslow.sk\\\/obchod\\\/uncategorized\\\/stone-set\\\/\"]}]},{\"@type\":\"ImageObject\",\"inLanguage\":\"en-GB\",\"@id\":\"https:\\\/\\\/www.soslow.sk\\\/obchod\\\/uncategorized\\\/stone-set\\\/#primaryimage\",\"url\":\"https:\\\/\\\/www.soslow.sk\\\/wp-content\\\/uploads\\\/2025\\\/08\\\/sticks-1-copy-2.png\",\"contentUrl\":\"https:\\\/\\\/www.soslow.sk\\\/wp-content\\\/uploads\\\/2025\\\/08\\\/sticks-1-copy-2.png\",\"width\":1667,\"height\":1569},{\"@type\":\"BreadcrumbList\",\"@id\":\"https:\\\/\\\/www.soslow.sk\\\/obchod\\\/uncategorized\\\/stone-set\\\/#breadcrumb\",\"itemListElement\":[{\"@type\":\"ListItem\",\"position\":1,\"name\":\"Domovsk\u00e1 str\u00e1nka\",\"item\":\"https:\\\/\\\/www.soslow.sk\\\/\"},{\"@type\":\"ListItem\",\"position\":2,\"name\":\"Obchod\",\"item\":\"https:\\\/\\\/www.soslow.sk\\\/obchod\\\/\"},{\"@type\":\"ListItem\",\"position\":3,\"name\":\"STONE SET\"}]},{\"@type\":\"WebSite\",\"@id\":\"https:\\\/\\\/www.soslow.sk\\\/#website\",\"url\":\"https:\\\/\\\/www.soslow.sk\\\/\",\"name\":\"SO.SLOW\",\"description\":\"made better\",\"publisher\":{\"@id\":\"https:\\\/\\\/www.soslow.sk\\\/#organization\"},\"potentialAction\":[{\"@type\":\"SearchAction\",\"target\":{\"@type\":\"EntryPoint\",\"urlTemplate\":\"https:\\\/\\\/www.soslow.sk\\\/?s={search_term_string}\"},\"query-input\":{\"@type\":\"PropertyValueSpecification\",\"valueRequired\":true,\"valueName\":\"search_term_string\"}}],\"inLanguage\":\"en-GB\"},{\"@type\":\"Organization\",\"@id\":\"https:\\\/\\\/www.soslow.sk\\\/#organization\",\"name\":\"SoSlow\",\"url\":\"https:\\\/\\\/www.soslow.sk\\\/\",\"logo\":{\"@type\":\"ImageObject\",\"inLanguage\":\"en-GB\",\"@id\":\"https:\\\/\\\/www.soslow.sk\\\/#\\\/schema\\\/logo\\\/image\\\/\",\"url\":\"https:\\\/\\\/www.soslow.sk\\\/wp-content\\\/uploads\\\/2025\\\/01\\\/so.slow_.png\",\"contentUrl\":\"https:\\\/\\\/www.soslow.sk\\\/wp-content\\\/uploads\\\/2025\\\/01\\\/so.slow_.png\",\"width\":1772,\"height\":412,\"caption\":\"SoSlow\"},\"image\":{\"@id\":\"https:\\\/\\\/www.soslow.sk\\\/#\\\/schema\\\/logo\\\/image\\\/\"},\"sameAs\":[\"https:\\\/\\\/www.instagram.com\\\/so.slowproducts\"]}]}<\/script>\n<!-- \/ Yoast SEO plugin. -->","yoast_head_json":{"title":"STONE SET - SO.SLOW","description":"Ru\u010dne vyr\u00e1ban\u00e9 keramick\u00e9 dr\u017eiaky na vonn\u00e9 ty\u010dinky. T\u00e1to kolekcia vznikla v spolupr\u00e1ci so slovenskou kerami\u010dkou @paulina_hlina","robots":{"index":"index","follow":"follow","max-snippet":"max-snippet:-1","max-image-preview":"max-image-preview:large","max-video-preview":"max-video-preview:-1"},"canonical":"https:\/\/www.soslow.sk\/en\/obchod\/uncategorized\/stone-set\/","og_locale":"en_GB","og_type":"article","og_title":"STONE SET - SO.SLOW","og_description":"Ru\u010dne vyr\u00e1ban\u00e9 keramick\u00e9 dr\u017eiaky na vonn\u00e9 ty\u010dinky. T\u00e1to kolekcia vznikla v spolupr\u00e1ci so slovenskou kerami\u010dkou @paulina_hlina","og_url":"https:\/\/www.soslow.sk\/en\/obchod\/uncategorized\/stone-set\/","og_site_name":"SO.SLOW","article_modified_time":"2025-12-18T08:57:56+00:00","og_image":[{"width":1667,"height":1569,"url":"https:\/\/www.soslow.sk\/wp-content\/uploads\/2025\/08\/sticks-1-copy-2.png","type":"image\/png"}],"twitter_card":"summary_large_image","twitter_misc":{"Estimated reading time":"1 minute"},"schema":{"@context":"https:\/\/schema.org","@graph":[{"@type":"WebPage","@id":"https:\/\/www.soslow.sk\/obchod\/uncategorized\/stone-set\/","url":"https:\/\/www.soslow.sk\/obchod\/uncategorized\/stone-set\/","name":"STONE SET - SO.SLOW","isPartOf":{"@id":"https:\/\/www.soslow.sk\/#website"},"primaryImageOfPage":{"@id":"https:\/\/www.soslow.sk\/obchod\/uncategorized\/stone-set\/#primaryimage"},"image":{"@id":"https:\/\/www.soslow.sk\/obchod\/uncategorized\/stone-set\/#primaryimage"},"thumbnailUrl":"https:\/\/www.soslow.sk\/wp-content\/uploads\/2025\/08\/sticks-1-copy-2.png","datePublished":"2025-08-25T08:07:07+00:00","dateModified":"2025-12-18T08:57:56+00:00","description":"Ru\u010dne vyr\u00e1ban\u00e9 keramick\u00e9 dr\u017eiaky na vonn\u00e9 ty\u010dinky. T\u00e1to kolekcia vznikla v spolupr\u00e1ci so slovenskou kerami\u010dkou @paulina_hlina","breadcrumb":{"@id":"https:\/\/www.soslow.sk\/obchod\/uncategorized\/stone-set\/#breadcrumb"},"inLanguage":"en-GB","potentialAction":[{"@type":"ReadAction","target":["https:\/\/www.soslow.sk\/obchod\/uncategorized\/stone-set\/"]}]},{"@type":"ImageObject","inLanguage":"en-GB","@id":"https:\/\/www.soslow.sk\/obchod\/uncategorized\/stone-set\/#primaryimage","url":"https:\/\/www.soslow.sk\/wp-content\/uploads\/2025\/08\/sticks-1-copy-2.png","contentUrl":"https:\/\/www.soslow.sk\/wp-content\/uploads\/2025\/08\/sticks-1-copy-2.png","width":1667,"height":1569},{"@type":"BreadcrumbList","@id":"https:\/\/www.soslow.sk\/obchod\/uncategorized\/stone-set\/#breadcrumb","itemListElement":[{"@type":"ListItem","position":1,"name":"Domovsk\u00e1 str\u00e1nka","item":"https:\/\/www.soslow.sk\/"},{"@type":"ListItem","position":2,"name":"Obchod","item":"https:\/\/www.soslow.sk\/obchod\/"},{"@type":"ListItem","position":3,"name":"STONE SET"}]},{"@type":"WebSite","@id":"https:\/\/www.soslow.sk\/#website","url":"https:\/\/www.soslow.sk\/","name":"SO.SLOW","description":"made better","publisher":{"@id":"https:\/\/www.soslow.sk\/#organization"},"potentialAction":[{"@type":"SearchAction","target":{"@type":"EntryPoint","urlTemplate":"https:\/\/www.soslow.sk\/?s={search_term_string}"},"query-input":{"@type":"PropertyValueSpecification","valueRequired":true,"valueName":"search_term_string"}}],"inLanguage":"en-GB"},{"@type":"Organization","@id":"https:\/\/www.soslow.sk\/#organization","name":"SoSlow","url":"https:\/\/www.soslow.sk\/","logo":{"@type":"ImageObject","inLanguage":"en-GB","@id":"https:\/\/www.soslow.sk\/#\/schema\/logo\/image\/","url":"https:\/\/www.soslow.sk\/wp-content\/uploads\/2025\/01\/so.slow_.png","contentUrl":"https:\/\/www.soslow.sk\/wp-content\/uploads\/2025\/01\/so.slow_.png","width":1772,"height":412,"caption":"SoSlow"},"image":{"@id":"https:\/\/www.soslow.sk\/#\/schema\/logo\/image\/"},"sameAs":["https:\/\/www.instagram.com\/so.slowproducts"]}]}},"_links":{"self":[{"href":"https:\/\/www.soslow.sk\/en\/wp-json\/wp\/v2\/product\/3133","targetHints":{"allow":["GET"]}}],"collection":[{"href":"https:\/\/www.soslow.sk\/en\/wp-json\/wp\/v2\/product"}],"about":[{"href":"https:\/\/www.soslow.sk\/en\/wp-json\/wp\/v2\/types\/product"}],"replies":[{"embeddable":true,"href":"https:\/\/www.soslow.sk\/en\/wp-json\/wp\/v2\/comments?post=3133"}],"wp:featuredmedia":[{"embeddable":true,"href":"https:\/\/www.soslow.sk\/en\/wp-json\/wp\/v2\/media\/4304"}],"wp:attachment":[{"href":"https:\/\/www.soslow.sk\/en\/wp-json\/wp\/v2\/media?parent=3133"}],"wp:term":[{"taxonomy":"product_brand","embeddable":true,"href":"https:\/\/www.soslow.sk\/en\/wp-json\/wp\/v2\/product_brand?post=3133"},{"taxonomy":"product_cat","embeddable":true,"href":"https:\/\/www.soslow.sk\/en\/wp-json\/wp\/v2\/product_cat?post=3133"},{"taxonomy":"product_tag","embeddable":true,"href":"https:\/\/www.soslow.sk\/en\/wp-json\/wp\/v2\/product_tag?post=3133"}],"curies":[{"name":"wp","href":"https:\/\/api.w.org\/{rel}","templated":true}]}}