{"id":352,"date":"2025-10-21T17:49:06","date_gmt":"2025-10-21T15:49:06","guid":{"rendered":"https:\/\/staging.soslow.sk\/?post_type=product&#038;p=352"},"modified":"2026-02-17T17:00:27","modified_gmt":"2026-02-17T16:00:27","slug":"clove-santal-tangerine","status":"publish","type":"product","link":"https:\/\/www.soslow.sk\/en\/obchod\/sviecky\/new-basic\/clove-santal-tangerine\/","title":{"rendered":"Clove \u2013 Santal \u2013 Tangerine"},"content":{"rendered":"<p>Fragrance: clove, sandalwood &amp; mandarin<\/p>\n<p>Organic cotton wick<\/p>\n<p>Wax: soy<\/p>\n<p>Wax weight: 200g<\/p>\n<p>Burning time: 40-50 hours<\/p>\n<p>Material: glass<\/p>\n<p>Lid: aluminum, rubber for secure closure<\/p>\n<p>Packaging: cotton bag made of 350mg cotton<\/p>\n<p>Made in Bratislava\/Slovakia<\/p>\n<p>&nbsp;<\/p>","protected":false},"excerpt":{"rendered":"<p>An exceptional woody and at the same time slightly smoky scent of sandalwood, which together with clove and mandarin creates a warm and cozy atmosphere.<\/p>","protected":false},"featured_media":3421,"comment_status":"open","ping_status":"closed","template":"","meta":{"_monsterinsights_skip_tracking":false,"_monsterinsights_sitenote_active":false,"_monsterinsights_sitenote_note":"","_monsterinsights_sitenote_category":0},"product_brand":[],"product_cat":[51,23],"product_tag":[],"class_list":{"0":"post-352","1":"product","2":"type-product","3":"status-publish","4":"has-post-thumbnail","6":"product_cat-new-basic","7":"product_cat-sviecky","9":"first","10":"instock","11":"taxable","12":"shipping-taxable","13":"purchasable","14":"product-type-simple"},"yoast_head":"<!-- This site is optimized with the Yoast SEO plugin v27.4 - https:\/\/yoast.com\/product\/yoast-seo-wordpress\/ -->\n<title>Clove - Santal - Tangerine - SO.SLOW<\/title>\n<meta name=\"description\" content=\"Clove - Santal - Tangerine prin\u00e1\u0161a v\u00fdnimo\u010dn\u00fa drevit\u00fa a z\u00e1rove\u0148 jemne dymov\u00fa v\u00f4\u0148u santalov\u00e9ho dreva, klin\u010deku a mandar\u00ednky.\" \/>\n<meta name=\"robots\" content=\"index, follow, max-snippet:-1, max-image-preview:large, max-video-preview:-1\" \/>\n<link rel=\"canonical\" href=\"https:\/\/www.soslow.sk\/en\/obchod\/sviecky\/new-basic\/clove-santal-tangerine\/\" \/>\n<meta property=\"og:locale\" content=\"en_GB\" \/>\n<meta property=\"og:type\" content=\"article\" \/>\n<meta property=\"og:title\" content=\"Clove - Santal - Tangerine - SO.SLOW\" \/>\n<meta property=\"og:description\" content=\"Clove - Santal - Tangerine prin\u00e1\u0161a v\u00fdnimo\u010dn\u00fa drevit\u00fa a z\u00e1rove\u0148 jemne dymov\u00fa v\u00f4\u0148u santalov\u00e9ho dreva, klin\u010deku a mandar\u00ednky.\" \/>\n<meta property=\"og:url\" content=\"https:\/\/www.soslow.sk\/en\/obchod\/sviecky\/new-basic\/clove-santal-tangerine\/\" \/>\n<meta property=\"og:site_name\" content=\"SO.SLOW\" \/>\n<meta property=\"article:modified_time\" content=\"2026-02-17T16:00:27+00:00\" \/>\n<meta property=\"og:image\" content=\"https:\/\/www.soslow.sk\/wp-content\/uploads\/2025\/10\/LKN2275-copy-3-scaled.png\" \/>\n\t<meta property=\"og:image:width\" content=\"1707\" \/>\n\t<meta property=\"og:image:height\" content=\"2560\" \/>\n\t<meta property=\"og:image:type\" content=\"image\/png\" \/>\n<meta name=\"twitter:card\" content=\"summary_large_image\" \/>\n<meta name=\"twitter:label1\" content=\"Estimated reading time\" \/>\n\t<meta name=\"twitter:data1\" content=\"1 minute\" \/>\n<script type=\"application\/ld+json\" class=\"yoast-schema-graph\">{\"@context\":\"https:\\\/\\\/schema.org\",\"@graph\":[{\"@type\":\"WebPage\",\"@id\":\"https:\\\/\\\/www.soslow.sk\\\/obchod\\\/sviecky\\\/new-basic\\\/clove-santal-tangerine\\\/\",\"url\":\"https:\\\/\\\/www.soslow.sk\\\/obchod\\\/sviecky\\\/new-basic\\\/clove-santal-tangerine\\\/\",\"name\":\"Clove - Santal - Tangerine - SO.SLOW\",\"isPartOf\":{\"@id\":\"https:\\\/\\\/www.soslow.sk\\\/#website\"},\"primaryImageOfPage\":{\"@id\":\"https:\\\/\\\/www.soslow.sk\\\/obchod\\\/sviecky\\\/new-basic\\\/clove-santal-tangerine\\\/#primaryimage\"},\"image\":{\"@id\":\"https:\\\/\\\/www.soslow.sk\\\/obchod\\\/sviecky\\\/new-basic\\\/clove-santal-tangerine\\\/#primaryimage\"},\"thumbnailUrl\":\"https:\\\/\\\/www.soslow.sk\\\/wp-content\\\/uploads\\\/2025\\\/10\\\/LKN2275-copy-3-scaled.png\",\"datePublished\":\"2025-10-21T15:49:06+00:00\",\"dateModified\":\"2026-02-17T16:00:27+00:00\",\"description\":\"Clove - Santal - Tangerine prin\u00e1\u0161a v\u00fdnimo\u010dn\u00fa drevit\u00fa a z\u00e1rove\u0148 jemne dymov\u00fa v\u00f4\u0148u santalov\u00e9ho dreva, klin\u010deku a mandar\u00ednky.\",\"breadcrumb\":{\"@id\":\"https:\\\/\\\/www.soslow.sk\\\/obchod\\\/sviecky\\\/new-basic\\\/clove-santal-tangerine\\\/#breadcrumb\"},\"inLanguage\":\"en-GB\",\"potentialAction\":[{\"@type\":\"ReadAction\",\"target\":[\"https:\\\/\\\/www.soslow.sk\\\/obchod\\\/sviecky\\\/new-basic\\\/clove-santal-tangerine\\\/\"]}]},{\"@type\":\"ImageObject\",\"inLanguage\":\"en-GB\",\"@id\":\"https:\\\/\\\/www.soslow.sk\\\/obchod\\\/sviecky\\\/new-basic\\\/clove-santal-tangerine\\\/#primaryimage\",\"url\":\"https:\\\/\\\/www.soslow.sk\\\/wp-content\\\/uploads\\\/2025\\\/10\\\/LKN2275-copy-3-scaled.png\",\"contentUrl\":\"https:\\\/\\\/www.soslow.sk\\\/wp-content\\\/uploads\\\/2025\\\/10\\\/LKN2275-copy-3-scaled.png\",\"width\":1707,\"height\":2560},{\"@type\":\"BreadcrumbList\",\"@id\":\"https:\\\/\\\/www.soslow.sk\\\/obchod\\\/sviecky\\\/new-basic\\\/clove-santal-tangerine\\\/#breadcrumb\",\"itemListElement\":[{\"@type\":\"ListItem\",\"position\":1,\"name\":\"Domovsk\u00e1 str\u00e1nka\",\"item\":\"https:\\\/\\\/www.soslow.sk\\\/\"},{\"@type\":\"ListItem\",\"position\":2,\"name\":\"Obchod\",\"item\":\"https:\\\/\\\/www.soslow.sk\\\/obchod\\\/\"},{\"@type\":\"ListItem\",\"position\":3,\"name\":\"Clove &#8211; Santal &#8211; Tangerine\"}]},{\"@type\":\"WebSite\",\"@id\":\"https:\\\/\\\/www.soslow.sk\\\/#website\",\"url\":\"https:\\\/\\\/www.soslow.sk\\\/\",\"name\":\"SO.SLOW\",\"description\":\"made better\",\"publisher\":{\"@id\":\"https:\\\/\\\/www.soslow.sk\\\/#organization\"},\"potentialAction\":[{\"@type\":\"SearchAction\",\"target\":{\"@type\":\"EntryPoint\",\"urlTemplate\":\"https:\\\/\\\/www.soslow.sk\\\/?s={search_term_string}\"},\"query-input\":{\"@type\":\"PropertyValueSpecification\",\"valueRequired\":true,\"valueName\":\"search_term_string\"}}],\"inLanguage\":\"en-GB\"},{\"@type\":\"Organization\",\"@id\":\"https:\\\/\\\/www.soslow.sk\\\/#organization\",\"name\":\"SoSlow\",\"url\":\"https:\\\/\\\/www.soslow.sk\\\/\",\"logo\":{\"@type\":\"ImageObject\",\"inLanguage\":\"en-GB\",\"@id\":\"https:\\\/\\\/www.soslow.sk\\\/#\\\/schema\\\/logo\\\/image\\\/\",\"url\":\"https:\\\/\\\/www.soslow.sk\\\/wp-content\\\/uploads\\\/2025\\\/01\\\/so.slow_.png\",\"contentUrl\":\"https:\\\/\\\/www.soslow.sk\\\/wp-content\\\/uploads\\\/2025\\\/01\\\/so.slow_.png\",\"width\":1772,\"height\":412,\"caption\":\"SoSlow\"},\"image\":{\"@id\":\"https:\\\/\\\/www.soslow.sk\\\/#\\\/schema\\\/logo\\\/image\\\/\"},\"sameAs\":[\"https:\\\/\\\/www.instagram.com\\\/so.slowproducts\"]}]}<\/script>\n<!-- \/ Yoast SEO plugin. -->","yoast_head_json":{"title":"Clove - Santal - Tangerine - SO.SLOW","description":"Clove - Santal - Tangerine prin\u00e1\u0161a v\u00fdnimo\u010dn\u00fa drevit\u00fa a z\u00e1rove\u0148 jemne dymov\u00fa v\u00f4\u0148u santalov\u00e9ho dreva, klin\u010deku a mandar\u00ednky.","robots":{"index":"index","follow":"follow","max-snippet":"max-snippet:-1","max-image-preview":"max-image-preview:large","max-video-preview":"max-video-preview:-1"},"canonical":"https:\/\/www.soslow.sk\/en\/obchod\/sviecky\/new-basic\/clove-santal-tangerine\/","og_locale":"en_GB","og_type":"article","og_title":"Clove - Santal - Tangerine - SO.SLOW","og_description":"Clove - Santal - Tangerine prin\u00e1\u0161a v\u00fdnimo\u010dn\u00fa drevit\u00fa a z\u00e1rove\u0148 jemne dymov\u00fa v\u00f4\u0148u santalov\u00e9ho dreva, klin\u010deku a mandar\u00ednky.","og_url":"https:\/\/www.soslow.sk\/en\/obchod\/sviecky\/new-basic\/clove-santal-tangerine\/","og_site_name":"SO.SLOW","article_modified_time":"2026-02-17T16:00:27+00:00","og_image":[{"width":1707,"height":2560,"url":"https:\/\/www.soslow.sk\/wp-content\/uploads\/2025\/10\/LKN2275-copy-3-scaled.png","type":"image\/png"}],"twitter_card":"summary_large_image","twitter_misc":{"Estimated reading time":"1 minute"},"schema":{"@context":"https:\/\/schema.org","@graph":[{"@type":"WebPage","@id":"https:\/\/www.soslow.sk\/obchod\/sviecky\/new-basic\/clove-santal-tangerine\/","url":"https:\/\/www.soslow.sk\/obchod\/sviecky\/new-basic\/clove-santal-tangerine\/","name":"Clove - Santal - Tangerine - SO.SLOW","isPartOf":{"@id":"https:\/\/www.soslow.sk\/#website"},"primaryImageOfPage":{"@id":"https:\/\/www.soslow.sk\/obchod\/sviecky\/new-basic\/clove-santal-tangerine\/#primaryimage"},"image":{"@id":"https:\/\/www.soslow.sk\/obchod\/sviecky\/new-basic\/clove-santal-tangerine\/#primaryimage"},"thumbnailUrl":"https:\/\/www.soslow.sk\/wp-content\/uploads\/2025\/10\/LKN2275-copy-3-scaled.png","datePublished":"2025-10-21T15:49:06+00:00","dateModified":"2026-02-17T16:00:27+00:00","description":"Clove - Santal - Tangerine prin\u00e1\u0161a v\u00fdnimo\u010dn\u00fa drevit\u00fa a z\u00e1rove\u0148 jemne dymov\u00fa v\u00f4\u0148u santalov\u00e9ho dreva, klin\u010deku a mandar\u00ednky.","breadcrumb":{"@id":"https:\/\/www.soslow.sk\/obchod\/sviecky\/new-basic\/clove-santal-tangerine\/#breadcrumb"},"inLanguage":"en-GB","potentialAction":[{"@type":"ReadAction","target":["https:\/\/www.soslow.sk\/obchod\/sviecky\/new-basic\/clove-santal-tangerine\/"]}]},{"@type":"ImageObject","inLanguage":"en-GB","@id":"https:\/\/www.soslow.sk\/obchod\/sviecky\/new-basic\/clove-santal-tangerine\/#primaryimage","url":"https:\/\/www.soslow.sk\/wp-content\/uploads\/2025\/10\/LKN2275-copy-3-scaled.png","contentUrl":"https:\/\/www.soslow.sk\/wp-content\/uploads\/2025\/10\/LKN2275-copy-3-scaled.png","width":1707,"height":2560},{"@type":"BreadcrumbList","@id":"https:\/\/www.soslow.sk\/obchod\/sviecky\/new-basic\/clove-santal-tangerine\/#breadcrumb","itemListElement":[{"@type":"ListItem","position":1,"name":"Domovsk\u00e1 str\u00e1nka","item":"https:\/\/www.soslow.sk\/"},{"@type":"ListItem","position":2,"name":"Obchod","item":"https:\/\/www.soslow.sk\/obchod\/"},{"@type":"ListItem","position":3,"name":"Clove &#8211; Santal &#8211; Tangerine"}]},{"@type":"WebSite","@id":"https:\/\/www.soslow.sk\/#website","url":"https:\/\/www.soslow.sk\/","name":"SO.SLOW","description":"made better","publisher":{"@id":"https:\/\/www.soslow.sk\/#organization"},"potentialAction":[{"@type":"SearchAction","target":{"@type":"EntryPoint","urlTemplate":"https:\/\/www.soslow.sk\/?s={search_term_string}"},"query-input":{"@type":"PropertyValueSpecification","valueRequired":true,"valueName":"search_term_string"}}],"inLanguage":"en-GB"},{"@type":"Organization","@id":"https:\/\/www.soslow.sk\/#organization","name":"SoSlow","url":"https:\/\/www.soslow.sk\/","logo":{"@type":"ImageObject","inLanguage":"en-GB","@id":"https:\/\/www.soslow.sk\/#\/schema\/logo\/image\/","url":"https:\/\/www.soslow.sk\/wp-content\/uploads\/2025\/01\/so.slow_.png","contentUrl":"https:\/\/www.soslow.sk\/wp-content\/uploads\/2025\/01\/so.slow_.png","width":1772,"height":412,"caption":"SoSlow"},"image":{"@id":"https:\/\/www.soslow.sk\/#\/schema\/logo\/image\/"},"sameAs":["https:\/\/www.instagram.com\/so.slowproducts"]}]}},"_links":{"self":[{"href":"https:\/\/www.soslow.sk\/en\/wp-json\/wp\/v2\/product\/352","targetHints":{"allow":["GET"]}}],"collection":[{"href":"https:\/\/www.soslow.sk\/en\/wp-json\/wp\/v2\/product"}],"about":[{"href":"https:\/\/www.soslow.sk\/en\/wp-json\/wp\/v2\/types\/product"}],"replies":[{"embeddable":true,"href":"https:\/\/www.soslow.sk\/en\/wp-json\/wp\/v2\/comments?post=352"}],"wp:featuredmedia":[{"embeddable":true,"href":"https:\/\/www.soslow.sk\/en\/wp-json\/wp\/v2\/media\/3421"}],"wp:attachment":[{"href":"https:\/\/www.soslow.sk\/en\/wp-json\/wp\/v2\/media?parent=352"}],"wp:term":[{"taxonomy":"product_brand","embeddable":true,"href":"https:\/\/www.soslow.sk\/en\/wp-json\/wp\/v2\/product_brand?post=352"},{"taxonomy":"product_cat","embeddable":true,"href":"https:\/\/www.soslow.sk\/en\/wp-json\/wp\/v2\/product_cat?post=352"},{"taxonomy":"product_tag","embeddable":true,"href":"https:\/\/www.soslow.sk\/en\/wp-json\/wp\/v2\/product_tag?post=352"}],"curies":[{"name":"wp","href":"https:\/\/api.w.org\/{rel}","templated":true}]}}