{"id":353,"date":"2024-11-02T15:18:09","date_gmt":"2024-11-02T15:18:09","guid":{"rendered":"https:\/\/staging.soslow.sk\/?post_type=product&#038;p=353"},"modified":"2026-03-10T13:24:42","modified_gmt":"2026-03-10T12:24:42","slug":"sunburnt","status":"publish","type":"product","link":"https:\/\/www.soslow.sk\/en\/obchod\/sviecky\/enjoyment-collection\/sunburnt\/","title":{"rendered":"Sunburnt"},"content":{"rendered":"<p>Scent: fig &amp; orange blossom<\/p>\n<p>Wax: soy<\/p>\n<p>Wax weight: 350g<\/p>\n<p>Burning time: around 60 hours<\/p>\n<p>Rosewood wick<\/p>\n<p>Material: glass<\/p>\n<p>Made in Bratislava\/Slovakia<\/p>\n<p>Enjoyment collection \/ We poured 350g of soy wax with 3 different scents into reused wine bottles. That is why we wanted to play with the idea that our candle represents wine - enjoyment, elegance, an original gift that you can replace wine with \/or supplement it with wine\/. Enjoyment collection is packaged in special custom boxes, thanks to which these candles are an ideal gift for any occasion.<\/p>\n<p>Instructions on how to properly use our wooden wick candles can be found <a href=\"https:\/\/www.soslow.sk\/en\/starostlivost-o-sviecku\/\">here<\/a>.<\/p>","protected":false},"excerpt":{"rendered":"<p>sunburn; &quot;carelessly letting go on a summer day, the skin reacts to the prolonged sun exposure, the body is blasting in the heat.&quot;<\/p>","protected":false},"featured_media":4383,"comment_status":"open","ping_status":"closed","template":"","meta":{"_monsterinsights_skip_tracking":false,"_monsterinsights_sitenote_active":false,"_monsterinsights_sitenote_note":"","_monsterinsights_sitenote_category":0},"product_brand":[],"product_cat":[34,23],"product_tag":[],"class_list":{"0":"post-353","1":"product","2":"type-product","3":"status-publish","4":"has-post-thumbnail","6":"product_cat-enjoyment-collection","7":"product_cat-sviecky","9":"first","10":"instock","11":"taxable","12":"shipping-taxable","13":"purchasable","14":"product-type-simple"},"yoast_head":"<!-- This site is optimized with the Yoast SEO plugin v27.5 - https:\/\/yoast.com\/product\/yoast-seo-wordpress\/ -->\n<title>Sunburnt - SO.SLOW<\/title>\n<meta name=\"description\" content=\"Sunburnt: figa &amp; pomaran\u010dov\u00fd kvet. Enjoyment Collection predstavuje tri r\u00f4zne v\u00f4ne, ktor\u00e9 sme naliali do znovu pou\u017eit\u00fdch flia\u0161 od v\u00edna.\" \/>\n<meta name=\"robots\" content=\"index, follow, max-snippet:-1, max-image-preview:large, max-video-preview:-1\" \/>\n<link rel=\"canonical\" href=\"https:\/\/www.soslow.sk\/en\/obchod\/sviecky\/enjoyment-collection\/sunburnt\/\" \/>\n<meta property=\"og:locale\" content=\"en_GB\" \/>\n<meta property=\"og:type\" content=\"article\" \/>\n<meta property=\"og:title\" content=\"Sunburnt - SO.SLOW\" \/>\n<meta property=\"og:description\" content=\"Sunburnt: figa &amp; pomaran\u010dov\u00fd kvet. Enjoyment Collection predstavuje tri r\u00f4zne v\u00f4ne, ktor\u00e9 sme naliali do znovu pou\u017eit\u00fdch flia\u0161 od v\u00edna.\" \/>\n<meta property=\"og:url\" content=\"https:\/\/www.soslow.sk\/en\/obchod\/sviecky\/enjoyment-collection\/sunburnt\/\" \/>\n<meta property=\"og:site_name\" content=\"SO.SLOW\" \/>\n<meta property=\"article:modified_time\" content=\"2026-03-10T12:24:42+00:00\" \/>\n<meta property=\"og:image\" content=\"https:\/\/www.soslow.sk\/wp-content\/uploads\/2024\/11\/SUNBURNT-1-1024x1024.png\" \/>\n\t<meta property=\"og:image:width\" content=\"1024\" \/>\n\t<meta property=\"og:image:height\" content=\"1024\" \/>\n\t<meta property=\"og:image:type\" content=\"image\/png\" \/>\n<meta name=\"twitter:card\" content=\"summary_large_image\" \/>\n<meta name=\"twitter:label1\" content=\"Estimated reading time\" \/>\n\t<meta name=\"twitter:data1\" content=\"1 minute\" \/>\n<script type=\"application\/ld+json\" class=\"yoast-schema-graph\">{\"@context\":\"https:\\\/\\\/schema.org\",\"@graph\":[{\"@type\":\"WebPage\",\"@id\":\"https:\\\/\\\/www.soslow.sk\\\/obchod\\\/sviecky\\\/enjoyment-collection\\\/sunburnt\\\/\",\"url\":\"https:\\\/\\\/www.soslow.sk\\\/obchod\\\/sviecky\\\/enjoyment-collection\\\/sunburnt\\\/\",\"name\":\"Sunburnt - SO.SLOW\",\"isPartOf\":{\"@id\":\"https:\\\/\\\/www.soslow.sk\\\/#website\"},\"primaryImageOfPage\":{\"@id\":\"https:\\\/\\\/www.soslow.sk\\\/obchod\\\/sviecky\\\/enjoyment-collection\\\/sunburnt\\\/#primaryimage\"},\"image\":{\"@id\":\"https:\\\/\\\/www.soslow.sk\\\/obchod\\\/sviecky\\\/enjoyment-collection\\\/sunburnt\\\/#primaryimage\"},\"thumbnailUrl\":\"https:\\\/\\\/www.soslow.sk\\\/wp-content\\\/uploads\\\/2024\\\/11\\\/SUNBURNT-1-scaled.png\",\"datePublished\":\"2024-11-02T15:18:09+00:00\",\"dateModified\":\"2026-03-10T12:24:42+00:00\",\"description\":\"Sunburnt: figa & pomaran\u010dov\u00fd kvet. Enjoyment Collection predstavuje tri r\u00f4zne v\u00f4ne, ktor\u00e9 sme naliali do znovu pou\u017eit\u00fdch flia\u0161 od v\u00edna.\",\"breadcrumb\":{\"@id\":\"https:\\\/\\\/www.soslow.sk\\\/obchod\\\/sviecky\\\/enjoyment-collection\\\/sunburnt\\\/#breadcrumb\"},\"inLanguage\":\"en-GB\",\"potentialAction\":[{\"@type\":\"ReadAction\",\"target\":[\"https:\\\/\\\/www.soslow.sk\\\/obchod\\\/sviecky\\\/enjoyment-collection\\\/sunburnt\\\/\"]}]},{\"@type\":\"ImageObject\",\"inLanguage\":\"en-GB\",\"@id\":\"https:\\\/\\\/www.soslow.sk\\\/obchod\\\/sviecky\\\/enjoyment-collection\\\/sunburnt\\\/#primaryimage\",\"url\":\"https:\\\/\\\/www.soslow.sk\\\/wp-content\\\/uploads\\\/2024\\\/11\\\/SUNBURNT-1-scaled.png\",\"contentUrl\":\"https:\\\/\\\/www.soslow.sk\\\/wp-content\\\/uploads\\\/2024\\\/11\\\/SUNBURNT-1-scaled.png\",\"width\":2560,\"height\":2560},{\"@type\":\"BreadcrumbList\",\"@id\":\"https:\\\/\\\/www.soslow.sk\\\/obchod\\\/sviecky\\\/enjoyment-collection\\\/sunburnt\\\/#breadcrumb\",\"itemListElement\":[{\"@type\":\"ListItem\",\"position\":1,\"name\":\"Domovsk\u00e1 str\u00e1nka\",\"item\":\"https:\\\/\\\/www.soslow.sk\\\/\"},{\"@type\":\"ListItem\",\"position\":2,\"name\":\"Obchod\",\"item\":\"https:\\\/\\\/www.soslow.sk\\\/obchod\\\/\"},{\"@type\":\"ListItem\",\"position\":3,\"name\":\"Sunburnt\"}]},{\"@type\":\"WebSite\",\"@id\":\"https:\\\/\\\/www.soslow.sk\\\/#website\",\"url\":\"https:\\\/\\\/www.soslow.sk\\\/\",\"name\":\"SO.SLOW\",\"description\":\"made better\",\"publisher\":{\"@id\":\"https:\\\/\\\/www.soslow.sk\\\/#organization\"},\"potentialAction\":[{\"@type\":\"SearchAction\",\"target\":{\"@type\":\"EntryPoint\",\"urlTemplate\":\"https:\\\/\\\/www.soslow.sk\\\/?s={search_term_string}\"},\"query-input\":{\"@type\":\"PropertyValueSpecification\",\"valueRequired\":true,\"valueName\":\"search_term_string\"}}],\"inLanguage\":\"en-GB\"},{\"@type\":\"Organization\",\"@id\":\"https:\\\/\\\/www.soslow.sk\\\/#organization\",\"name\":\"SoSlow\",\"url\":\"https:\\\/\\\/www.soslow.sk\\\/\",\"logo\":{\"@type\":\"ImageObject\",\"inLanguage\":\"en-GB\",\"@id\":\"https:\\\/\\\/www.soslow.sk\\\/#\\\/schema\\\/logo\\\/image\\\/\",\"url\":\"https:\\\/\\\/www.soslow.sk\\\/wp-content\\\/uploads\\\/2025\\\/01\\\/so.slow_.png\",\"contentUrl\":\"https:\\\/\\\/www.soslow.sk\\\/wp-content\\\/uploads\\\/2025\\\/01\\\/so.slow_.png\",\"width\":1772,\"height\":412,\"caption\":\"SoSlow\"},\"image\":{\"@id\":\"https:\\\/\\\/www.soslow.sk\\\/#\\\/schema\\\/logo\\\/image\\\/\"},\"sameAs\":[\"https:\\\/\\\/www.instagram.com\\\/so.slowproducts\"]}]}<\/script>\n<!-- \/ Yoast SEO plugin. -->","yoast_head_json":{"title":"Sunburnt - SO.SLOW","description":"Sunburnt: fig &amp; orange blossom. The Enjoyment Collection features three different scents that we poured into reused wine bottles.","robots":{"index":"index","follow":"follow","max-snippet":"max-snippet:-1","max-image-preview":"max-image-preview:large","max-video-preview":"max-video-preview:-1"},"canonical":"https:\/\/www.soslow.sk\/en\/obchod\/sviecky\/enjoyment-collection\/sunburnt\/","og_locale":"en_GB","og_type":"article","og_title":"Sunburnt - SO.SLOW","og_description":"Sunburnt: figa & pomaran\u010dov\u00fd kvet. Enjoyment Collection predstavuje tri r\u00f4zne v\u00f4ne, ktor\u00e9 sme naliali do znovu pou\u017eit\u00fdch flia\u0161 od v\u00edna.","og_url":"https:\/\/www.soslow.sk\/en\/obchod\/sviecky\/enjoyment-collection\/sunburnt\/","og_site_name":"SO.SLOW","article_modified_time":"2026-03-10T12:24:42+00:00","og_image":[{"width":1024,"height":1024,"url":"https:\/\/www.soslow.sk\/wp-content\/uploads\/2024\/11\/SUNBURNT-1-1024x1024.png","type":"image\/png"}],"twitter_card":"summary_large_image","twitter_misc":{"Estimated reading time":"1 minute"},"schema":{"@context":"https:\/\/schema.org","@graph":[{"@type":"WebPage","@id":"https:\/\/www.soslow.sk\/obchod\/sviecky\/enjoyment-collection\/sunburnt\/","url":"https:\/\/www.soslow.sk\/obchod\/sviecky\/enjoyment-collection\/sunburnt\/","name":"Sunburnt - SO.SLOW","isPartOf":{"@id":"https:\/\/www.soslow.sk\/#website"},"primaryImageOfPage":{"@id":"https:\/\/www.soslow.sk\/obchod\/sviecky\/enjoyment-collection\/sunburnt\/#primaryimage"},"image":{"@id":"https:\/\/www.soslow.sk\/obchod\/sviecky\/enjoyment-collection\/sunburnt\/#primaryimage"},"thumbnailUrl":"https:\/\/www.soslow.sk\/wp-content\/uploads\/2024\/11\/SUNBURNT-1-scaled.png","datePublished":"2024-11-02T15:18:09+00:00","dateModified":"2026-03-10T12:24:42+00:00","description":"Sunburnt: fig &amp; orange blossom. The Enjoyment Collection features three different scents that we poured into reused wine bottles.","breadcrumb":{"@id":"https:\/\/www.soslow.sk\/obchod\/sviecky\/enjoyment-collection\/sunburnt\/#breadcrumb"},"inLanguage":"en-GB","potentialAction":[{"@type":"ReadAction","target":["https:\/\/www.soslow.sk\/obchod\/sviecky\/enjoyment-collection\/sunburnt\/"]}]},{"@type":"ImageObject","inLanguage":"en-GB","@id":"https:\/\/www.soslow.sk\/obchod\/sviecky\/enjoyment-collection\/sunburnt\/#primaryimage","url":"https:\/\/www.soslow.sk\/wp-content\/uploads\/2024\/11\/SUNBURNT-1-scaled.png","contentUrl":"https:\/\/www.soslow.sk\/wp-content\/uploads\/2024\/11\/SUNBURNT-1-scaled.png","width":2560,"height":2560},{"@type":"BreadcrumbList","@id":"https:\/\/www.soslow.sk\/obchod\/sviecky\/enjoyment-collection\/sunburnt\/#breadcrumb","itemListElement":[{"@type":"ListItem","position":1,"name":"Domovsk\u00e1 str\u00e1nka","item":"https:\/\/www.soslow.sk\/"},{"@type":"ListItem","position":2,"name":"Obchod","item":"https:\/\/www.soslow.sk\/obchod\/"},{"@type":"ListItem","position":3,"name":"Sunburnt"}]},{"@type":"WebSite","@id":"https:\/\/www.soslow.sk\/#website","url":"https:\/\/www.soslow.sk\/","name":"SO.SLOW","description":"made better","publisher":{"@id":"https:\/\/www.soslow.sk\/#organization"},"potentialAction":[{"@type":"SearchAction","target":{"@type":"EntryPoint","urlTemplate":"https:\/\/www.soslow.sk\/?s={search_term_string}"},"query-input":{"@type":"PropertyValueSpecification","valueRequired":true,"valueName":"search_term_string"}}],"inLanguage":"en-GB"},{"@type":"Organization","@id":"https:\/\/www.soslow.sk\/#organization","name":"SoSlow","url":"https:\/\/www.soslow.sk\/","logo":{"@type":"ImageObject","inLanguage":"en-GB","@id":"https:\/\/www.soslow.sk\/#\/schema\/logo\/image\/","url":"https:\/\/www.soslow.sk\/wp-content\/uploads\/2025\/01\/so.slow_.png","contentUrl":"https:\/\/www.soslow.sk\/wp-content\/uploads\/2025\/01\/so.slow_.png","width":1772,"height":412,"caption":"SoSlow"},"image":{"@id":"https:\/\/www.soslow.sk\/#\/schema\/logo\/image\/"},"sameAs":["https:\/\/www.instagram.com\/so.slowproducts"]}]}},"_links":{"self":[{"href":"https:\/\/www.soslow.sk\/en\/wp-json\/wp\/v2\/product\/353","targetHints":{"allow":["GET"]}}],"collection":[{"href":"https:\/\/www.soslow.sk\/en\/wp-json\/wp\/v2\/product"}],"about":[{"href":"https:\/\/www.soslow.sk\/en\/wp-json\/wp\/v2\/types\/product"}],"replies":[{"embeddable":true,"href":"https:\/\/www.soslow.sk\/en\/wp-json\/wp\/v2\/comments?post=353"}],"wp:featuredmedia":[{"embeddable":true,"href":"https:\/\/www.soslow.sk\/en\/wp-json\/wp\/v2\/media\/4383"}],"wp:attachment":[{"href":"https:\/\/www.soslow.sk\/en\/wp-json\/wp\/v2\/media?parent=353"}],"wp:term":[{"taxonomy":"product_brand","embeddable":true,"href":"https:\/\/www.soslow.sk\/en\/wp-json\/wp\/v2\/product_brand?post=353"},{"taxonomy":"product_cat","embeddable":true,"href":"https:\/\/www.soslow.sk\/en\/wp-json\/wp\/v2\/product_cat?post=353"},{"taxonomy":"product_tag","embeddable":true,"href":"https:\/\/www.soslow.sk\/en\/wp-json\/wp\/v2\/product_tag?post=353"}],"curies":[{"name":"wp","href":"https:\/\/api.w.org\/{rel}","templated":true}]}}