{"id":401,"date":"2024-11-02T12:07:01","date_gmt":"2024-11-02T12:07:01","guid":{"rendered":"https:\/\/staging.soslow.sk\/?post_type=product&#038;p=401"},"modified":"2026-01-12T17:58:11","modified_gmt":"2026-01-12T16:58:11","slug":"uga","status":"publish","type":"product","link":"https:\/\/www.soslow.sk\/en\/obchod\/sviecky\/ceramica-collection\/uga\/","title":{"rendered":"Uga"},"content":{"rendered":"<p>Wax: coconut<\/p>\n<p>Wax weight: 125g<\/p>\n<p>Burning time: 25-30 hours<\/p>\n<p>Organic cotton wick<\/p>\n<p>Material: ceramic<\/p>\n<p>Made in Bratislava\/Slovakia<\/p>\n<p>The Cer\u00e1mica collection embodies our inspiration from the unique volcanic island of Lanzarote. The deep red clay from which the ceramic vessels are made perfectly embodies the volcanic clay that is abundant in Lanzarote and the other Canary Islands. This vibrant color not only enhances the aesthetic appeal of our products, but also pays homage to the natural elements of the island. The texture of the paper boxes draws inspiration from the unique geological formations found on Lanzarote.<\/p>\n<p>The names of the three candles are inspired by the charming villages scattered across Lanzarote, each aptly reflecting the character and spirit of the island. Lanzarote offers a wealth of inspiration, from its mesmerizing scents and stunning natural beauty, to the warmth and hospitality of its people. These qualities resonate with us and remind us to enjoy the richness and beauty of our surroundings.<\/p>","protected":false},"excerpt":{"rendered":"<p>Scent: eucalyptus \u2013 vetiver \u2013 thuja \u2013 cedarwood \u2013 myrrh<\/p>","protected":false},"featured_media":2777,"comment_status":"open","ping_status":"closed","template":"","meta":{"_monsterinsights_skip_tracking":false,"_monsterinsights_sitenote_active":false,"_monsterinsights_sitenote_note":"","_monsterinsights_sitenote_category":0},"product_brand":[],"product_cat":[37,23],"product_tag":[],"class_list":{"0":"post-401","1":"product","2":"type-product","3":"status-publish","4":"has-post-thumbnail","6":"product_cat-ceramica-collection","7":"product_cat-sviecky","9":"first","10":"instock","11":"taxable","12":"shipping-taxable","13":"purchasable","14":"product-type-simple"},"yoast_head":"<!-- This site is optimized with the Yoast SEO plugin v27.5 - https:\/\/yoast.com\/product\/yoast-seo-wordpress\/ -->\n<title>Uga - SO.SLOW<\/title>\n<meta name=\"description\" content=\"Kolekcia Cer\u00e1mica steles\u0148uje na\u0161u in\u0161pir\u00e1ciu unik\u00e1tnym sope\u010dn\u00fdm ostrovom Lanzarote. Uga: eukalyptus \u2013 vetiver \u2013 t\u00faja \u2013 c\u00e9drov\u00e9 drevo \u2013 myrha.\" \/>\n<meta name=\"robots\" content=\"index, follow, max-snippet:-1, max-image-preview:large, max-video-preview:-1\" \/>\n<link rel=\"canonical\" href=\"https:\/\/www.soslow.sk\/en\/obchod\/sviecky\/ceramica-collection\/uga\/\" \/>\n<meta property=\"og:locale\" content=\"en_GB\" \/>\n<meta property=\"og:type\" content=\"article\" \/>\n<meta property=\"og:title\" content=\"Uga - SO.SLOW\" \/>\n<meta property=\"og:description\" content=\"Kolekcia Cer\u00e1mica steles\u0148uje na\u0161u in\u0161pir\u00e1ciu unik\u00e1tnym sope\u010dn\u00fdm ostrovom Lanzarote. Uga: eukalyptus \u2013 vetiver \u2013 t\u00faja \u2013 c\u00e9drov\u00e9 drevo \u2013 myrha.\" \/>\n<meta property=\"og:url\" content=\"https:\/\/www.soslow.sk\/en\/obchod\/sviecky\/ceramica-collection\/uga\/\" \/>\n<meta property=\"og:site_name\" content=\"SO.SLOW\" \/>\n<meta property=\"article:modified_time\" content=\"2026-01-12T16:58:11+00:00\" \/>\n<meta property=\"og:image\" content=\"https:\/\/www.soslow.sk\/wp-content\/uploads\/2024\/11\/oprava2-e1743525518829-1024x956.png\" \/>\n\t<meta property=\"og:image:width\" content=\"1024\" \/>\n\t<meta property=\"og:image:height\" content=\"956\" \/>\n\t<meta property=\"og:image:type\" content=\"image\/png\" \/>\n<meta name=\"twitter:card\" content=\"summary_large_image\" \/>\n<meta name=\"twitter:label1\" content=\"Estimated reading time\" \/>\n\t<meta name=\"twitter:data1\" content=\"1 minute\" \/>\n<script type=\"application\/ld+json\" class=\"yoast-schema-graph\">{\"@context\":\"https:\\\/\\\/schema.org\",\"@graph\":[{\"@type\":\"WebPage\",\"@id\":\"https:\\\/\\\/www.soslow.sk\\\/obchod\\\/sviecky\\\/ceramica-collection\\\/uga\\\/\",\"url\":\"https:\\\/\\\/www.soslow.sk\\\/obchod\\\/sviecky\\\/ceramica-collection\\\/uga\\\/\",\"name\":\"Uga - SO.SLOW\",\"isPartOf\":{\"@id\":\"https:\\\/\\\/www.soslow.sk\\\/#website\"},\"primaryImageOfPage\":{\"@id\":\"https:\\\/\\\/www.soslow.sk\\\/obchod\\\/sviecky\\\/ceramica-collection\\\/uga\\\/#primaryimage\"},\"image\":{\"@id\":\"https:\\\/\\\/www.soslow.sk\\\/obchod\\\/sviecky\\\/ceramica-collection\\\/uga\\\/#primaryimage\"},\"thumbnailUrl\":\"https:\\\/\\\/www.soslow.sk\\\/wp-content\\\/uploads\\\/2024\\\/11\\\/oprava2-e1743525518829.png\",\"datePublished\":\"2024-11-02T12:07:01+00:00\",\"dateModified\":\"2026-01-12T16:58:11+00:00\",\"description\":\"Kolekcia Cer\u00e1mica steles\u0148uje na\u0161u in\u0161pir\u00e1ciu unik\u00e1tnym sope\u010dn\u00fdm ostrovom Lanzarote. Uga: eukalyptus \u2013 vetiver \u2013 t\u00faja \u2013 c\u00e9drov\u00e9 drevo \u2013 myrha.\",\"breadcrumb\":{\"@id\":\"https:\\\/\\\/www.soslow.sk\\\/obchod\\\/sviecky\\\/ceramica-collection\\\/uga\\\/#breadcrumb\"},\"inLanguage\":\"en-GB\",\"potentialAction\":[{\"@type\":\"ReadAction\",\"target\":[\"https:\\\/\\\/www.soslow.sk\\\/obchod\\\/sviecky\\\/ceramica-collection\\\/uga\\\/\"]}]},{\"@type\":\"ImageObject\",\"inLanguage\":\"en-GB\",\"@id\":\"https:\\\/\\\/www.soslow.sk\\\/obchod\\\/sviecky\\\/ceramica-collection\\\/uga\\\/#primaryimage\",\"url\":\"https:\\\/\\\/www.soslow.sk\\\/wp-content\\\/uploads\\\/2024\\\/11\\\/oprava2-e1743525518829.png\",\"contentUrl\":\"https:\\\/\\\/www.soslow.sk\\\/wp-content\\\/uploads\\\/2024\\\/11\\\/oprava2-e1743525518829.png\",\"width\":1667,\"height\":1556},{\"@type\":\"BreadcrumbList\",\"@id\":\"https:\\\/\\\/www.soslow.sk\\\/obchod\\\/sviecky\\\/ceramica-collection\\\/uga\\\/#breadcrumb\",\"itemListElement\":[{\"@type\":\"ListItem\",\"position\":1,\"name\":\"Domovsk\u00e1 str\u00e1nka\",\"item\":\"https:\\\/\\\/www.soslow.sk\\\/\"},{\"@type\":\"ListItem\",\"position\":2,\"name\":\"Obchod\",\"item\":\"https:\\\/\\\/www.soslow.sk\\\/obchod\\\/\"},{\"@type\":\"ListItem\",\"position\":3,\"name\":\"Uga\"}]},{\"@type\":\"WebSite\",\"@id\":\"https:\\\/\\\/www.soslow.sk\\\/#website\",\"url\":\"https:\\\/\\\/www.soslow.sk\\\/\",\"name\":\"SO.SLOW\",\"description\":\"made better\",\"publisher\":{\"@id\":\"https:\\\/\\\/www.soslow.sk\\\/#organization\"},\"potentialAction\":[{\"@type\":\"SearchAction\",\"target\":{\"@type\":\"EntryPoint\",\"urlTemplate\":\"https:\\\/\\\/www.soslow.sk\\\/?s={search_term_string}\"},\"query-input\":{\"@type\":\"PropertyValueSpecification\",\"valueRequired\":true,\"valueName\":\"search_term_string\"}}],\"inLanguage\":\"en-GB\"},{\"@type\":\"Organization\",\"@id\":\"https:\\\/\\\/www.soslow.sk\\\/#organization\",\"name\":\"SoSlow\",\"url\":\"https:\\\/\\\/www.soslow.sk\\\/\",\"logo\":{\"@type\":\"ImageObject\",\"inLanguage\":\"en-GB\",\"@id\":\"https:\\\/\\\/www.soslow.sk\\\/#\\\/schema\\\/logo\\\/image\\\/\",\"url\":\"https:\\\/\\\/www.soslow.sk\\\/wp-content\\\/uploads\\\/2025\\\/01\\\/so.slow_.png\",\"contentUrl\":\"https:\\\/\\\/www.soslow.sk\\\/wp-content\\\/uploads\\\/2025\\\/01\\\/so.slow_.png\",\"width\":1772,\"height\":412,\"caption\":\"SoSlow\"},\"image\":{\"@id\":\"https:\\\/\\\/www.soslow.sk\\\/#\\\/schema\\\/logo\\\/image\\\/\"},\"sameAs\":[\"https:\\\/\\\/www.instagram.com\\\/so.slowproducts\"]}]}<\/script>\n<!-- \/ Yoast SEO plugin. -->","yoast_head_json":{"title":"Uga - SO.SLOW","description":"Kolekcia Cer\u00e1mica steles\u0148uje na\u0161u in\u0161pir\u00e1ciu unik\u00e1tnym sope\u010dn\u00fdm ostrovom Lanzarote. Uga: eukalyptus \u2013 vetiver \u2013 t\u00faja \u2013 c\u00e9drov\u00e9 drevo \u2013 myrha.","robots":{"index":"index","follow":"follow","max-snippet":"max-snippet:-1","max-image-preview":"max-image-preview:large","max-video-preview":"max-video-preview:-1"},"canonical":"https:\/\/www.soslow.sk\/en\/obchod\/sviecky\/ceramica-collection\/uga\/","og_locale":"en_GB","og_type":"article","og_title":"Uga - SO.SLOW","og_description":"Kolekcia Cer\u00e1mica steles\u0148uje na\u0161u in\u0161pir\u00e1ciu unik\u00e1tnym sope\u010dn\u00fdm ostrovom Lanzarote. Uga: eukalyptus \u2013 vetiver \u2013 t\u00faja \u2013 c\u00e9drov\u00e9 drevo \u2013 myrha.","og_url":"https:\/\/www.soslow.sk\/en\/obchod\/sviecky\/ceramica-collection\/uga\/","og_site_name":"SO.SLOW","article_modified_time":"2026-01-12T16:58:11+00:00","og_image":[{"width":1024,"height":956,"url":"https:\/\/www.soslow.sk\/wp-content\/uploads\/2024\/11\/oprava2-e1743525518829-1024x956.png","type":"image\/png"}],"twitter_card":"summary_large_image","twitter_misc":{"Estimated reading time":"1 minute"},"schema":{"@context":"https:\/\/schema.org","@graph":[{"@type":"WebPage","@id":"https:\/\/www.soslow.sk\/obchod\/sviecky\/ceramica-collection\/uga\/","url":"https:\/\/www.soslow.sk\/obchod\/sviecky\/ceramica-collection\/uga\/","name":"Uga - SO.SLOW","isPartOf":{"@id":"https:\/\/www.soslow.sk\/#website"},"primaryImageOfPage":{"@id":"https:\/\/www.soslow.sk\/obchod\/sviecky\/ceramica-collection\/uga\/#primaryimage"},"image":{"@id":"https:\/\/www.soslow.sk\/obchod\/sviecky\/ceramica-collection\/uga\/#primaryimage"},"thumbnailUrl":"https:\/\/www.soslow.sk\/wp-content\/uploads\/2024\/11\/oprava2-e1743525518829.png","datePublished":"2024-11-02T12:07:01+00:00","dateModified":"2026-01-12T16:58:11+00:00","description":"Kolekcia Cer\u00e1mica steles\u0148uje na\u0161u in\u0161pir\u00e1ciu unik\u00e1tnym sope\u010dn\u00fdm ostrovom Lanzarote. Uga: eukalyptus \u2013 vetiver \u2013 t\u00faja \u2013 c\u00e9drov\u00e9 drevo \u2013 myrha.","breadcrumb":{"@id":"https:\/\/www.soslow.sk\/obchod\/sviecky\/ceramica-collection\/uga\/#breadcrumb"},"inLanguage":"en-GB","potentialAction":[{"@type":"ReadAction","target":["https:\/\/www.soslow.sk\/obchod\/sviecky\/ceramica-collection\/uga\/"]}]},{"@type":"ImageObject","inLanguage":"en-GB","@id":"https:\/\/www.soslow.sk\/obchod\/sviecky\/ceramica-collection\/uga\/#primaryimage","url":"https:\/\/www.soslow.sk\/wp-content\/uploads\/2024\/11\/oprava2-e1743525518829.png","contentUrl":"https:\/\/www.soslow.sk\/wp-content\/uploads\/2024\/11\/oprava2-e1743525518829.png","width":1667,"height":1556},{"@type":"BreadcrumbList","@id":"https:\/\/www.soslow.sk\/obchod\/sviecky\/ceramica-collection\/uga\/#breadcrumb","itemListElement":[{"@type":"ListItem","position":1,"name":"Domovsk\u00e1 str\u00e1nka","item":"https:\/\/www.soslow.sk\/"},{"@type":"ListItem","position":2,"name":"Obchod","item":"https:\/\/www.soslow.sk\/obchod\/"},{"@type":"ListItem","position":3,"name":"Uga"}]},{"@type":"WebSite","@id":"https:\/\/www.soslow.sk\/#website","url":"https:\/\/www.soslow.sk\/","name":"SO.SLOW","description":"made better","publisher":{"@id":"https:\/\/www.soslow.sk\/#organization"},"potentialAction":[{"@type":"SearchAction","target":{"@type":"EntryPoint","urlTemplate":"https:\/\/www.soslow.sk\/?s={search_term_string}"},"query-input":{"@type":"PropertyValueSpecification","valueRequired":true,"valueName":"search_term_string"}}],"inLanguage":"en-GB"},{"@type":"Organization","@id":"https:\/\/www.soslow.sk\/#organization","name":"SoSlow","url":"https:\/\/www.soslow.sk\/","logo":{"@type":"ImageObject","inLanguage":"en-GB","@id":"https:\/\/www.soslow.sk\/#\/schema\/logo\/image\/","url":"https:\/\/www.soslow.sk\/wp-content\/uploads\/2025\/01\/so.slow_.png","contentUrl":"https:\/\/www.soslow.sk\/wp-content\/uploads\/2025\/01\/so.slow_.png","width":1772,"height":412,"caption":"SoSlow"},"image":{"@id":"https:\/\/www.soslow.sk\/#\/schema\/logo\/image\/"},"sameAs":["https:\/\/www.instagram.com\/so.slowproducts"]}]}},"_links":{"self":[{"href":"https:\/\/www.soslow.sk\/en\/wp-json\/wp\/v2\/product\/401","targetHints":{"allow":["GET"]}}],"collection":[{"href":"https:\/\/www.soslow.sk\/en\/wp-json\/wp\/v2\/product"}],"about":[{"href":"https:\/\/www.soslow.sk\/en\/wp-json\/wp\/v2\/types\/product"}],"replies":[{"embeddable":true,"href":"https:\/\/www.soslow.sk\/en\/wp-json\/wp\/v2\/comments?post=401"}],"wp:featuredmedia":[{"embeddable":true,"href":"https:\/\/www.soslow.sk\/en\/wp-json\/wp\/v2\/media\/2777"}],"wp:attachment":[{"href":"https:\/\/www.soslow.sk\/en\/wp-json\/wp\/v2\/media?parent=401"}],"wp:term":[{"taxonomy":"product_brand","embeddable":true,"href":"https:\/\/www.soslow.sk\/en\/wp-json\/wp\/v2\/product_brand?post=401"},{"taxonomy":"product_cat","embeddable":true,"href":"https:\/\/www.soslow.sk\/en\/wp-json\/wp\/v2\/product_cat?post=401"},{"taxonomy":"product_tag","embeddable":true,"href":"https:\/\/www.soslow.sk\/en\/wp-json\/wp\/v2\/product_tag?post=401"}],"curies":[{"name":"wp","href":"https:\/\/api.w.org\/{rel}","templated":true}]}}