{"id":4070,"date":"2025-11-23T15:31:35","date_gmt":"2025-11-23T14:31:35","guid":{"rendered":"https:\/\/www.soslow.sk\/?post_type=product&#038;p=4070"},"modified":"2026-02-28T19:21:58","modified_gmt":"2026-02-28T18:21:58","slug":"onyx-vs-santal","status":"publish","type":"product","link":"https:\/\/www.soslow.sk\/en\/obchod\/sviecky\/thrifted-vessels-candle-collection\/onyx-vs-santal\/","title":{"rendered":"ONYX vs. SANTAL"},"content":{"rendered":"<p>Wax: soy wax<\/p>\n<p>Wax weight: 130g<\/p>\n<p>Burning time: 20-27 hours<\/p>\n<p>Organic cotton wick<\/p>\n<p>Material: recycled onyx<\/p>\n<p>Made in Bratislava\/Slovakia.<\/p>\n<p>Shining light on sustainability with this old-new project of ours. These candles are even more special as they are poured in thrifted vessels, giving new life to pre-loved treasures. Join us on our journey to a conscious lifestyle and decorate your space in an elegant and sustainable way.<\/p>","protected":false},"excerpt":{"rendered":"<p>Scent: Cedar Santal Wraps you in a sweet and warm embrace of cedarwood and creamy sandalwood. This candle creates a cozy atmosphere that evokes a sense of peace and harmony.<\/p>\n<div class=\"flex items-end\">\n<div class=\"flex items-center empty:hidden\">\n<div class=\"relative flex\"><\/div>\n<div class=\"relative flex\"><\/div>\n<div class=\"relative flex\"><\/div>\n<div class=\"relative flex\"><\/div>\n<div class=\"relative flex\"><\/div>\n<\/div>\n<\/div>","protected":false},"featured_media":4071,"comment_status":"open","ping_status":"closed","template":"","meta":{"_monsterinsights_skip_tracking":false,"_monsterinsights_sitenote_active":false,"_monsterinsights_sitenote_note":"","_monsterinsights_sitenote_category":0},"product_brand":[],"product_cat":[23,44],"product_tag":[],"class_list":{"0":"post-4070","1":"product","2":"type-product","3":"status-publish","4":"has-post-thumbnail","6":"product_cat-sviecky","7":"product_cat-thrifted-vessels-candle-collection","9":"first","10":"instock","11":"taxable","12":"shipping-taxable","13":"purchasable","14":"product-type-simple"},"yoast_head":"<!-- This site is optimized with the Yoast SEO plugin v27.4 - https:\/\/yoast.com\/product\/yoast-seo-wordpress\/ -->\n<title>ONYX vs. SANTAL - SO.SLOW<\/title>\n<meta name=\"robots\" content=\"index, follow, max-snippet:-1, max-image-preview:large, max-video-preview:-1\" \/>\n<link rel=\"canonical\" href=\"https:\/\/www.soslow.sk\/en\/obchod\/sviecky\/thrifted-vessels-candle-collection\/onyx-vs-santal\/\" \/>\n<meta property=\"og:locale\" content=\"en_GB\" \/>\n<meta property=\"og:type\" content=\"article\" \/>\n<meta property=\"og:title\" content=\"ONYX vs. SANTAL - SO.SLOW\" \/>\n<meta property=\"og:description\" content=\"V\u00f4\u0148a: Cedar Santal v\u00e1s zahal\u00ed do sladk\u00e9ho a hrejiv\u00e9ho objatia c\u00e9drov\u00e9ho dreva a kr\u00e9mov\u00e9ho santalov\u00e9ho dreva. T\u00e1to svie\u010dka vytv\u00e1ra \u00fatuln\u00fa atmosf\u00e9ru, ktor\u00e1 navod\u00ed pocit pokoja a harm\u00f3nie.\" \/>\n<meta property=\"og:url\" content=\"https:\/\/www.soslow.sk\/en\/obchod\/sviecky\/thrifted-vessels-candle-collection\/onyx-vs-santal\/\" \/>\n<meta property=\"og:site_name\" content=\"SO.SLOW\" \/>\n<meta property=\"article:modified_time\" content=\"2026-02-28T18:21:58+00:00\" \/>\n<meta property=\"og:image\" content=\"https:\/\/www.soslow.sk\/wp-content\/uploads\/2025\/11\/3.png\" \/>\n\t<meta property=\"og:image:width\" content=\"1667\" \/>\n\t<meta property=\"og:image:height\" content=\"1569\" \/>\n\t<meta property=\"og:image:type\" content=\"image\/png\" \/>\n<meta name=\"twitter:card\" content=\"summary_large_image\" \/>\n<meta name=\"twitter:label1\" content=\"Estimated reading time\" \/>\n\t<meta name=\"twitter:data1\" content=\"1 minute\" \/>\n<script type=\"application\/ld+json\" class=\"yoast-schema-graph\">{\"@context\":\"https:\\\/\\\/schema.org\",\"@graph\":[{\"@type\":\"WebPage\",\"@id\":\"https:\\\/\\\/www.soslow.sk\\\/obchod\\\/sviecky\\\/thrifted-vessels-candle-collection\\\/onyx-vs-santal\\\/\",\"url\":\"https:\\\/\\\/www.soslow.sk\\\/obchod\\\/sviecky\\\/thrifted-vessels-candle-collection\\\/onyx-vs-santal\\\/\",\"name\":\"ONYX vs. SANTAL - SO.SLOW\",\"isPartOf\":{\"@id\":\"https:\\\/\\\/www.soslow.sk\\\/#website\"},\"primaryImageOfPage\":{\"@id\":\"https:\\\/\\\/www.soslow.sk\\\/obchod\\\/sviecky\\\/thrifted-vessels-candle-collection\\\/onyx-vs-santal\\\/#primaryimage\"},\"image\":{\"@id\":\"https:\\\/\\\/www.soslow.sk\\\/obchod\\\/sviecky\\\/thrifted-vessels-candle-collection\\\/onyx-vs-santal\\\/#primaryimage\"},\"thumbnailUrl\":\"https:\\\/\\\/www.soslow.sk\\\/wp-content\\\/uploads\\\/2025\\\/11\\\/3.png\",\"datePublished\":\"2025-11-23T14:31:35+00:00\",\"dateModified\":\"2026-02-28T18:21:58+00:00\",\"breadcrumb\":{\"@id\":\"https:\\\/\\\/www.soslow.sk\\\/obchod\\\/sviecky\\\/thrifted-vessels-candle-collection\\\/onyx-vs-santal\\\/#breadcrumb\"},\"inLanguage\":\"en-GB\",\"potentialAction\":[{\"@type\":\"ReadAction\",\"target\":[\"https:\\\/\\\/www.soslow.sk\\\/obchod\\\/sviecky\\\/thrifted-vessels-candle-collection\\\/onyx-vs-santal\\\/\"]}]},{\"@type\":\"ImageObject\",\"inLanguage\":\"en-GB\",\"@id\":\"https:\\\/\\\/www.soslow.sk\\\/obchod\\\/sviecky\\\/thrifted-vessels-candle-collection\\\/onyx-vs-santal\\\/#primaryimage\",\"url\":\"https:\\\/\\\/www.soslow.sk\\\/wp-content\\\/uploads\\\/2025\\\/11\\\/3.png\",\"contentUrl\":\"https:\\\/\\\/www.soslow.sk\\\/wp-content\\\/uploads\\\/2025\\\/11\\\/3.png\",\"width\":1667,\"height\":1569},{\"@type\":\"BreadcrumbList\",\"@id\":\"https:\\\/\\\/www.soslow.sk\\\/obchod\\\/sviecky\\\/thrifted-vessels-candle-collection\\\/onyx-vs-santal\\\/#breadcrumb\",\"itemListElement\":[{\"@type\":\"ListItem\",\"position\":1,\"name\":\"Domovsk\u00e1 str\u00e1nka\",\"item\":\"https:\\\/\\\/www.soslow.sk\\\/\"},{\"@type\":\"ListItem\",\"position\":2,\"name\":\"Obchod\",\"item\":\"https:\\\/\\\/www.soslow.sk\\\/obchod\\\/\"},{\"@type\":\"ListItem\",\"position\":3,\"name\":\"ONYX vs. SANTAL\"}]},{\"@type\":\"WebSite\",\"@id\":\"https:\\\/\\\/www.soslow.sk\\\/#website\",\"url\":\"https:\\\/\\\/www.soslow.sk\\\/\",\"name\":\"SO.SLOW\",\"description\":\"made better\",\"publisher\":{\"@id\":\"https:\\\/\\\/www.soslow.sk\\\/#organization\"},\"potentialAction\":[{\"@type\":\"SearchAction\",\"target\":{\"@type\":\"EntryPoint\",\"urlTemplate\":\"https:\\\/\\\/www.soslow.sk\\\/?s={search_term_string}\"},\"query-input\":{\"@type\":\"PropertyValueSpecification\",\"valueRequired\":true,\"valueName\":\"search_term_string\"}}],\"inLanguage\":\"en-GB\"},{\"@type\":\"Organization\",\"@id\":\"https:\\\/\\\/www.soslow.sk\\\/#organization\",\"name\":\"SoSlow\",\"url\":\"https:\\\/\\\/www.soslow.sk\\\/\",\"logo\":{\"@type\":\"ImageObject\",\"inLanguage\":\"en-GB\",\"@id\":\"https:\\\/\\\/www.soslow.sk\\\/#\\\/schema\\\/logo\\\/image\\\/\",\"url\":\"https:\\\/\\\/www.soslow.sk\\\/wp-content\\\/uploads\\\/2025\\\/01\\\/so.slow_.png\",\"contentUrl\":\"https:\\\/\\\/www.soslow.sk\\\/wp-content\\\/uploads\\\/2025\\\/01\\\/so.slow_.png\",\"width\":1772,\"height\":412,\"caption\":\"SoSlow\"},\"image\":{\"@id\":\"https:\\\/\\\/www.soslow.sk\\\/#\\\/schema\\\/logo\\\/image\\\/\"},\"sameAs\":[\"https:\\\/\\\/www.instagram.com\\\/so.slowproducts\"]}]}<\/script>\n<!-- \/ Yoast SEO plugin. -->","yoast_head_json":{"title":"ONYX vs. SANTAL - SO.SLOW","robots":{"index":"index","follow":"follow","max-snippet":"max-snippet:-1","max-image-preview":"max-image-preview:large","max-video-preview":"max-video-preview:-1"},"canonical":"https:\/\/www.soslow.sk\/en\/obchod\/sviecky\/thrifted-vessels-candle-collection\/onyx-vs-santal\/","og_locale":"en_GB","og_type":"article","og_title":"ONYX vs. SANTAL - SO.SLOW","og_description":"V\u00f4\u0148a: Cedar Santal v\u00e1s zahal\u00ed do sladk\u00e9ho a hrejiv\u00e9ho objatia c\u00e9drov\u00e9ho dreva a kr\u00e9mov\u00e9ho santalov\u00e9ho dreva. T\u00e1to svie\u010dka vytv\u00e1ra \u00fatuln\u00fa atmosf\u00e9ru, ktor\u00e1 navod\u00ed pocit pokoja a harm\u00f3nie.","og_url":"https:\/\/www.soslow.sk\/en\/obchod\/sviecky\/thrifted-vessels-candle-collection\/onyx-vs-santal\/","og_site_name":"SO.SLOW","article_modified_time":"2026-02-28T18:21:58+00:00","og_image":[{"width":1667,"height":1569,"url":"https:\/\/www.soslow.sk\/wp-content\/uploads\/2025\/11\/3.png","type":"image\/png"}],"twitter_card":"summary_large_image","twitter_misc":{"Estimated reading time":"1 minute"},"schema":{"@context":"https:\/\/schema.org","@graph":[{"@type":"WebPage","@id":"https:\/\/www.soslow.sk\/obchod\/sviecky\/thrifted-vessels-candle-collection\/onyx-vs-santal\/","url":"https:\/\/www.soslow.sk\/obchod\/sviecky\/thrifted-vessels-candle-collection\/onyx-vs-santal\/","name":"ONYX vs. SANTAL - SO.SLOW","isPartOf":{"@id":"https:\/\/www.soslow.sk\/#website"},"primaryImageOfPage":{"@id":"https:\/\/www.soslow.sk\/obchod\/sviecky\/thrifted-vessels-candle-collection\/onyx-vs-santal\/#primaryimage"},"image":{"@id":"https:\/\/www.soslow.sk\/obchod\/sviecky\/thrifted-vessels-candle-collection\/onyx-vs-santal\/#primaryimage"},"thumbnailUrl":"https:\/\/www.soslow.sk\/wp-content\/uploads\/2025\/11\/3.png","datePublished":"2025-11-23T14:31:35+00:00","dateModified":"2026-02-28T18:21:58+00:00","breadcrumb":{"@id":"https:\/\/www.soslow.sk\/obchod\/sviecky\/thrifted-vessels-candle-collection\/onyx-vs-santal\/#breadcrumb"},"inLanguage":"en-GB","potentialAction":[{"@type":"ReadAction","target":["https:\/\/www.soslow.sk\/obchod\/sviecky\/thrifted-vessels-candle-collection\/onyx-vs-santal\/"]}]},{"@type":"ImageObject","inLanguage":"en-GB","@id":"https:\/\/www.soslow.sk\/obchod\/sviecky\/thrifted-vessels-candle-collection\/onyx-vs-santal\/#primaryimage","url":"https:\/\/www.soslow.sk\/wp-content\/uploads\/2025\/11\/3.png","contentUrl":"https:\/\/www.soslow.sk\/wp-content\/uploads\/2025\/11\/3.png","width":1667,"height":1569},{"@type":"BreadcrumbList","@id":"https:\/\/www.soslow.sk\/obchod\/sviecky\/thrifted-vessels-candle-collection\/onyx-vs-santal\/#breadcrumb","itemListElement":[{"@type":"ListItem","position":1,"name":"Domovsk\u00e1 str\u00e1nka","item":"https:\/\/www.soslow.sk\/"},{"@type":"ListItem","position":2,"name":"Obchod","item":"https:\/\/www.soslow.sk\/obchod\/"},{"@type":"ListItem","position":3,"name":"ONYX vs. SANTAL"}]},{"@type":"WebSite","@id":"https:\/\/www.soslow.sk\/#website","url":"https:\/\/www.soslow.sk\/","name":"SO.SLOW","description":"made better","publisher":{"@id":"https:\/\/www.soslow.sk\/#organization"},"potentialAction":[{"@type":"SearchAction","target":{"@type":"EntryPoint","urlTemplate":"https:\/\/www.soslow.sk\/?s={search_term_string}"},"query-input":{"@type":"PropertyValueSpecification","valueRequired":true,"valueName":"search_term_string"}}],"inLanguage":"en-GB"},{"@type":"Organization","@id":"https:\/\/www.soslow.sk\/#organization","name":"SoSlow","url":"https:\/\/www.soslow.sk\/","logo":{"@type":"ImageObject","inLanguage":"en-GB","@id":"https:\/\/www.soslow.sk\/#\/schema\/logo\/image\/","url":"https:\/\/www.soslow.sk\/wp-content\/uploads\/2025\/01\/so.slow_.png","contentUrl":"https:\/\/www.soslow.sk\/wp-content\/uploads\/2025\/01\/so.slow_.png","width":1772,"height":412,"caption":"SoSlow"},"image":{"@id":"https:\/\/www.soslow.sk\/#\/schema\/logo\/image\/"},"sameAs":["https:\/\/www.instagram.com\/so.slowproducts"]}]}},"_links":{"self":[{"href":"https:\/\/www.soslow.sk\/en\/wp-json\/wp\/v2\/product\/4070","targetHints":{"allow":["GET"]}}],"collection":[{"href":"https:\/\/www.soslow.sk\/en\/wp-json\/wp\/v2\/product"}],"about":[{"href":"https:\/\/www.soslow.sk\/en\/wp-json\/wp\/v2\/types\/product"}],"replies":[{"embeddable":true,"href":"https:\/\/www.soslow.sk\/en\/wp-json\/wp\/v2\/comments?post=4070"}],"wp:featuredmedia":[{"embeddable":true,"href":"https:\/\/www.soslow.sk\/en\/wp-json\/wp\/v2\/media\/4071"}],"wp:attachment":[{"href":"https:\/\/www.soslow.sk\/en\/wp-json\/wp\/v2\/media?parent=4070"}],"wp:term":[{"taxonomy":"product_brand","embeddable":true,"href":"https:\/\/www.soslow.sk\/en\/wp-json\/wp\/v2\/product_brand?post=4070"},{"taxonomy":"product_cat","embeddable":true,"href":"https:\/\/www.soslow.sk\/en\/wp-json\/wp\/v2\/product_cat?post=4070"},{"taxonomy":"product_tag","embeddable":true,"href":"https:\/\/www.soslow.sk\/en\/wp-json\/wp\/v2\/product_tag?post=4070"}],"curies":[{"name":"wp","href":"https:\/\/api.w.org\/{rel}","templated":true}]}}