{"id":432,"date":"2024-11-02T12:48:09","date_gmt":"2024-11-02T12:48:09","guid":{"rendered":"https:\/\/staging.soslow.sk\/?post_type=product&#038;p=432"},"modified":"2026-03-09T22:00:40","modified_gmt":"2026-03-09T21:00:40","slug":"patchouli","status":"publish","type":"product","link":"https:\/\/www.soslow.sk\/en\/obchod\/eau-de-cologne\/patchouli\/","title":{"rendered":"Patchouli"},"content":{"rendered":"<p>Eau de Cologne is a perfume with a very light concentration of perfume oils. Its lightness helps you revitalize your body with pleasant scents after each application. It restores your energy and makes moments more pleasant.<\/p>\n<p>&nbsp;<\/p>","protected":false},"excerpt":{"rendered":"<p>Eau de Cologne, 100ml. Patchouli is characterized by deep, earthy notes with a subtle sweetness and hints of spice. It has a slightly smoky undertone that gives it sensuality and mystery.<\/p>","protected":false},"featured_media":2860,"comment_status":"open","ping_status":"closed","template":"","meta":{"_monsterinsights_skip_tracking":false,"_monsterinsights_sitenote_active":false,"_monsterinsights_sitenote_note":"","_monsterinsights_sitenote_category":0},"product_brand":[],"product_cat":[30],"product_tag":[],"class_list":{"0":"post-432","1":"product","2":"type-product","3":"status-publish","4":"has-post-thumbnail","6":"product_cat-eau-de-cologne","8":"first","9":"instock","10":"taxable","11":"shipping-taxable","12":"purchasable","13":"product-type-simple"},"yoast_head":"<!-- This site is optimized with the Yoast SEO plugin v27.5 - https:\/\/yoast.com\/product\/yoast-seo-wordpress\/ -->\n<title>Patchouli - SO.SLOW<\/title>\n<meta name=\"description\" content=\"Eau de Cologne Patchouli, 100ml. Pa\u010duli je charakteristick\u00e1 hlbok\u00fdmi, zemit\u00fdmi t\u00f3nmi s jemnou sladkos\u0165ou a n\u00e1znakmi korenia.\" \/>\n<meta name=\"robots\" content=\"index, follow, max-snippet:-1, max-image-preview:large, max-video-preview:-1\" \/>\n<link rel=\"canonical\" href=\"https:\/\/www.soslow.sk\/en\/obchod\/eau-de-cologne\/patchouli\/\" \/>\n<meta property=\"og:locale\" content=\"en_GB\" \/>\n<meta property=\"og:type\" content=\"article\" \/>\n<meta property=\"og:title\" content=\"Patchouli - SO.SLOW\" \/>\n<meta property=\"og:description\" content=\"Eau de Cologne Patchouli, 100ml. Pa\u010duli je charakteristick\u00e1 hlbok\u00fdmi, zemit\u00fdmi t\u00f3nmi s jemnou sladkos\u0165ou a n\u00e1znakmi korenia.\" \/>\n<meta property=\"og:url\" content=\"https:\/\/www.soslow.sk\/en\/obchod\/eau-de-cologne\/patchouli\/\" \/>\n<meta property=\"og:site_name\" content=\"SO.SLOW\" \/>\n<meta property=\"article:modified_time\" content=\"2026-03-09T21:00:40+00:00\" \/>\n<meta property=\"og:image\" content=\"https:\/\/www.soslow.sk\/wp-content\/uploads\/2024\/11\/4D468297-121C-43B0-AFFE-5E36C00B01D9-scaled-e1748169217973.png\" \/>\n\t<meta property=\"og:image:width\" content=\"1754\" \/>\n\t<meta property=\"og:image:height\" content=\"2193\" \/>\n\t<meta property=\"og:image:type\" content=\"image\/png\" \/>\n<meta name=\"twitter:card\" content=\"summary_large_image\" \/>\n<meta name=\"twitter:label1\" content=\"Estimated reading time\" \/>\n\t<meta name=\"twitter:data1\" content=\"1 minute\" \/>\n<script type=\"application\/ld+json\" class=\"yoast-schema-graph\">{\"@context\":\"https:\\\/\\\/schema.org\",\"@graph\":[{\"@type\":\"WebPage\",\"@id\":\"https:\\\/\\\/www.soslow.sk\\\/obchod\\\/eau-de-cologne\\\/patchouli\\\/\",\"url\":\"https:\\\/\\\/www.soslow.sk\\\/obchod\\\/eau-de-cologne\\\/patchouli\\\/\",\"name\":\"Patchouli - SO.SLOW\",\"isPartOf\":{\"@id\":\"https:\\\/\\\/www.soslow.sk\\\/#website\"},\"primaryImageOfPage\":{\"@id\":\"https:\\\/\\\/www.soslow.sk\\\/obchod\\\/eau-de-cologne\\\/patchouli\\\/#primaryimage\"},\"image\":{\"@id\":\"https:\\\/\\\/www.soslow.sk\\\/obchod\\\/eau-de-cologne\\\/patchouli\\\/#primaryimage\"},\"thumbnailUrl\":\"https:\\\/\\\/www.soslow.sk\\\/wp-content\\\/uploads\\\/2024\\\/11\\\/4D468297-121C-43B0-AFFE-5E36C00B01D9-scaled-e1748169217973.png\",\"datePublished\":\"2024-11-02T12:48:09+00:00\",\"dateModified\":\"2026-03-09T21:00:40+00:00\",\"description\":\"Eau de Cologne Patchouli, 100ml. Pa\u010duli je charakteristick\u00e1 hlbok\u00fdmi, zemit\u00fdmi t\u00f3nmi s jemnou sladkos\u0165ou a n\u00e1znakmi korenia.\",\"breadcrumb\":{\"@id\":\"https:\\\/\\\/www.soslow.sk\\\/obchod\\\/eau-de-cologne\\\/patchouli\\\/#breadcrumb\"},\"inLanguage\":\"en-GB\",\"potentialAction\":[{\"@type\":\"ReadAction\",\"target\":[\"https:\\\/\\\/www.soslow.sk\\\/obchod\\\/eau-de-cologne\\\/patchouli\\\/\"]}]},{\"@type\":\"ImageObject\",\"inLanguage\":\"en-GB\",\"@id\":\"https:\\\/\\\/www.soslow.sk\\\/obchod\\\/eau-de-cologne\\\/patchouli\\\/#primaryimage\",\"url\":\"https:\\\/\\\/www.soslow.sk\\\/wp-content\\\/uploads\\\/2024\\\/11\\\/4D468297-121C-43B0-AFFE-5E36C00B01D9-scaled-e1748169217973.png\",\"contentUrl\":\"https:\\\/\\\/www.soslow.sk\\\/wp-content\\\/uploads\\\/2024\\\/11\\\/4D468297-121C-43B0-AFFE-5E36C00B01D9-scaled-e1748169217973.png\",\"width\":1754,\"height\":2193},{\"@type\":\"BreadcrumbList\",\"@id\":\"https:\\\/\\\/www.soslow.sk\\\/obchod\\\/eau-de-cologne\\\/patchouli\\\/#breadcrumb\",\"itemListElement\":[{\"@type\":\"ListItem\",\"position\":1,\"name\":\"Domovsk\u00e1 str\u00e1nka\",\"item\":\"https:\\\/\\\/www.soslow.sk\\\/\"},{\"@type\":\"ListItem\",\"position\":2,\"name\":\"Obchod\",\"item\":\"https:\\\/\\\/www.soslow.sk\\\/obchod\\\/\"},{\"@type\":\"ListItem\",\"position\":3,\"name\":\"Patchouli\"}]},{\"@type\":\"WebSite\",\"@id\":\"https:\\\/\\\/www.soslow.sk\\\/#website\",\"url\":\"https:\\\/\\\/www.soslow.sk\\\/\",\"name\":\"SO.SLOW\",\"description\":\"made better\",\"publisher\":{\"@id\":\"https:\\\/\\\/www.soslow.sk\\\/#organization\"},\"potentialAction\":[{\"@type\":\"SearchAction\",\"target\":{\"@type\":\"EntryPoint\",\"urlTemplate\":\"https:\\\/\\\/www.soslow.sk\\\/?s={search_term_string}\"},\"query-input\":{\"@type\":\"PropertyValueSpecification\",\"valueRequired\":true,\"valueName\":\"search_term_string\"}}],\"inLanguage\":\"en-GB\"},{\"@type\":\"Organization\",\"@id\":\"https:\\\/\\\/www.soslow.sk\\\/#organization\",\"name\":\"SoSlow\",\"url\":\"https:\\\/\\\/www.soslow.sk\\\/\",\"logo\":{\"@type\":\"ImageObject\",\"inLanguage\":\"en-GB\",\"@id\":\"https:\\\/\\\/www.soslow.sk\\\/#\\\/schema\\\/logo\\\/image\\\/\",\"url\":\"https:\\\/\\\/www.soslow.sk\\\/wp-content\\\/uploads\\\/2025\\\/01\\\/so.slow_.png\",\"contentUrl\":\"https:\\\/\\\/www.soslow.sk\\\/wp-content\\\/uploads\\\/2025\\\/01\\\/so.slow_.png\",\"width\":1772,\"height\":412,\"caption\":\"SoSlow\"},\"image\":{\"@id\":\"https:\\\/\\\/www.soslow.sk\\\/#\\\/schema\\\/logo\\\/image\\\/\"},\"sameAs\":[\"https:\\\/\\\/www.instagram.com\\\/so.slowproducts\"]}]}<\/script>\n<!-- \/ Yoast SEO plugin. -->","yoast_head_json":{"title":"Patchouli - SO.SLOW","description":"Eau de Cologne Patchouli, 100ml. Patchouli is characterized by deep, earthy notes with a subtle sweetness and hints of spice.","robots":{"index":"index","follow":"follow","max-snippet":"max-snippet:-1","max-image-preview":"max-image-preview:large","max-video-preview":"max-video-preview:-1"},"canonical":"https:\/\/www.soslow.sk\/en\/obchod\/eau-de-cologne\/patchouli\/","og_locale":"en_GB","og_type":"article","og_title":"Patchouli - SO.SLOW","og_description":"Eau de Cologne Patchouli, 100ml. Pa\u010duli je charakteristick\u00e1 hlbok\u00fdmi, zemit\u00fdmi t\u00f3nmi s jemnou sladkos\u0165ou a n\u00e1znakmi korenia.","og_url":"https:\/\/www.soslow.sk\/en\/obchod\/eau-de-cologne\/patchouli\/","og_site_name":"SO.SLOW","article_modified_time":"2026-03-09T21:00:40+00:00","og_image":[{"width":1754,"height":2193,"url":"https:\/\/www.soslow.sk\/wp-content\/uploads\/2024\/11\/4D468297-121C-43B0-AFFE-5E36C00B01D9-scaled-e1748169217973.png","type":"image\/png"}],"twitter_card":"summary_large_image","twitter_misc":{"Estimated reading time":"1 minute"},"schema":{"@context":"https:\/\/schema.org","@graph":[{"@type":"WebPage","@id":"https:\/\/www.soslow.sk\/obchod\/eau-de-cologne\/patchouli\/","url":"https:\/\/www.soslow.sk\/obchod\/eau-de-cologne\/patchouli\/","name":"Patchouli - SO.SLOW","isPartOf":{"@id":"https:\/\/www.soslow.sk\/#website"},"primaryImageOfPage":{"@id":"https:\/\/www.soslow.sk\/obchod\/eau-de-cologne\/patchouli\/#primaryimage"},"image":{"@id":"https:\/\/www.soslow.sk\/obchod\/eau-de-cologne\/patchouli\/#primaryimage"},"thumbnailUrl":"https:\/\/www.soslow.sk\/wp-content\/uploads\/2024\/11\/4D468297-121C-43B0-AFFE-5E36C00B01D9-scaled-e1748169217973.png","datePublished":"2024-11-02T12:48:09+00:00","dateModified":"2026-03-09T21:00:40+00:00","description":"Eau de Cologne Patchouli, 100ml. Patchouli is characterized by deep, earthy notes with a subtle sweetness and hints of spice.","breadcrumb":{"@id":"https:\/\/www.soslow.sk\/obchod\/eau-de-cologne\/patchouli\/#breadcrumb"},"inLanguage":"en-GB","potentialAction":[{"@type":"ReadAction","target":["https:\/\/www.soslow.sk\/obchod\/eau-de-cologne\/patchouli\/"]}]},{"@type":"ImageObject","inLanguage":"en-GB","@id":"https:\/\/www.soslow.sk\/obchod\/eau-de-cologne\/patchouli\/#primaryimage","url":"https:\/\/www.soslow.sk\/wp-content\/uploads\/2024\/11\/4D468297-121C-43B0-AFFE-5E36C00B01D9-scaled-e1748169217973.png","contentUrl":"https:\/\/www.soslow.sk\/wp-content\/uploads\/2024\/11\/4D468297-121C-43B0-AFFE-5E36C00B01D9-scaled-e1748169217973.png","width":1754,"height":2193},{"@type":"BreadcrumbList","@id":"https:\/\/www.soslow.sk\/obchod\/eau-de-cologne\/patchouli\/#breadcrumb","itemListElement":[{"@type":"ListItem","position":1,"name":"Domovsk\u00e1 str\u00e1nka","item":"https:\/\/www.soslow.sk\/"},{"@type":"ListItem","position":2,"name":"Obchod","item":"https:\/\/www.soslow.sk\/obchod\/"},{"@type":"ListItem","position":3,"name":"Patchouli"}]},{"@type":"WebSite","@id":"https:\/\/www.soslow.sk\/#website","url":"https:\/\/www.soslow.sk\/","name":"SO.SLOW","description":"made better","publisher":{"@id":"https:\/\/www.soslow.sk\/#organization"},"potentialAction":[{"@type":"SearchAction","target":{"@type":"EntryPoint","urlTemplate":"https:\/\/www.soslow.sk\/?s={search_term_string}"},"query-input":{"@type":"PropertyValueSpecification","valueRequired":true,"valueName":"search_term_string"}}],"inLanguage":"en-GB"},{"@type":"Organization","@id":"https:\/\/www.soslow.sk\/#organization","name":"SoSlow","url":"https:\/\/www.soslow.sk\/","logo":{"@type":"ImageObject","inLanguage":"en-GB","@id":"https:\/\/www.soslow.sk\/#\/schema\/logo\/image\/","url":"https:\/\/www.soslow.sk\/wp-content\/uploads\/2025\/01\/so.slow_.png","contentUrl":"https:\/\/www.soslow.sk\/wp-content\/uploads\/2025\/01\/so.slow_.png","width":1772,"height":412,"caption":"SoSlow"},"image":{"@id":"https:\/\/www.soslow.sk\/#\/schema\/logo\/image\/"},"sameAs":["https:\/\/www.instagram.com\/so.slowproducts"]}]}},"_links":{"self":[{"href":"https:\/\/www.soslow.sk\/en\/wp-json\/wp\/v2\/product\/432","targetHints":{"allow":["GET"]}}],"collection":[{"href":"https:\/\/www.soslow.sk\/en\/wp-json\/wp\/v2\/product"}],"about":[{"href":"https:\/\/www.soslow.sk\/en\/wp-json\/wp\/v2\/types\/product"}],"replies":[{"embeddable":true,"href":"https:\/\/www.soslow.sk\/en\/wp-json\/wp\/v2\/comments?post=432"}],"wp:featuredmedia":[{"embeddable":true,"href":"https:\/\/www.soslow.sk\/en\/wp-json\/wp\/v2\/media\/2860"}],"wp:attachment":[{"href":"https:\/\/www.soslow.sk\/en\/wp-json\/wp\/v2\/media?parent=432"}],"wp:term":[{"taxonomy":"product_brand","embeddable":true,"href":"https:\/\/www.soslow.sk\/en\/wp-json\/wp\/v2\/product_brand?post=432"},{"taxonomy":"product_cat","embeddable":true,"href":"https:\/\/www.soslow.sk\/en\/wp-json\/wp\/v2\/product_cat?post=432"},{"taxonomy":"product_tag","embeddable":true,"href":"https:\/\/www.soslow.sk\/en\/wp-json\/wp\/v2\/product_tag?post=432"}],"curies":[{"name":"wp","href":"https:\/\/api.w.org\/{rel}","templated":true}]}}