{"id":4391,"date":"2026-01-12T19:12:50","date_gmt":"2026-01-12T18:12:50","guid":{"rendered":"https:\/\/www.soslow.sk\/?post_type=product&#038;p=4391"},"modified":"2026-03-10T12:37:14","modified_gmt":"2026-03-10T11:37:14","slug":"hinoki-cedarwood-cypress","status":"publish","type":"product","link":"https:\/\/www.soslow.sk\/en\/obchod\/sviecky\/thrifted-vessels-candle-collection\/hinoki-cedarwood-cypress\/","title":{"rendered":"HINOKI, CEDARWOOD, CYPRESS"},"content":{"rendered":"<p>Wax: soy wax<\/p>\n<p>Wax weight: 150g<\/p>\n<p>Burning time: 20-28 hours<\/p>\n<p>Organic cotton wick<\/p>\n<p>Material: recycled glass<\/p>\n<p>Made in Bratislava\/Slovakia<\/p>\n<p>The color of the container may vary slightly from the photo.<\/p>\n<p>Shining light on sustainability with this old-new project of ours. These candles are even more special as they are poured in thrifted vessels, giving new life to pre-loved treasures. Join us on our journey to a conscious lifestyle and decorate your space in an elegant and sustainable way.<\/p>","protected":false},"excerpt":{"rendered":"<p data-start=\"94\" data-end=\"127\"><strong data-start=\"94\" data-end=\"127\">Fragrance: hinoki \u2013 cypress \u2013 cedar<\/strong><\/p>\n<p data-start=\"129\" data-end=\"409\">A woody-fresh and peaceful fragrance inspired by the forest, combining the clean, slightly citrus character of hinoki with the cooling freshness of cypress and the warming depth of cedar wood. A natural, grounding and harmonious composition that evokes a feeling of silence, stability and inner peace.<\/p>","protected":false},"featured_media":4392,"comment_status":"open","ping_status":"closed","template":"","meta":{"_monsterinsights_skip_tracking":false,"_monsterinsights_sitenote_active":false,"_monsterinsights_sitenote_note":"","_monsterinsights_sitenote_category":0},"product_brand":[],"product_cat":[23,44],"product_tag":[],"class_list":{"0":"post-4391","1":"product","2":"type-product","3":"status-publish","4":"has-post-thumbnail","6":"product_cat-sviecky","7":"product_cat-thrifted-vessels-candle-collection","9":"first","10":"instock","11":"taxable","12":"shipping-taxable","13":"purchasable","14":"product-type-simple"},"yoast_head":"<!-- This site is optimized with the Yoast SEO plugin v27.4 - https:\/\/yoast.com\/product\/yoast-seo-wordpress\/ -->\n<title>HINOKI, CEDARWOOD, CYPRESS - SO.SLOW<\/title>\n<meta name=\"robots\" content=\"index, follow, max-snippet:-1, max-image-preview:large, max-video-preview:-1\" \/>\n<link rel=\"canonical\" href=\"https:\/\/www.soslow.sk\/en\/obchod\/sviecky\/thrifted-vessels-candle-collection\/hinoki-cedarwood-cypress\/\" \/>\n<meta property=\"og:locale\" content=\"en_GB\" \/>\n<meta property=\"og:type\" content=\"article\" \/>\n<meta property=\"og:title\" content=\"HINOKI, CEDARWOOD, CYPRESS - SO.SLOW\" \/>\n<meta property=\"og:description\" content=\"V\u00f4\u0148a: hinoki \u2013 cyprus \u2013 c\u00e9der Drevito-svie\u017ea a pokojn\u00e1 v\u00f4\u0148a in\u0161pirovan\u00e1 lesom, v ktorej sa sp\u00e1ja \u010dist\u00fd, jemne citrusov\u00fd charakter hinoki s chladivou svie\u017eos\u0165ou cyprusu a hrejivou h\u013abkou c\u00e9drov\u00e9ho dreva. Prirodzen\u00e1, uzem\u0148uj\u00faca a harmonick\u00e1 kompoz\u00edcia, ktor\u00e1 navodzuje pocit ticha, stability a vn\u00fatorn\u00e9ho pokoja.\" \/>\n<meta property=\"og:url\" content=\"https:\/\/www.soslow.sk\/en\/obchod\/sviecky\/thrifted-vessels-candle-collection\/hinoki-cedarwood-cypress\/\" \/>\n<meta property=\"og:site_name\" content=\"SO.SLOW\" \/>\n<meta property=\"article:modified_time\" content=\"2026-03-10T11:37:14+00:00\" \/>\n<meta property=\"og:image\" content=\"https:\/\/www.soslow.sk\/wp-content\/uploads\/2026\/01\/5.png\" \/>\n\t<meta property=\"og:image:width\" content=\"1667\" \/>\n\t<meta property=\"og:image:height\" content=\"1569\" \/>\n\t<meta property=\"og:image:type\" content=\"image\/png\" \/>\n<meta name=\"twitter:card\" content=\"summary_large_image\" \/>\n<meta name=\"twitter:label1\" content=\"Estimated reading time\" \/>\n\t<meta name=\"twitter:data1\" content=\"1 minute\" \/>\n<script type=\"application\/ld+json\" class=\"yoast-schema-graph\">{\"@context\":\"https:\\\/\\\/schema.org\",\"@graph\":[{\"@type\":\"WebPage\",\"@id\":\"https:\\\/\\\/www.soslow.sk\\\/obchod\\\/sviecky\\\/thrifted-vessels-candle-collection\\\/hinoki-cedarwood-cypress\\\/\",\"url\":\"https:\\\/\\\/www.soslow.sk\\\/obchod\\\/sviecky\\\/thrifted-vessels-candle-collection\\\/hinoki-cedarwood-cypress\\\/\",\"name\":\"HINOKI, CEDARWOOD, CYPRESS - SO.SLOW\",\"isPartOf\":{\"@id\":\"https:\\\/\\\/www.soslow.sk\\\/#website\"},\"primaryImageOfPage\":{\"@id\":\"https:\\\/\\\/www.soslow.sk\\\/obchod\\\/sviecky\\\/thrifted-vessels-candle-collection\\\/hinoki-cedarwood-cypress\\\/#primaryimage\"},\"image\":{\"@id\":\"https:\\\/\\\/www.soslow.sk\\\/obchod\\\/sviecky\\\/thrifted-vessels-candle-collection\\\/hinoki-cedarwood-cypress\\\/#primaryimage\"},\"thumbnailUrl\":\"https:\\\/\\\/www.soslow.sk\\\/wp-content\\\/uploads\\\/2026\\\/01\\\/5.png\",\"datePublished\":\"2026-01-12T18:12:50+00:00\",\"dateModified\":\"2026-03-10T11:37:14+00:00\",\"breadcrumb\":{\"@id\":\"https:\\\/\\\/www.soslow.sk\\\/obchod\\\/sviecky\\\/thrifted-vessels-candle-collection\\\/hinoki-cedarwood-cypress\\\/#breadcrumb\"},\"inLanguage\":\"en-GB\",\"potentialAction\":[{\"@type\":\"ReadAction\",\"target\":[\"https:\\\/\\\/www.soslow.sk\\\/obchod\\\/sviecky\\\/thrifted-vessels-candle-collection\\\/hinoki-cedarwood-cypress\\\/\"]}]},{\"@type\":\"ImageObject\",\"inLanguage\":\"en-GB\",\"@id\":\"https:\\\/\\\/www.soslow.sk\\\/obchod\\\/sviecky\\\/thrifted-vessels-candle-collection\\\/hinoki-cedarwood-cypress\\\/#primaryimage\",\"url\":\"https:\\\/\\\/www.soslow.sk\\\/wp-content\\\/uploads\\\/2026\\\/01\\\/5.png\",\"contentUrl\":\"https:\\\/\\\/www.soslow.sk\\\/wp-content\\\/uploads\\\/2026\\\/01\\\/5.png\",\"width\":1667,\"height\":1569},{\"@type\":\"BreadcrumbList\",\"@id\":\"https:\\\/\\\/www.soslow.sk\\\/obchod\\\/sviecky\\\/thrifted-vessels-candle-collection\\\/hinoki-cedarwood-cypress\\\/#breadcrumb\",\"itemListElement\":[{\"@type\":\"ListItem\",\"position\":1,\"name\":\"Domovsk\u00e1 str\u00e1nka\",\"item\":\"https:\\\/\\\/www.soslow.sk\\\/\"},{\"@type\":\"ListItem\",\"position\":2,\"name\":\"Obchod\",\"item\":\"https:\\\/\\\/www.soslow.sk\\\/obchod\\\/\"},{\"@type\":\"ListItem\",\"position\":3,\"name\":\"HINOKI, CEDARWOOD, CYPRESS\"}]},{\"@type\":\"WebSite\",\"@id\":\"https:\\\/\\\/www.soslow.sk\\\/#website\",\"url\":\"https:\\\/\\\/www.soslow.sk\\\/\",\"name\":\"SO.SLOW\",\"description\":\"made better\",\"publisher\":{\"@id\":\"https:\\\/\\\/www.soslow.sk\\\/#organization\"},\"potentialAction\":[{\"@type\":\"SearchAction\",\"target\":{\"@type\":\"EntryPoint\",\"urlTemplate\":\"https:\\\/\\\/www.soslow.sk\\\/?s={search_term_string}\"},\"query-input\":{\"@type\":\"PropertyValueSpecification\",\"valueRequired\":true,\"valueName\":\"search_term_string\"}}],\"inLanguage\":\"en-GB\"},{\"@type\":\"Organization\",\"@id\":\"https:\\\/\\\/www.soslow.sk\\\/#organization\",\"name\":\"SoSlow\",\"url\":\"https:\\\/\\\/www.soslow.sk\\\/\",\"logo\":{\"@type\":\"ImageObject\",\"inLanguage\":\"en-GB\",\"@id\":\"https:\\\/\\\/www.soslow.sk\\\/#\\\/schema\\\/logo\\\/image\\\/\",\"url\":\"https:\\\/\\\/www.soslow.sk\\\/wp-content\\\/uploads\\\/2025\\\/01\\\/so.slow_.png\",\"contentUrl\":\"https:\\\/\\\/www.soslow.sk\\\/wp-content\\\/uploads\\\/2025\\\/01\\\/so.slow_.png\",\"width\":1772,\"height\":412,\"caption\":\"SoSlow\"},\"image\":{\"@id\":\"https:\\\/\\\/www.soslow.sk\\\/#\\\/schema\\\/logo\\\/image\\\/\"},\"sameAs\":[\"https:\\\/\\\/www.instagram.com\\\/so.slowproducts\"]}]}<\/script>\n<!-- \/ Yoast SEO plugin. -->","yoast_head_json":{"title":"HINOKI, CEDARWOOD, CYPRESS - SO.SLOW","robots":{"index":"index","follow":"follow","max-snippet":"max-snippet:-1","max-image-preview":"max-image-preview:large","max-video-preview":"max-video-preview:-1"},"canonical":"https:\/\/www.soslow.sk\/en\/obchod\/sviecky\/thrifted-vessels-candle-collection\/hinoki-cedarwood-cypress\/","og_locale":"en_GB","og_type":"article","og_title":"HINOKI, CEDARWOOD, CYPRESS - SO.SLOW","og_description":"V\u00f4\u0148a: hinoki \u2013 cyprus \u2013 c\u00e9der Drevito-svie\u017ea a pokojn\u00e1 v\u00f4\u0148a in\u0161pirovan\u00e1 lesom, v ktorej sa sp\u00e1ja \u010dist\u00fd, jemne citrusov\u00fd charakter hinoki s chladivou svie\u017eos\u0165ou cyprusu a hrejivou h\u013abkou c\u00e9drov\u00e9ho dreva. Prirodzen\u00e1, uzem\u0148uj\u00faca a harmonick\u00e1 kompoz\u00edcia, ktor\u00e1 navodzuje pocit ticha, stability a vn\u00fatorn\u00e9ho pokoja.","og_url":"https:\/\/www.soslow.sk\/en\/obchod\/sviecky\/thrifted-vessels-candle-collection\/hinoki-cedarwood-cypress\/","og_site_name":"SO.SLOW","article_modified_time":"2026-03-10T11:37:14+00:00","og_image":[{"width":1667,"height":1569,"url":"https:\/\/www.soslow.sk\/wp-content\/uploads\/2026\/01\/5.png","type":"image\/png"}],"twitter_card":"summary_large_image","twitter_misc":{"Estimated reading time":"1 minute"},"schema":{"@context":"https:\/\/schema.org","@graph":[{"@type":"WebPage","@id":"https:\/\/www.soslow.sk\/obchod\/sviecky\/thrifted-vessels-candle-collection\/hinoki-cedarwood-cypress\/","url":"https:\/\/www.soslow.sk\/obchod\/sviecky\/thrifted-vessels-candle-collection\/hinoki-cedarwood-cypress\/","name":"HINOKI, CEDARWOOD, CYPRESS - SO.SLOW","isPartOf":{"@id":"https:\/\/www.soslow.sk\/#website"},"primaryImageOfPage":{"@id":"https:\/\/www.soslow.sk\/obchod\/sviecky\/thrifted-vessels-candle-collection\/hinoki-cedarwood-cypress\/#primaryimage"},"image":{"@id":"https:\/\/www.soslow.sk\/obchod\/sviecky\/thrifted-vessels-candle-collection\/hinoki-cedarwood-cypress\/#primaryimage"},"thumbnailUrl":"https:\/\/www.soslow.sk\/wp-content\/uploads\/2026\/01\/5.png","datePublished":"2026-01-12T18:12:50+00:00","dateModified":"2026-03-10T11:37:14+00:00","breadcrumb":{"@id":"https:\/\/www.soslow.sk\/obchod\/sviecky\/thrifted-vessels-candle-collection\/hinoki-cedarwood-cypress\/#breadcrumb"},"inLanguage":"en-GB","potentialAction":[{"@type":"ReadAction","target":["https:\/\/www.soslow.sk\/obchod\/sviecky\/thrifted-vessels-candle-collection\/hinoki-cedarwood-cypress\/"]}]},{"@type":"ImageObject","inLanguage":"en-GB","@id":"https:\/\/www.soslow.sk\/obchod\/sviecky\/thrifted-vessels-candle-collection\/hinoki-cedarwood-cypress\/#primaryimage","url":"https:\/\/www.soslow.sk\/wp-content\/uploads\/2026\/01\/5.png","contentUrl":"https:\/\/www.soslow.sk\/wp-content\/uploads\/2026\/01\/5.png","width":1667,"height":1569},{"@type":"BreadcrumbList","@id":"https:\/\/www.soslow.sk\/obchod\/sviecky\/thrifted-vessels-candle-collection\/hinoki-cedarwood-cypress\/#breadcrumb","itemListElement":[{"@type":"ListItem","position":1,"name":"Domovsk\u00e1 str\u00e1nka","item":"https:\/\/www.soslow.sk\/"},{"@type":"ListItem","position":2,"name":"Obchod","item":"https:\/\/www.soslow.sk\/obchod\/"},{"@type":"ListItem","position":3,"name":"HINOKI, CEDARWOOD, CYPRESS"}]},{"@type":"WebSite","@id":"https:\/\/www.soslow.sk\/#website","url":"https:\/\/www.soslow.sk\/","name":"SO.SLOW","description":"made better","publisher":{"@id":"https:\/\/www.soslow.sk\/#organization"},"potentialAction":[{"@type":"SearchAction","target":{"@type":"EntryPoint","urlTemplate":"https:\/\/www.soslow.sk\/?s={search_term_string}"},"query-input":{"@type":"PropertyValueSpecification","valueRequired":true,"valueName":"search_term_string"}}],"inLanguage":"en-GB"},{"@type":"Organization","@id":"https:\/\/www.soslow.sk\/#organization","name":"SoSlow","url":"https:\/\/www.soslow.sk\/","logo":{"@type":"ImageObject","inLanguage":"en-GB","@id":"https:\/\/www.soslow.sk\/#\/schema\/logo\/image\/","url":"https:\/\/www.soslow.sk\/wp-content\/uploads\/2025\/01\/so.slow_.png","contentUrl":"https:\/\/www.soslow.sk\/wp-content\/uploads\/2025\/01\/so.slow_.png","width":1772,"height":412,"caption":"SoSlow"},"image":{"@id":"https:\/\/www.soslow.sk\/#\/schema\/logo\/image\/"},"sameAs":["https:\/\/www.instagram.com\/so.slowproducts"]}]}},"_links":{"self":[{"href":"https:\/\/www.soslow.sk\/en\/wp-json\/wp\/v2\/product\/4391","targetHints":{"allow":["GET"]}}],"collection":[{"href":"https:\/\/www.soslow.sk\/en\/wp-json\/wp\/v2\/product"}],"about":[{"href":"https:\/\/www.soslow.sk\/en\/wp-json\/wp\/v2\/types\/product"}],"replies":[{"embeddable":true,"href":"https:\/\/www.soslow.sk\/en\/wp-json\/wp\/v2\/comments?post=4391"}],"wp:featuredmedia":[{"embeddable":true,"href":"https:\/\/www.soslow.sk\/en\/wp-json\/wp\/v2\/media\/4392"}],"wp:attachment":[{"href":"https:\/\/www.soslow.sk\/en\/wp-json\/wp\/v2\/media?parent=4391"}],"wp:term":[{"taxonomy":"product_brand","embeddable":true,"href":"https:\/\/www.soslow.sk\/en\/wp-json\/wp\/v2\/product_brand?post=4391"},{"taxonomy":"product_cat","embeddable":true,"href":"https:\/\/www.soslow.sk\/en\/wp-json\/wp\/v2\/product_cat?post=4391"},{"taxonomy":"product_tag","embeddable":true,"href":"https:\/\/www.soslow.sk\/en\/wp-json\/wp\/v2\/product_tag?post=4391"}],"curies":[{"name":"wp","href":"https:\/\/api.w.org\/{rel}","templated":true}]}}