{"id":4405,"date":"2026-01-16T09:44:15","date_gmt":"2026-01-16T08:44:15","guid":{"rendered":"https:\/\/www.soslow.sk\/?post_type=product&#038;p=4405"},"modified":"2026-04-20T21:20:29","modified_gmt":"2026-04-20T19:20:29","slug":"bergamot-badyan-jazminovy-tabak","status":"publish","type":"product","link":"https:\/\/www.soslow.sk\/en\/obchod\/sviecky\/thrifted-vessels-candle-collection\/bergamot-badyan-jazminovy-tabak\/","title":{"rendered":"BERGAMOT, BAD\u00ddAN, JASMINE TOBACCO 140g"},"content":{"rendered":"<p>Wax: soy wax<\/p>\n<p>Wax weight: 140g<\/p>\n<p>Burning time: 18-25 hours<\/p>\n<p>Organic cotton wick<\/p>\n<p>Material: recycled ceramic<\/p>\n<p>Made in Bratislava\/Slovakia<\/p>\n<p>The color of the container may vary slightly from the photo.<\/p>\n<p>Shining light on sustainability with this old-new project of ours. These candles are even more special as they are poured in thrifted vessels, giving new life to pre-loved treasures. Join us on our journey to a conscious lifestyle and decorate your space in an elegant and sustainable way.<\/p>","protected":false},"excerpt":{"rendered":"<p><strong data-start=\"0\" data-end=\"45\" data-is-only-node=\"\">Fragrance: bergamot \u2013 star anise \u2013 jasmine tobacco<\/strong><\/p>\n<p><br data-start=\"45\" data-end=\"48\" \/>A distinctive, aromatic and subtly sensual scent.<br data-start=\"90\" data-end=\"93\" \/>Bergamot opens the composition fresh and bright, with a sparkling citrus lightness that gives the fragrance energy and a clean start. Star anise brings a spicy depth and a delicate sweet spiciness that slows down and rounds out the composition. Jasmine tobacco closes the fragrance with a warm, smoky and slightly floral note that gives it character and sensuality. Together they create a balanced combination of freshness, spice and depth - sophisticated, rich and naturally harmonious.<\/p>","protected":false},"featured_media":4393,"comment_status":"open","ping_status":"closed","template":"","meta":{"_monsterinsights_skip_tracking":false,"_monsterinsights_sitenote_active":false,"_monsterinsights_sitenote_note":"","_monsterinsights_sitenote_category":0},"product_brand":[],"product_cat":[23,44],"product_tag":[],"class_list":{"0":"post-4405","1":"product","2":"type-product","3":"status-publish","4":"has-post-thumbnail","6":"product_cat-sviecky","7":"product_cat-thrifted-vessels-candle-collection","9":"first","10":"instock","11":"taxable","12":"shipping-taxable","13":"purchasable","14":"product-type-simple"},"yoast_head":"<!-- This site is optimized with the Yoast SEO plugin v27.5 - https:\/\/yoast.com\/product\/yoast-seo-wordpress\/ -->\n<title>BERGAMOT, BAD\u00ddAN, JAZM\u00cdNOV\u00dd TAB\u00c1K 140g - SO.SLOW<\/title>\n<meta name=\"robots\" content=\"index, follow, max-snippet:-1, max-image-preview:large, max-video-preview:-1\" \/>\n<link rel=\"canonical\" href=\"https:\/\/www.soslow.sk\/en\/obchod\/sviecky\/thrifted-vessels-candle-collection\/bergamot-badyan-jazminovy-tabak\/\" \/>\n<meta property=\"og:locale\" content=\"en_GB\" \/>\n<meta property=\"og:type\" content=\"article\" \/>\n<meta property=\"og:title\" content=\"BERGAMOT, BAD\u00ddAN, JAZM\u00cdNOV\u00dd TAB\u00c1K 140g - SO.SLOW\" \/>\n<meta property=\"og:description\" content=\"V\u00f4\u0148a: bergamot \u2013 bady\u00e1n \u2013 jazm\u00ednov\u00fd tab\u00e1k  V\u00fdrazn\u00e1, aromatick\u00e1 a jemne zmyseln\u00e1 v\u00f4\u0148a.Bergamot otv\u00e1ra kompoz\u00edciu svie\u017eo a jasne, s iskrivou citrusovou \u013eahkos\u0165ou, ktor\u00e1 dod\u00e1va v\u00f4ni energiu a \u010dist\u00fd za\u010diatok. Bady\u00e1n do nej vn\u00e1\u0161a korenist\u00fa h\u013abku a jemn\u00fa sladkast\u00fa pikantnos\u0165, ktor\u00e1 kompoz\u00edciu spoma\u013euje a zaob\u013euje. Jazm\u00ednov\u00fd tab\u00e1k uzatv\u00e1ra v\u00f4\u0148u tepl\u00fdm, dymov\u00fdm a mierne kvetinov\u00fdm t\u00f3nom, ktor\u00fd jej dod\u00e1va charakter a zmyselnos\u0165. Spolu vytv\u00e1raj\u00fa vyv\u00e1\u017een\u00e9 spojenie svie\u017eosti, korenia a h\u013abky \u2013 sofistikovan\u00e9, bohat\u00e9 a prirodzene harmonick\u00e9.\" \/>\n<meta property=\"og:url\" content=\"https:\/\/www.soslow.sk\/en\/obchod\/sviecky\/thrifted-vessels-candle-collection\/bergamot-badyan-jazminovy-tabak\/\" \/>\n<meta property=\"og:site_name\" content=\"SO.SLOW\" \/>\n<meta property=\"article:modified_time\" content=\"2026-04-20T19:20:29+00:00\" \/>\n<meta property=\"og:image\" content=\"https:\/\/www.soslow.sk\/wp-content\/uploads\/2026\/01\/6.png\" \/>\n\t<meta property=\"og:image:width\" content=\"1667\" \/>\n\t<meta property=\"og:image:height\" content=\"1569\" \/>\n\t<meta property=\"og:image:type\" content=\"image\/png\" \/>\n<meta name=\"twitter:card\" content=\"summary_large_image\" \/>\n<meta name=\"twitter:label1\" content=\"Estimated reading time\" \/>\n\t<meta name=\"twitter:data1\" content=\"1 minute\" \/>\n<script type=\"application\/ld+json\" class=\"yoast-schema-graph\">{\"@context\":\"https:\\\/\\\/schema.org\",\"@graph\":[{\"@type\":\"WebPage\",\"@id\":\"https:\\\/\\\/www.soslow.sk\\\/obchod\\\/sviecky\\\/thrifted-vessels-candle-collection\\\/bergamot-badyan-jazminovy-tabak\\\/\",\"url\":\"https:\\\/\\\/www.soslow.sk\\\/obchod\\\/sviecky\\\/thrifted-vessels-candle-collection\\\/bergamot-badyan-jazminovy-tabak\\\/\",\"name\":\"BERGAMOT, BAD\u00ddAN, JAZM\u00cdNOV\u00dd TAB\u00c1K 140g - SO.SLOW\",\"isPartOf\":{\"@id\":\"https:\\\/\\\/www.soslow.sk\\\/#website\"},\"primaryImageOfPage\":{\"@id\":\"https:\\\/\\\/www.soslow.sk\\\/obchod\\\/sviecky\\\/thrifted-vessels-candle-collection\\\/bergamot-badyan-jazminovy-tabak\\\/#primaryimage\"},\"image\":{\"@id\":\"https:\\\/\\\/www.soslow.sk\\\/obchod\\\/sviecky\\\/thrifted-vessels-candle-collection\\\/bergamot-badyan-jazminovy-tabak\\\/#primaryimage\"},\"thumbnailUrl\":\"https:\\\/\\\/www.soslow.sk\\\/wp-content\\\/uploads\\\/2026\\\/01\\\/6.png\",\"datePublished\":\"2026-01-16T08:44:15+00:00\",\"dateModified\":\"2026-04-20T19:20:29+00:00\",\"breadcrumb\":{\"@id\":\"https:\\\/\\\/www.soslow.sk\\\/obchod\\\/sviecky\\\/thrifted-vessels-candle-collection\\\/bergamot-badyan-jazminovy-tabak\\\/#breadcrumb\"},\"inLanguage\":\"en-GB\",\"potentialAction\":[{\"@type\":\"ReadAction\",\"target\":[\"https:\\\/\\\/www.soslow.sk\\\/obchod\\\/sviecky\\\/thrifted-vessels-candle-collection\\\/bergamot-badyan-jazminovy-tabak\\\/\"]}]},{\"@type\":\"ImageObject\",\"inLanguage\":\"en-GB\",\"@id\":\"https:\\\/\\\/www.soslow.sk\\\/obchod\\\/sviecky\\\/thrifted-vessels-candle-collection\\\/bergamot-badyan-jazminovy-tabak\\\/#primaryimage\",\"url\":\"https:\\\/\\\/www.soslow.sk\\\/wp-content\\\/uploads\\\/2026\\\/01\\\/6.png\",\"contentUrl\":\"https:\\\/\\\/www.soslow.sk\\\/wp-content\\\/uploads\\\/2026\\\/01\\\/6.png\",\"width\":1667,\"height\":1569},{\"@type\":\"BreadcrumbList\",\"@id\":\"https:\\\/\\\/www.soslow.sk\\\/obchod\\\/sviecky\\\/thrifted-vessels-candle-collection\\\/bergamot-badyan-jazminovy-tabak\\\/#breadcrumb\",\"itemListElement\":[{\"@type\":\"ListItem\",\"position\":1,\"name\":\"Domovsk\u00e1 str\u00e1nka\",\"item\":\"https:\\\/\\\/www.soslow.sk\\\/\"},{\"@type\":\"ListItem\",\"position\":2,\"name\":\"Obchod\",\"item\":\"https:\\\/\\\/www.soslow.sk\\\/obchod\\\/\"},{\"@type\":\"ListItem\",\"position\":3,\"name\":\"BERGAMOT, BAD\u00ddAN, JAZM\u00cdNOV\u00dd TAB\u00c1K 140g\"}]},{\"@type\":\"WebSite\",\"@id\":\"https:\\\/\\\/www.soslow.sk\\\/#website\",\"url\":\"https:\\\/\\\/www.soslow.sk\\\/\",\"name\":\"SO.SLOW\",\"description\":\"made better\",\"publisher\":{\"@id\":\"https:\\\/\\\/www.soslow.sk\\\/#organization\"},\"potentialAction\":[{\"@type\":\"SearchAction\",\"target\":{\"@type\":\"EntryPoint\",\"urlTemplate\":\"https:\\\/\\\/www.soslow.sk\\\/?s={search_term_string}\"},\"query-input\":{\"@type\":\"PropertyValueSpecification\",\"valueRequired\":true,\"valueName\":\"search_term_string\"}}],\"inLanguage\":\"en-GB\"},{\"@type\":\"Organization\",\"@id\":\"https:\\\/\\\/www.soslow.sk\\\/#organization\",\"name\":\"SoSlow\",\"url\":\"https:\\\/\\\/www.soslow.sk\\\/\",\"logo\":{\"@type\":\"ImageObject\",\"inLanguage\":\"en-GB\",\"@id\":\"https:\\\/\\\/www.soslow.sk\\\/#\\\/schema\\\/logo\\\/image\\\/\",\"url\":\"https:\\\/\\\/www.soslow.sk\\\/wp-content\\\/uploads\\\/2025\\\/01\\\/so.slow_.png\",\"contentUrl\":\"https:\\\/\\\/www.soslow.sk\\\/wp-content\\\/uploads\\\/2025\\\/01\\\/so.slow_.png\",\"width\":1772,\"height\":412,\"caption\":\"SoSlow\"},\"image\":{\"@id\":\"https:\\\/\\\/www.soslow.sk\\\/#\\\/schema\\\/logo\\\/image\\\/\"},\"sameAs\":[\"https:\\\/\\\/www.instagram.com\\\/so.slowproducts\"]}]}<\/script>\n<!-- \/ Yoast SEO plugin. -->","yoast_head_json":{"title":"BERGAMOT, BAD\u00ddAN, JAZM\u00cdNOV\u00dd TAB\u00c1K 140g - SO.SLOW","robots":{"index":"index","follow":"follow","max-snippet":"max-snippet:-1","max-image-preview":"max-image-preview:large","max-video-preview":"max-video-preview:-1"},"canonical":"https:\/\/www.soslow.sk\/en\/obchod\/sviecky\/thrifted-vessels-candle-collection\/bergamot-badyan-jazminovy-tabak\/","og_locale":"en_GB","og_type":"article","og_title":"BERGAMOT, BAD\u00ddAN, JAZM\u00cdNOV\u00dd TAB\u00c1K 140g - SO.SLOW","og_description":"V\u00f4\u0148a: bergamot \u2013 bady\u00e1n \u2013 jazm\u00ednov\u00fd tab\u00e1k  V\u00fdrazn\u00e1, aromatick\u00e1 a jemne zmyseln\u00e1 v\u00f4\u0148a.Bergamot otv\u00e1ra kompoz\u00edciu svie\u017eo a jasne, s iskrivou citrusovou \u013eahkos\u0165ou, ktor\u00e1 dod\u00e1va v\u00f4ni energiu a \u010dist\u00fd za\u010diatok. Bady\u00e1n do nej vn\u00e1\u0161a korenist\u00fa h\u013abku a jemn\u00fa sladkast\u00fa pikantnos\u0165, ktor\u00e1 kompoz\u00edciu spoma\u013euje a zaob\u013euje. Jazm\u00ednov\u00fd tab\u00e1k uzatv\u00e1ra v\u00f4\u0148u tepl\u00fdm, dymov\u00fdm a mierne kvetinov\u00fdm t\u00f3nom, ktor\u00fd jej dod\u00e1va charakter a zmyselnos\u0165. Spolu vytv\u00e1raj\u00fa vyv\u00e1\u017een\u00e9 spojenie svie\u017eosti, korenia a h\u013abky \u2013 sofistikovan\u00e9, bohat\u00e9 a prirodzene harmonick\u00e9.","og_url":"https:\/\/www.soslow.sk\/en\/obchod\/sviecky\/thrifted-vessels-candle-collection\/bergamot-badyan-jazminovy-tabak\/","og_site_name":"SO.SLOW","article_modified_time":"2026-04-20T19:20:29+00:00","og_image":[{"width":1667,"height":1569,"url":"https:\/\/www.soslow.sk\/wp-content\/uploads\/2026\/01\/6.png","type":"image\/png"}],"twitter_card":"summary_large_image","twitter_misc":{"Estimated reading time":"1 minute"},"schema":{"@context":"https:\/\/schema.org","@graph":[{"@type":"WebPage","@id":"https:\/\/www.soslow.sk\/obchod\/sviecky\/thrifted-vessels-candle-collection\/bergamot-badyan-jazminovy-tabak\/","url":"https:\/\/www.soslow.sk\/obchod\/sviecky\/thrifted-vessels-candle-collection\/bergamot-badyan-jazminovy-tabak\/","name":"BERGAMOT, BAD\u00ddAN, JAZM\u00cdNOV\u00dd TAB\u00c1K 140g - SO.SLOW","isPartOf":{"@id":"https:\/\/www.soslow.sk\/#website"},"primaryImageOfPage":{"@id":"https:\/\/www.soslow.sk\/obchod\/sviecky\/thrifted-vessels-candle-collection\/bergamot-badyan-jazminovy-tabak\/#primaryimage"},"image":{"@id":"https:\/\/www.soslow.sk\/obchod\/sviecky\/thrifted-vessels-candle-collection\/bergamot-badyan-jazminovy-tabak\/#primaryimage"},"thumbnailUrl":"https:\/\/www.soslow.sk\/wp-content\/uploads\/2026\/01\/6.png","datePublished":"2026-01-16T08:44:15+00:00","dateModified":"2026-04-20T19:20:29+00:00","breadcrumb":{"@id":"https:\/\/www.soslow.sk\/obchod\/sviecky\/thrifted-vessels-candle-collection\/bergamot-badyan-jazminovy-tabak\/#breadcrumb"},"inLanguage":"en-GB","potentialAction":[{"@type":"ReadAction","target":["https:\/\/www.soslow.sk\/obchod\/sviecky\/thrifted-vessels-candle-collection\/bergamot-badyan-jazminovy-tabak\/"]}]},{"@type":"ImageObject","inLanguage":"en-GB","@id":"https:\/\/www.soslow.sk\/obchod\/sviecky\/thrifted-vessels-candle-collection\/bergamot-badyan-jazminovy-tabak\/#primaryimage","url":"https:\/\/www.soslow.sk\/wp-content\/uploads\/2026\/01\/6.png","contentUrl":"https:\/\/www.soslow.sk\/wp-content\/uploads\/2026\/01\/6.png","width":1667,"height":1569},{"@type":"BreadcrumbList","@id":"https:\/\/www.soslow.sk\/obchod\/sviecky\/thrifted-vessels-candle-collection\/bergamot-badyan-jazminovy-tabak\/#breadcrumb","itemListElement":[{"@type":"ListItem","position":1,"name":"Domovsk\u00e1 str\u00e1nka","item":"https:\/\/www.soslow.sk\/"},{"@type":"ListItem","position":2,"name":"Obchod","item":"https:\/\/www.soslow.sk\/obchod\/"},{"@type":"ListItem","position":3,"name":"BERGAMOT, BAD\u00ddAN, JAZM\u00cdNOV\u00dd TAB\u00c1K 140g"}]},{"@type":"WebSite","@id":"https:\/\/www.soslow.sk\/#website","url":"https:\/\/www.soslow.sk\/","name":"SO.SLOW","description":"made better","publisher":{"@id":"https:\/\/www.soslow.sk\/#organization"},"potentialAction":[{"@type":"SearchAction","target":{"@type":"EntryPoint","urlTemplate":"https:\/\/www.soslow.sk\/?s={search_term_string}"},"query-input":{"@type":"PropertyValueSpecification","valueRequired":true,"valueName":"search_term_string"}}],"inLanguage":"en-GB"},{"@type":"Organization","@id":"https:\/\/www.soslow.sk\/#organization","name":"SoSlow","url":"https:\/\/www.soslow.sk\/","logo":{"@type":"ImageObject","inLanguage":"en-GB","@id":"https:\/\/www.soslow.sk\/#\/schema\/logo\/image\/","url":"https:\/\/www.soslow.sk\/wp-content\/uploads\/2025\/01\/so.slow_.png","contentUrl":"https:\/\/www.soslow.sk\/wp-content\/uploads\/2025\/01\/so.slow_.png","width":1772,"height":412,"caption":"SoSlow"},"image":{"@id":"https:\/\/www.soslow.sk\/#\/schema\/logo\/image\/"},"sameAs":["https:\/\/www.instagram.com\/so.slowproducts"]}]}},"_links":{"self":[{"href":"https:\/\/www.soslow.sk\/en\/wp-json\/wp\/v2\/product\/4405","targetHints":{"allow":["GET"]}}],"collection":[{"href":"https:\/\/www.soslow.sk\/en\/wp-json\/wp\/v2\/product"}],"about":[{"href":"https:\/\/www.soslow.sk\/en\/wp-json\/wp\/v2\/types\/product"}],"replies":[{"embeddable":true,"href":"https:\/\/www.soslow.sk\/en\/wp-json\/wp\/v2\/comments?post=4405"}],"wp:featuredmedia":[{"embeddable":true,"href":"https:\/\/www.soslow.sk\/en\/wp-json\/wp\/v2\/media\/4393"}],"wp:attachment":[{"href":"https:\/\/www.soslow.sk\/en\/wp-json\/wp\/v2\/media?parent=4405"}],"wp:term":[{"taxonomy":"product_brand","embeddable":true,"href":"https:\/\/www.soslow.sk\/en\/wp-json\/wp\/v2\/product_brand?post=4405"},{"taxonomy":"product_cat","embeddable":true,"href":"https:\/\/www.soslow.sk\/en\/wp-json\/wp\/v2\/product_cat?post=4405"},{"taxonomy":"product_tag","embeddable":true,"href":"https:\/\/www.soslow.sk\/en\/wp-json\/wp\/v2\/product_tag?post=4405"}],"curies":[{"name":"wp","href":"https:\/\/api.w.org\/{rel}","templated":true}]}}