{"id":4415,"date":"2026-01-17T21:15:00","date_gmt":"2026-01-17T20:15:00","guid":{"rendered":"https:\/\/www.soslow.sk\/?post_type=product&#038;p=4415"},"modified":"2026-03-10T12:25:40","modified_gmt":"2026-03-10T11:25:40","slug":"black-pepper-santal-sweet","status":"publish","type":"product","link":"https:\/\/www.soslow.sk\/en\/obchod\/sviecky\/thrifted-vessels-candle-collection\/black-pepper-santal-sweet\/","title":{"rendered":"BLACK PEPPER, SWEET SANTAL"},"content":{"rendered":"<p>Wax: soy wax<\/p>\n<p>Wax weight: 170g<\/p>\n<p>Burning time: 25 - 35 hours<\/p>\n<p>Organic cotton wick<\/p>\n<p>Material: recycled ceramic<\/p>\n<p>Made in Bratislava\/Slovakia<\/p>\n<p>The color of the container may vary slightly from the photo.<\/p>\n<p>Shining light on sustainability with this old-new project of ours. These candles are even more special as they are poured in thrifted vessels, giving new life to pre-loved treasures. Join us on our journey to a conscious lifestyle and decorate your space in an elegant and sustainable way.<\/p>","protected":false},"excerpt":{"rendered":"<p data-start=\"0\" data-end=\"39\"><strong data-start=\"0\" data-end=\"37\">Fragrance: black pepper \u2013 sweet sandalwood<\/strong><\/p>\n<p data-start=\"41\" data-end=\"459\" data-is-last-node=\"\" data-is-only-node=\"\">A warm, spicy and sensual woody fragrance.<br data-start=\"84\" data-end=\"87\" \/>Black pepper enters the composition energetically and raw - with a sharp, dry spiciness that gives the fragrance character and tension. Sweet sandalwood balances it with a soft, creamy and warm tone, in which woodiness combines with a subtle sweetness. Together they create a contrasting yet harmonious composition - expressive, deep and naturally balanced, with a long, calm finish.<\/p>","protected":false},"featured_media":4411,"comment_status":"open","ping_status":"closed","template":"","meta":{"_monsterinsights_skip_tracking":false,"_monsterinsights_sitenote_active":false,"_monsterinsights_sitenote_note":"","_monsterinsights_sitenote_category":0},"product_brand":[],"product_cat":[23,44],"product_tag":[],"class_list":{"0":"post-4415","1":"product","2":"type-product","3":"status-publish","4":"has-post-thumbnail","6":"product_cat-sviecky","7":"product_cat-thrifted-vessels-candle-collection","9":"first","10":"instock","11":"taxable","12":"shipping-taxable","13":"purchasable","14":"product-type-simple"},"yoast_head":"<!-- This site is optimized with the Yoast SEO plugin v27.4 - https:\/\/yoast.com\/product\/yoast-seo-wordpress\/ -->\n<title>BLACK PEPPER, SANTAL SWEET - SO.SLOW<\/title>\n<meta name=\"robots\" content=\"index, follow, max-snippet:-1, max-image-preview:large, max-video-preview:-1\" \/>\n<link rel=\"canonical\" href=\"https:\/\/www.soslow.sk\/en\/obchod\/sviecky\/thrifted-vessels-candle-collection\/black-pepper-santal-sweet\/\" \/>\n<meta property=\"og:locale\" content=\"en_GB\" \/>\n<meta property=\"og:type\" content=\"article\" \/>\n<meta property=\"og:title\" content=\"BLACK PEPPER, SANTAL SWEET - SO.SLOW\" \/>\n<meta property=\"og:description\" content=\"V\u00f4\u0148a: black pepper \u2013 santal sweet Hrejiv\u00e1, korenist\u00e1 a zmyselne drevit\u00e1 v\u00f4\u0148a.\u010cierne korenie vstupuje do kompoz\u00edcie energicky a surovo \u2013 s ostrou, suchou pikantnos\u0165ou, ktor\u00e1 dod\u00e1va v\u00f4ni charakter a nap\u00e4tie. Sladk\u00fd santal ho vyva\u017euje m\u00e4kk\u00fdm, kr\u00e9mov\u00fdm a hrejiv\u00fdm t\u00f3nom, v ktorom sa drevitos\u0165 sp\u00e1ja s jemnou sladkos\u0165ou. Spolu vytv\u00e1raj\u00fa kontrastn\u00fa, no harmonick\u00fa kompoz\u00edciu \u2013 v\u00fdrazn\u00fa, hlbok\u00fa a prirodzene vyv\u00e1\u017een\u00fa, s dlh\u00fdm, pokojne doznievaj\u00facim z\u00e1verom.\" \/>\n<meta property=\"og:url\" content=\"https:\/\/www.soslow.sk\/en\/obchod\/sviecky\/thrifted-vessels-candle-collection\/black-pepper-santal-sweet\/\" \/>\n<meta property=\"og:site_name\" content=\"SO.SLOW\" \/>\n<meta property=\"article:modified_time\" content=\"2026-03-10T11:25:40+00:00\" \/>\n<meta property=\"og:image\" content=\"https:\/\/www.soslow.sk\/wp-content\/uploads\/2026\/01\/produktovky-copy.png\" \/>\n\t<meta property=\"og:image:width\" content=\"1667\" \/>\n\t<meta property=\"og:image:height\" content=\"1569\" \/>\n\t<meta property=\"og:image:type\" content=\"image\/png\" \/>\n<meta name=\"twitter:card\" content=\"summary_large_image\" \/>\n<meta name=\"twitter:label1\" content=\"Estimated reading time\" \/>\n\t<meta name=\"twitter:data1\" content=\"1 minute\" \/>\n<script type=\"application\/ld+json\" class=\"yoast-schema-graph\">{\"@context\":\"https:\\\/\\\/schema.org\",\"@graph\":[{\"@type\":\"WebPage\",\"@id\":\"https:\\\/\\\/www.soslow.sk\\\/obchod\\\/sviecky\\\/thrifted-vessels-candle-collection\\\/black-pepper-santal-sweet\\\/\",\"url\":\"https:\\\/\\\/www.soslow.sk\\\/obchod\\\/sviecky\\\/thrifted-vessels-candle-collection\\\/black-pepper-santal-sweet\\\/\",\"name\":\"BLACK PEPPER, SANTAL SWEET - SO.SLOW\",\"isPartOf\":{\"@id\":\"https:\\\/\\\/www.soslow.sk\\\/#website\"},\"primaryImageOfPage\":{\"@id\":\"https:\\\/\\\/www.soslow.sk\\\/obchod\\\/sviecky\\\/thrifted-vessels-candle-collection\\\/black-pepper-santal-sweet\\\/#primaryimage\"},\"image\":{\"@id\":\"https:\\\/\\\/www.soslow.sk\\\/obchod\\\/sviecky\\\/thrifted-vessels-candle-collection\\\/black-pepper-santal-sweet\\\/#primaryimage\"},\"thumbnailUrl\":\"https:\\\/\\\/www.soslow.sk\\\/wp-content\\\/uploads\\\/2026\\\/01\\\/produktovky-copy.png\",\"datePublished\":\"2026-01-17T20:15:00+00:00\",\"dateModified\":\"2026-03-10T11:25:40+00:00\",\"breadcrumb\":{\"@id\":\"https:\\\/\\\/www.soslow.sk\\\/obchod\\\/sviecky\\\/thrifted-vessels-candle-collection\\\/black-pepper-santal-sweet\\\/#breadcrumb\"},\"inLanguage\":\"en-GB\",\"potentialAction\":[{\"@type\":\"ReadAction\",\"target\":[\"https:\\\/\\\/www.soslow.sk\\\/obchod\\\/sviecky\\\/thrifted-vessels-candle-collection\\\/black-pepper-santal-sweet\\\/\"]}]},{\"@type\":\"ImageObject\",\"inLanguage\":\"en-GB\",\"@id\":\"https:\\\/\\\/www.soslow.sk\\\/obchod\\\/sviecky\\\/thrifted-vessels-candle-collection\\\/black-pepper-santal-sweet\\\/#primaryimage\",\"url\":\"https:\\\/\\\/www.soslow.sk\\\/wp-content\\\/uploads\\\/2026\\\/01\\\/produktovky-copy.png\",\"contentUrl\":\"https:\\\/\\\/www.soslow.sk\\\/wp-content\\\/uploads\\\/2026\\\/01\\\/produktovky-copy.png\",\"width\":1667,\"height\":1569},{\"@type\":\"BreadcrumbList\",\"@id\":\"https:\\\/\\\/www.soslow.sk\\\/obchod\\\/sviecky\\\/thrifted-vessels-candle-collection\\\/black-pepper-santal-sweet\\\/#breadcrumb\",\"itemListElement\":[{\"@type\":\"ListItem\",\"position\":1,\"name\":\"Domovsk\u00e1 str\u00e1nka\",\"item\":\"https:\\\/\\\/www.soslow.sk\\\/\"},{\"@type\":\"ListItem\",\"position\":2,\"name\":\"Obchod\",\"item\":\"https:\\\/\\\/www.soslow.sk\\\/obchod\\\/\"},{\"@type\":\"ListItem\",\"position\":3,\"name\":\"BLACK PEPPER, SANTAL SWEET\"}]},{\"@type\":\"WebSite\",\"@id\":\"https:\\\/\\\/www.soslow.sk\\\/#website\",\"url\":\"https:\\\/\\\/www.soslow.sk\\\/\",\"name\":\"SO.SLOW\",\"description\":\"made better\",\"publisher\":{\"@id\":\"https:\\\/\\\/www.soslow.sk\\\/#organization\"},\"potentialAction\":[{\"@type\":\"SearchAction\",\"target\":{\"@type\":\"EntryPoint\",\"urlTemplate\":\"https:\\\/\\\/www.soslow.sk\\\/?s={search_term_string}\"},\"query-input\":{\"@type\":\"PropertyValueSpecification\",\"valueRequired\":true,\"valueName\":\"search_term_string\"}}],\"inLanguage\":\"en-GB\"},{\"@type\":\"Organization\",\"@id\":\"https:\\\/\\\/www.soslow.sk\\\/#organization\",\"name\":\"SoSlow\",\"url\":\"https:\\\/\\\/www.soslow.sk\\\/\",\"logo\":{\"@type\":\"ImageObject\",\"inLanguage\":\"en-GB\",\"@id\":\"https:\\\/\\\/www.soslow.sk\\\/#\\\/schema\\\/logo\\\/image\\\/\",\"url\":\"https:\\\/\\\/www.soslow.sk\\\/wp-content\\\/uploads\\\/2025\\\/01\\\/so.slow_.png\",\"contentUrl\":\"https:\\\/\\\/www.soslow.sk\\\/wp-content\\\/uploads\\\/2025\\\/01\\\/so.slow_.png\",\"width\":1772,\"height\":412,\"caption\":\"SoSlow\"},\"image\":{\"@id\":\"https:\\\/\\\/www.soslow.sk\\\/#\\\/schema\\\/logo\\\/image\\\/\"},\"sameAs\":[\"https:\\\/\\\/www.instagram.com\\\/so.slowproducts\"]}]}<\/script>\n<!-- \/ Yoast SEO plugin. -->","yoast_head_json":{"title":"BLACK PEPPER, SANTAL SWEET - SO.SLOW","robots":{"index":"index","follow":"follow","max-snippet":"max-snippet:-1","max-image-preview":"max-image-preview:large","max-video-preview":"max-video-preview:-1"},"canonical":"https:\/\/www.soslow.sk\/en\/obchod\/sviecky\/thrifted-vessels-candle-collection\/black-pepper-santal-sweet\/","og_locale":"en_GB","og_type":"article","og_title":"BLACK PEPPER, SANTAL SWEET - SO.SLOW","og_description":"V\u00f4\u0148a: black pepper \u2013 santal sweet Hrejiv\u00e1, korenist\u00e1 a zmyselne drevit\u00e1 v\u00f4\u0148a.\u010cierne korenie vstupuje do kompoz\u00edcie energicky a surovo \u2013 s ostrou, suchou pikantnos\u0165ou, ktor\u00e1 dod\u00e1va v\u00f4ni charakter a nap\u00e4tie. Sladk\u00fd santal ho vyva\u017euje m\u00e4kk\u00fdm, kr\u00e9mov\u00fdm a hrejiv\u00fdm t\u00f3nom, v ktorom sa drevitos\u0165 sp\u00e1ja s jemnou sladkos\u0165ou. Spolu vytv\u00e1raj\u00fa kontrastn\u00fa, no harmonick\u00fa kompoz\u00edciu \u2013 v\u00fdrazn\u00fa, hlbok\u00fa a prirodzene vyv\u00e1\u017een\u00fa, s dlh\u00fdm, pokojne doznievaj\u00facim z\u00e1verom.","og_url":"https:\/\/www.soslow.sk\/en\/obchod\/sviecky\/thrifted-vessels-candle-collection\/black-pepper-santal-sweet\/","og_site_name":"SO.SLOW","article_modified_time":"2026-03-10T11:25:40+00:00","og_image":[{"width":1667,"height":1569,"url":"https:\/\/www.soslow.sk\/wp-content\/uploads\/2026\/01\/produktovky-copy.png","type":"image\/png"}],"twitter_card":"summary_large_image","twitter_misc":{"Estimated reading time":"1 minute"},"schema":{"@context":"https:\/\/schema.org","@graph":[{"@type":"WebPage","@id":"https:\/\/www.soslow.sk\/obchod\/sviecky\/thrifted-vessels-candle-collection\/black-pepper-santal-sweet\/","url":"https:\/\/www.soslow.sk\/obchod\/sviecky\/thrifted-vessels-candle-collection\/black-pepper-santal-sweet\/","name":"BLACK PEPPER, SANTAL SWEET - SO.SLOW","isPartOf":{"@id":"https:\/\/www.soslow.sk\/#website"},"primaryImageOfPage":{"@id":"https:\/\/www.soslow.sk\/obchod\/sviecky\/thrifted-vessels-candle-collection\/black-pepper-santal-sweet\/#primaryimage"},"image":{"@id":"https:\/\/www.soslow.sk\/obchod\/sviecky\/thrifted-vessels-candle-collection\/black-pepper-santal-sweet\/#primaryimage"},"thumbnailUrl":"https:\/\/www.soslow.sk\/wp-content\/uploads\/2026\/01\/produktovky-copy.png","datePublished":"2026-01-17T20:15:00+00:00","dateModified":"2026-03-10T11:25:40+00:00","breadcrumb":{"@id":"https:\/\/www.soslow.sk\/obchod\/sviecky\/thrifted-vessels-candle-collection\/black-pepper-santal-sweet\/#breadcrumb"},"inLanguage":"en-GB","potentialAction":[{"@type":"ReadAction","target":["https:\/\/www.soslow.sk\/obchod\/sviecky\/thrifted-vessels-candle-collection\/black-pepper-santal-sweet\/"]}]},{"@type":"ImageObject","inLanguage":"en-GB","@id":"https:\/\/www.soslow.sk\/obchod\/sviecky\/thrifted-vessels-candle-collection\/black-pepper-santal-sweet\/#primaryimage","url":"https:\/\/www.soslow.sk\/wp-content\/uploads\/2026\/01\/produktovky-copy.png","contentUrl":"https:\/\/www.soslow.sk\/wp-content\/uploads\/2026\/01\/produktovky-copy.png","width":1667,"height":1569},{"@type":"BreadcrumbList","@id":"https:\/\/www.soslow.sk\/obchod\/sviecky\/thrifted-vessels-candle-collection\/black-pepper-santal-sweet\/#breadcrumb","itemListElement":[{"@type":"ListItem","position":1,"name":"Domovsk\u00e1 str\u00e1nka","item":"https:\/\/www.soslow.sk\/"},{"@type":"ListItem","position":2,"name":"Obchod","item":"https:\/\/www.soslow.sk\/obchod\/"},{"@type":"ListItem","position":3,"name":"BLACK PEPPER, SANTAL SWEET"}]},{"@type":"WebSite","@id":"https:\/\/www.soslow.sk\/#website","url":"https:\/\/www.soslow.sk\/","name":"SO.SLOW","description":"made better","publisher":{"@id":"https:\/\/www.soslow.sk\/#organization"},"potentialAction":[{"@type":"SearchAction","target":{"@type":"EntryPoint","urlTemplate":"https:\/\/www.soslow.sk\/?s={search_term_string}"},"query-input":{"@type":"PropertyValueSpecification","valueRequired":true,"valueName":"search_term_string"}}],"inLanguage":"en-GB"},{"@type":"Organization","@id":"https:\/\/www.soslow.sk\/#organization","name":"SoSlow","url":"https:\/\/www.soslow.sk\/","logo":{"@type":"ImageObject","inLanguage":"en-GB","@id":"https:\/\/www.soslow.sk\/#\/schema\/logo\/image\/","url":"https:\/\/www.soslow.sk\/wp-content\/uploads\/2025\/01\/so.slow_.png","contentUrl":"https:\/\/www.soslow.sk\/wp-content\/uploads\/2025\/01\/so.slow_.png","width":1772,"height":412,"caption":"SoSlow"},"image":{"@id":"https:\/\/www.soslow.sk\/#\/schema\/logo\/image\/"},"sameAs":["https:\/\/www.instagram.com\/so.slowproducts"]}]}},"_links":{"self":[{"href":"https:\/\/www.soslow.sk\/en\/wp-json\/wp\/v2\/product\/4415","targetHints":{"allow":["GET"]}}],"collection":[{"href":"https:\/\/www.soslow.sk\/en\/wp-json\/wp\/v2\/product"}],"about":[{"href":"https:\/\/www.soslow.sk\/en\/wp-json\/wp\/v2\/types\/product"}],"replies":[{"embeddable":true,"href":"https:\/\/www.soslow.sk\/en\/wp-json\/wp\/v2\/comments?post=4415"}],"wp:featuredmedia":[{"embeddable":true,"href":"https:\/\/www.soslow.sk\/en\/wp-json\/wp\/v2\/media\/4411"}],"wp:attachment":[{"href":"https:\/\/www.soslow.sk\/en\/wp-json\/wp\/v2\/media?parent=4415"}],"wp:term":[{"taxonomy":"product_brand","embeddable":true,"href":"https:\/\/www.soslow.sk\/en\/wp-json\/wp\/v2\/product_brand?post=4415"},{"taxonomy":"product_cat","embeddable":true,"href":"https:\/\/www.soslow.sk\/en\/wp-json\/wp\/v2\/product_cat?post=4415"},{"taxonomy":"product_tag","embeddable":true,"href":"https:\/\/www.soslow.sk\/en\/wp-json\/wp\/v2\/product_tag?post=4415"}],"curies":[{"name":"wp","href":"https:\/\/api.w.org\/{rel}","templated":true}]}}