{"id":463,"date":"2024-11-02T13:56:38","date_gmt":"2024-11-02T13:56:38","guid":{"rendered":"https:\/\/staging.soslow.sk\/?post_type=product&#038;p=463"},"modified":"2025-12-15T14:06:04","modified_gmt":"2025-12-15T13:06:04","slug":"incense-sticks","status":"publish","type":"product","link":"https:\/\/www.soslow.sk\/en\/obchod\/vydymovadla\/incense-sticks\/","title":{"rendered":"Incense Sticks"},"content":{"rendered":"<p>Scent: palo santo &amp; rosemary<\/p>\n<p>Number of pieces in the package\/ 6pcs<\/p>\n<p>This is a handmade, purely natural product without any added substances. Packaged in recycled paper boxes.<\/p>","protected":false},"excerpt":{"rendered":"<p>Natural incense sticks made from crushed Palo Santo wood (Bursera graveolens), Wiracoa plant and rosemary. Handmade by artisans from Peru. They are characterized by an intense and fresh scent. Ideal for purifying the environment.<\/p>","protected":false},"featured_media":2564,"comment_status":"open","ping_status":"closed","template":"","meta":{"_monsterinsights_skip_tracking":false,"_monsterinsights_sitenote_active":false,"_monsterinsights_sitenote_note":"","_monsterinsights_sitenote_category":0},"product_brand":[],"product_cat":[31],"product_tag":[],"class_list":{"0":"post-463","1":"product","2":"type-product","3":"status-publish","4":"has-post-thumbnail","6":"product_cat-vydymovadla","8":"first","9":"outofstock","10":"taxable","11":"shipping-taxable","12":"purchasable","13":"product-type-simple"},"yoast_head":"<!-- This site is optimized with the Yoast SEO plugin v27.5 - https:\/\/yoast.com\/product\/yoast-seo-wordpress\/ -->\n<title>Incense Sticks - SO.SLOW<\/title>\n<meta name=\"robots\" content=\"index, follow, max-snippet:-1, max-image-preview:large, max-video-preview:-1\" \/>\n<link rel=\"canonical\" href=\"https:\/\/www.soslow.sk\/en\/obchod\/vydymovadla\/incense-sticks\/\" \/>\n<meta property=\"og:locale\" content=\"en_GB\" \/>\n<meta property=\"og:type\" content=\"article\" \/>\n<meta property=\"og:title\" content=\"Incense Sticks - SO.SLOW\" \/>\n<meta property=\"og:description\" content=\"Pr\u00edrodn\u00e9 vonn\u00e9 ty\u010dinky vyroben\u00e9 z drven\u00e9ho dreva Palo Santo (Bursera graveolens), rastliny Wiracoa a rozmar\u00ednu. Ru\u010dne vyr\u00e1ban\u00e9 remeseln\u00edkmi z Peru. Vyzna\u010duj\u00fa sa intenz\u00edvnou a svie\u017eou v\u00f4\u0148ou. Ide\u00e1lne na o\u010distu prostredia.\" \/>\n<meta property=\"og:url\" content=\"https:\/\/www.soslow.sk\/en\/obchod\/vydymovadla\/incense-sticks\/\" \/>\n<meta property=\"og:site_name\" content=\"SO.SLOW\" \/>\n<meta property=\"article:modified_time\" content=\"2025-12-15T13:06:04+00:00\" \/>\n<meta property=\"og:image\" content=\"https:\/\/www.soslow.sk\/wp-content\/uploads\/2024\/11\/stiocks-2.png\" \/>\n\t<meta property=\"og:image:width\" content=\"1667\" \/>\n\t<meta property=\"og:image:height\" content=\"1569\" \/>\n\t<meta property=\"og:image:type\" content=\"image\/png\" \/>\n<meta name=\"twitter:card\" content=\"summary_large_image\" \/>\n<meta name=\"twitter:label1\" content=\"Estimated reading time\" \/>\n\t<meta name=\"twitter:data1\" content=\"1 minute\" \/>\n<script type=\"application\/ld+json\" class=\"yoast-schema-graph\">{\"@context\":\"https:\\\/\\\/schema.org\",\"@graph\":[{\"@type\":\"WebPage\",\"@id\":\"https:\\\/\\\/www.soslow.sk\\\/obchod\\\/vydymovadla\\\/incense-sticks\\\/\",\"url\":\"https:\\\/\\\/www.soslow.sk\\\/obchod\\\/vydymovadla\\\/incense-sticks\\\/\",\"name\":\"Incense Sticks - SO.SLOW\",\"isPartOf\":{\"@id\":\"https:\\\/\\\/www.soslow.sk\\\/#website\"},\"primaryImageOfPage\":{\"@id\":\"https:\\\/\\\/www.soslow.sk\\\/obchod\\\/vydymovadla\\\/incense-sticks\\\/#primaryimage\"},\"image\":{\"@id\":\"https:\\\/\\\/www.soslow.sk\\\/obchod\\\/vydymovadla\\\/incense-sticks\\\/#primaryimage\"},\"thumbnailUrl\":\"https:\\\/\\\/www.soslow.sk\\\/wp-content\\\/uploads\\\/2024\\\/11\\\/stiocks-2.png\",\"datePublished\":\"2024-11-02T13:56:38+00:00\",\"dateModified\":\"2025-12-15T13:06:04+00:00\",\"breadcrumb\":{\"@id\":\"https:\\\/\\\/www.soslow.sk\\\/obchod\\\/vydymovadla\\\/incense-sticks\\\/#breadcrumb\"},\"inLanguage\":\"en-GB\",\"potentialAction\":[{\"@type\":\"ReadAction\",\"target\":[\"https:\\\/\\\/www.soslow.sk\\\/obchod\\\/vydymovadla\\\/incense-sticks\\\/\"]}]},{\"@type\":\"ImageObject\",\"inLanguage\":\"en-GB\",\"@id\":\"https:\\\/\\\/www.soslow.sk\\\/obchod\\\/vydymovadla\\\/incense-sticks\\\/#primaryimage\",\"url\":\"https:\\\/\\\/www.soslow.sk\\\/wp-content\\\/uploads\\\/2024\\\/11\\\/stiocks-2.png\",\"contentUrl\":\"https:\\\/\\\/www.soslow.sk\\\/wp-content\\\/uploads\\\/2024\\\/11\\\/stiocks-2.png\",\"width\":1667,\"height\":1569},{\"@type\":\"BreadcrumbList\",\"@id\":\"https:\\\/\\\/www.soslow.sk\\\/obchod\\\/vydymovadla\\\/incense-sticks\\\/#breadcrumb\",\"itemListElement\":[{\"@type\":\"ListItem\",\"position\":1,\"name\":\"Domovsk\u00e1 str\u00e1nka\",\"item\":\"https:\\\/\\\/www.soslow.sk\\\/\"},{\"@type\":\"ListItem\",\"position\":2,\"name\":\"Obchod\",\"item\":\"https:\\\/\\\/www.soslow.sk\\\/obchod\\\/\"},{\"@type\":\"ListItem\",\"position\":3,\"name\":\"Incense Sticks\"}]},{\"@type\":\"WebSite\",\"@id\":\"https:\\\/\\\/www.soslow.sk\\\/#website\",\"url\":\"https:\\\/\\\/www.soslow.sk\\\/\",\"name\":\"SO.SLOW\",\"description\":\"made better\",\"publisher\":{\"@id\":\"https:\\\/\\\/www.soslow.sk\\\/#organization\"},\"potentialAction\":[{\"@type\":\"SearchAction\",\"target\":{\"@type\":\"EntryPoint\",\"urlTemplate\":\"https:\\\/\\\/www.soslow.sk\\\/?s={search_term_string}\"},\"query-input\":{\"@type\":\"PropertyValueSpecification\",\"valueRequired\":true,\"valueName\":\"search_term_string\"}}],\"inLanguage\":\"en-GB\"},{\"@type\":\"Organization\",\"@id\":\"https:\\\/\\\/www.soslow.sk\\\/#organization\",\"name\":\"SoSlow\",\"url\":\"https:\\\/\\\/www.soslow.sk\\\/\",\"logo\":{\"@type\":\"ImageObject\",\"inLanguage\":\"en-GB\",\"@id\":\"https:\\\/\\\/www.soslow.sk\\\/#\\\/schema\\\/logo\\\/image\\\/\",\"url\":\"https:\\\/\\\/www.soslow.sk\\\/wp-content\\\/uploads\\\/2025\\\/01\\\/so.slow_.png\",\"contentUrl\":\"https:\\\/\\\/www.soslow.sk\\\/wp-content\\\/uploads\\\/2025\\\/01\\\/so.slow_.png\",\"width\":1772,\"height\":412,\"caption\":\"SoSlow\"},\"image\":{\"@id\":\"https:\\\/\\\/www.soslow.sk\\\/#\\\/schema\\\/logo\\\/image\\\/\"},\"sameAs\":[\"https:\\\/\\\/www.instagram.com\\\/so.slowproducts\"]}]}<\/script>\n<!-- \/ Yoast SEO plugin. -->","yoast_head_json":{"title":"Incense Sticks - SO.SLOW","robots":{"index":"index","follow":"follow","max-snippet":"max-snippet:-1","max-image-preview":"max-image-preview:large","max-video-preview":"max-video-preview:-1"},"canonical":"https:\/\/www.soslow.sk\/en\/obchod\/vydymovadla\/incense-sticks\/","og_locale":"en_GB","og_type":"article","og_title":"Incense Sticks - SO.SLOW","og_description":"Pr\u00edrodn\u00e9 vonn\u00e9 ty\u010dinky vyroben\u00e9 z drven\u00e9ho dreva Palo Santo (Bursera graveolens), rastliny Wiracoa a rozmar\u00ednu. Ru\u010dne vyr\u00e1ban\u00e9 remeseln\u00edkmi z Peru. Vyzna\u010duj\u00fa sa intenz\u00edvnou a svie\u017eou v\u00f4\u0148ou. Ide\u00e1lne na o\u010distu prostredia.","og_url":"https:\/\/www.soslow.sk\/en\/obchod\/vydymovadla\/incense-sticks\/","og_site_name":"SO.SLOW","article_modified_time":"2025-12-15T13:06:04+00:00","og_image":[{"width":1667,"height":1569,"url":"https:\/\/www.soslow.sk\/wp-content\/uploads\/2024\/11\/stiocks-2.png","type":"image\/png"}],"twitter_card":"summary_large_image","twitter_misc":{"Estimated reading time":"1 minute"},"schema":{"@context":"https:\/\/schema.org","@graph":[{"@type":"WebPage","@id":"https:\/\/www.soslow.sk\/obchod\/vydymovadla\/incense-sticks\/","url":"https:\/\/www.soslow.sk\/obchod\/vydymovadla\/incense-sticks\/","name":"Incense Sticks - SO.SLOW","isPartOf":{"@id":"https:\/\/www.soslow.sk\/#website"},"primaryImageOfPage":{"@id":"https:\/\/www.soslow.sk\/obchod\/vydymovadla\/incense-sticks\/#primaryimage"},"image":{"@id":"https:\/\/www.soslow.sk\/obchod\/vydymovadla\/incense-sticks\/#primaryimage"},"thumbnailUrl":"https:\/\/www.soslow.sk\/wp-content\/uploads\/2024\/11\/stiocks-2.png","datePublished":"2024-11-02T13:56:38+00:00","dateModified":"2025-12-15T13:06:04+00:00","breadcrumb":{"@id":"https:\/\/www.soslow.sk\/obchod\/vydymovadla\/incense-sticks\/#breadcrumb"},"inLanguage":"en-GB","potentialAction":[{"@type":"ReadAction","target":["https:\/\/www.soslow.sk\/obchod\/vydymovadla\/incense-sticks\/"]}]},{"@type":"ImageObject","inLanguage":"en-GB","@id":"https:\/\/www.soslow.sk\/obchod\/vydymovadla\/incense-sticks\/#primaryimage","url":"https:\/\/www.soslow.sk\/wp-content\/uploads\/2024\/11\/stiocks-2.png","contentUrl":"https:\/\/www.soslow.sk\/wp-content\/uploads\/2024\/11\/stiocks-2.png","width":1667,"height":1569},{"@type":"BreadcrumbList","@id":"https:\/\/www.soslow.sk\/obchod\/vydymovadla\/incense-sticks\/#breadcrumb","itemListElement":[{"@type":"ListItem","position":1,"name":"Domovsk\u00e1 str\u00e1nka","item":"https:\/\/www.soslow.sk\/"},{"@type":"ListItem","position":2,"name":"Obchod","item":"https:\/\/www.soslow.sk\/obchod\/"},{"@type":"ListItem","position":3,"name":"Incense Sticks"}]},{"@type":"WebSite","@id":"https:\/\/www.soslow.sk\/#website","url":"https:\/\/www.soslow.sk\/","name":"SO.SLOW","description":"made better","publisher":{"@id":"https:\/\/www.soslow.sk\/#organization"},"potentialAction":[{"@type":"SearchAction","target":{"@type":"EntryPoint","urlTemplate":"https:\/\/www.soslow.sk\/?s={search_term_string}"},"query-input":{"@type":"PropertyValueSpecification","valueRequired":true,"valueName":"search_term_string"}}],"inLanguage":"en-GB"},{"@type":"Organization","@id":"https:\/\/www.soslow.sk\/#organization","name":"SoSlow","url":"https:\/\/www.soslow.sk\/","logo":{"@type":"ImageObject","inLanguage":"en-GB","@id":"https:\/\/www.soslow.sk\/#\/schema\/logo\/image\/","url":"https:\/\/www.soslow.sk\/wp-content\/uploads\/2025\/01\/so.slow_.png","contentUrl":"https:\/\/www.soslow.sk\/wp-content\/uploads\/2025\/01\/so.slow_.png","width":1772,"height":412,"caption":"SoSlow"},"image":{"@id":"https:\/\/www.soslow.sk\/#\/schema\/logo\/image\/"},"sameAs":["https:\/\/www.instagram.com\/so.slowproducts"]}]}},"_links":{"self":[{"href":"https:\/\/www.soslow.sk\/en\/wp-json\/wp\/v2\/product\/463","targetHints":{"allow":["GET"]}}],"collection":[{"href":"https:\/\/www.soslow.sk\/en\/wp-json\/wp\/v2\/product"}],"about":[{"href":"https:\/\/www.soslow.sk\/en\/wp-json\/wp\/v2\/types\/product"}],"replies":[{"embeddable":true,"href":"https:\/\/www.soslow.sk\/en\/wp-json\/wp\/v2\/comments?post=463"}],"wp:featuredmedia":[{"embeddable":true,"href":"https:\/\/www.soslow.sk\/en\/wp-json\/wp\/v2\/media\/2564"}],"wp:attachment":[{"href":"https:\/\/www.soslow.sk\/en\/wp-json\/wp\/v2\/media?parent=463"}],"wp:term":[{"taxonomy":"product_brand","embeddable":true,"href":"https:\/\/www.soslow.sk\/en\/wp-json\/wp\/v2\/product_brand?post=463"},{"taxonomy":"product_cat","embeddable":true,"href":"https:\/\/www.soslow.sk\/en\/wp-json\/wp\/v2\/product_cat?post=463"},{"taxonomy":"product_tag","embeddable":true,"href":"https:\/\/www.soslow.sk\/en\/wp-json\/wp\/v2\/product_tag?post=463"}],"curies":[{"name":"wp","href":"https:\/\/api.w.org\/{rel}","templated":true}]}}