{"id":485,"date":"2025-01-16T10:49:02","date_gmt":"2025-01-16T10:49:02","guid":{"rendered":"https:\/\/staging.soslow.sk\/?post_type=product&#038;p=485"},"modified":"2025-04-24T15:18:00","modified_gmt":"2025-04-24T13:18:00","slug":"gift-card","status":"publish","type":"product","link":"https:\/\/www.soslow.sk\/en\/obchod\/ostatne\/gift-card\/","title":{"rendered":"Gift Card"},"content":{"rendered":"<p>Why choose SO.SLOW Gift Card:<\/p>\n<p>Universal gift: Suitable for birthdays, anniversaries, holidays, or any special occasion.<\/p>\n<p>Endless possibilities: Your recipient can choose from our wide range of products and find the right one for them.<\/p>\n<p>A personal experience: It&#039;s a gift as unique as the person receiving it, allowing them to choose what they truly desire.<\/p>\n<p>Care-free use: It can be easily redeemed online, making the donation process simple and convenient.<\/p>\n<p>Presentation: The gift card is made in a beautifully designed packaging.<\/p>\n<p>How it works:<\/p>\n<ul>\n<li>select the desired gift card value<\/li>\n<li>personalize it with a personal message at your discretion<\/li>\n<li>we can send the gift card directly to the recipient or to you<\/li>\n<li>it can be applied on our website<\/li>\n<\/ul>","protected":false},"excerpt":{"rendered":"<p>Are you looking for the perfect gift, but not sure what your recipient would appreciate most? Our gift card is the key to a world of endless possibilities and allows your loved ones to choose their own perfect gift from our wide range of quality products.<\/p>","protected":false},"featured_media":2605,"comment_status":"open","ping_status":"closed","template":"","meta":{"_monsterinsights_skip_tracking":false,"_monsterinsights_sitenote_active":false,"_monsterinsights_sitenote_note":"","_monsterinsights_sitenote_category":0},"product_brand":[],"product_cat":[50],"product_tag":[],"class_list":{"0":"post-485","1":"product","2":"type-product","3":"status-publish","4":"has-post-thumbnail","6":"product_cat-ostatne","8":"first","9":"instock","10":"taxable","11":"shipping-taxable","12":"purchasable","13":"product-type-variable","14":"has-default-attributes"},"yoast_head":"<!-- This site is optimized with the Yoast SEO plugin v27.5 - https:\/\/yoast.com\/product\/yoast-seo-wordpress\/ -->\n<title>Gift Card - SO.SLOW<\/title>\n<meta name=\"description\" content=\"H\u013ead\u00e1te ide\u00e1lny dar\u010dek, ale nie ste si ist\u00ed, \u010do by v\u00e1\u0161 obdarovan\u00fd najviac ocenil? Na\u0161a Gift Card je k\u013e\u00fa\u010dom do sveta nekone\u010dn\u00fdch mo\u017enost\u00ed!\" \/>\n<meta name=\"robots\" content=\"index, follow, max-snippet:-1, max-image-preview:large, max-video-preview:-1\" \/>\n<link rel=\"canonical\" href=\"https:\/\/www.soslow.sk\/en\/obchod\/ostatne\/gift-card\/\" \/>\n<meta property=\"og:locale\" content=\"en_GB\" \/>\n<meta property=\"og:type\" content=\"article\" \/>\n<meta property=\"og:title\" content=\"Gift Card - SO.SLOW\" \/>\n<meta property=\"og:description\" content=\"H\u013ead\u00e1te ide\u00e1lny dar\u010dek, ale nie ste si ist\u00ed, \u010do by v\u00e1\u0161 obdarovan\u00fd najviac ocenil? Na\u0161a Gift Card je k\u013e\u00fa\u010dom do sveta nekone\u010dn\u00fdch mo\u017enost\u00ed!\" \/>\n<meta property=\"og:url\" content=\"https:\/\/www.soslow.sk\/en\/obchod\/ostatne\/gift-card\/\" \/>\n<meta property=\"og:site_name\" content=\"SO.SLOW\" \/>\n<meta property=\"article:modified_time\" content=\"2025-04-24T13:18:00+00:00\" \/>\n<meta property=\"og:image\" content=\"https:\/\/www.soslow.sk\/wp-content\/uploads\/2025\/01\/gift_cover.png\" \/>\n\t<meta property=\"og:image:width\" content=\"1667\" \/>\n\t<meta property=\"og:image:height\" content=\"1569\" \/>\n\t<meta property=\"og:image:type\" content=\"image\/png\" \/>\n<meta name=\"twitter:card\" content=\"summary_large_image\" \/>\n<meta name=\"twitter:label1\" content=\"Estimated reading time\" \/>\n\t<meta name=\"twitter:data1\" content=\"1 minute\" \/>\n<script type=\"application\/ld+json\" class=\"yoast-schema-graph\">{\"@context\":\"https:\\\/\\\/schema.org\",\"@graph\":[{\"@type\":\"WebPage\",\"@id\":\"https:\\\/\\\/www.soslow.sk\\\/obchod\\\/ostatne\\\/gift-card\\\/\",\"url\":\"https:\\\/\\\/www.soslow.sk\\\/obchod\\\/ostatne\\\/gift-card\\\/\",\"name\":\"Gift Card - SO.SLOW\",\"isPartOf\":{\"@id\":\"https:\\\/\\\/www.soslow.sk\\\/#website\"},\"primaryImageOfPage\":{\"@id\":\"https:\\\/\\\/www.soslow.sk\\\/obchod\\\/ostatne\\\/gift-card\\\/#primaryimage\"},\"image\":{\"@id\":\"https:\\\/\\\/www.soslow.sk\\\/obchod\\\/ostatne\\\/gift-card\\\/#primaryimage\"},\"thumbnailUrl\":\"https:\\\/\\\/www.soslow.sk\\\/wp-content\\\/uploads\\\/2025\\\/01\\\/gift_cover.png\",\"datePublished\":\"2025-01-16T10:49:02+00:00\",\"dateModified\":\"2025-04-24T13:18:00+00:00\",\"description\":\"H\u013ead\u00e1te ide\u00e1lny dar\u010dek, ale nie ste si ist\u00ed, \u010do by v\u00e1\u0161 obdarovan\u00fd najviac ocenil? Na\u0161a Gift Card je k\u013e\u00fa\u010dom do sveta nekone\u010dn\u00fdch mo\u017enost\u00ed!\",\"breadcrumb\":{\"@id\":\"https:\\\/\\\/www.soslow.sk\\\/obchod\\\/ostatne\\\/gift-card\\\/#breadcrumb\"},\"inLanguage\":\"en-GB\",\"potentialAction\":[{\"@type\":\"ReadAction\",\"target\":[\"https:\\\/\\\/www.soslow.sk\\\/obchod\\\/ostatne\\\/gift-card\\\/\"]}]},{\"@type\":\"ImageObject\",\"inLanguage\":\"en-GB\",\"@id\":\"https:\\\/\\\/www.soslow.sk\\\/obchod\\\/ostatne\\\/gift-card\\\/#primaryimage\",\"url\":\"https:\\\/\\\/www.soslow.sk\\\/wp-content\\\/uploads\\\/2025\\\/01\\\/gift_cover.png\",\"contentUrl\":\"https:\\\/\\\/www.soslow.sk\\\/wp-content\\\/uploads\\\/2025\\\/01\\\/gift_cover.png\",\"width\":1667,\"height\":1569,\"caption\":\"gift card\"},{\"@type\":\"BreadcrumbList\",\"@id\":\"https:\\\/\\\/www.soslow.sk\\\/obchod\\\/ostatne\\\/gift-card\\\/#breadcrumb\",\"itemListElement\":[{\"@type\":\"ListItem\",\"position\":1,\"name\":\"Domovsk\u00e1 str\u00e1nka\",\"item\":\"https:\\\/\\\/www.soslow.sk\\\/\"},{\"@type\":\"ListItem\",\"position\":2,\"name\":\"Obchod\",\"item\":\"https:\\\/\\\/www.soslow.sk\\\/obchod\\\/\"},{\"@type\":\"ListItem\",\"position\":3,\"name\":\"Gift Card\"}]},{\"@type\":\"WebSite\",\"@id\":\"https:\\\/\\\/www.soslow.sk\\\/#website\",\"url\":\"https:\\\/\\\/www.soslow.sk\\\/\",\"name\":\"SO.SLOW\",\"description\":\"made better\",\"publisher\":{\"@id\":\"https:\\\/\\\/www.soslow.sk\\\/#organization\"},\"potentialAction\":[{\"@type\":\"SearchAction\",\"target\":{\"@type\":\"EntryPoint\",\"urlTemplate\":\"https:\\\/\\\/www.soslow.sk\\\/?s={search_term_string}\"},\"query-input\":{\"@type\":\"PropertyValueSpecification\",\"valueRequired\":true,\"valueName\":\"search_term_string\"}}],\"inLanguage\":\"en-GB\"},{\"@type\":\"Organization\",\"@id\":\"https:\\\/\\\/www.soslow.sk\\\/#organization\",\"name\":\"SoSlow\",\"url\":\"https:\\\/\\\/www.soslow.sk\\\/\",\"logo\":{\"@type\":\"ImageObject\",\"inLanguage\":\"en-GB\",\"@id\":\"https:\\\/\\\/www.soslow.sk\\\/#\\\/schema\\\/logo\\\/image\\\/\",\"url\":\"https:\\\/\\\/www.soslow.sk\\\/wp-content\\\/uploads\\\/2025\\\/01\\\/so.slow_.png\",\"contentUrl\":\"https:\\\/\\\/www.soslow.sk\\\/wp-content\\\/uploads\\\/2025\\\/01\\\/so.slow_.png\",\"width\":1772,\"height\":412,\"caption\":\"SoSlow\"},\"image\":{\"@id\":\"https:\\\/\\\/www.soslow.sk\\\/#\\\/schema\\\/logo\\\/image\\\/\"},\"sameAs\":[\"https:\\\/\\\/www.instagram.com\\\/so.slowproducts\"]}]}<\/script>\n<!-- \/ Yoast SEO plugin. -->","yoast_head_json":{"title":"Gift Card - SO.SLOW","description":"H\u013ead\u00e1te ide\u00e1lny dar\u010dek, ale nie ste si ist\u00ed, \u010do by v\u00e1\u0161 obdarovan\u00fd najviac ocenil? Na\u0161a Gift Card je k\u013e\u00fa\u010dom do sveta nekone\u010dn\u00fdch mo\u017enost\u00ed!","robots":{"index":"index","follow":"follow","max-snippet":"max-snippet:-1","max-image-preview":"max-image-preview:large","max-video-preview":"max-video-preview:-1"},"canonical":"https:\/\/www.soslow.sk\/en\/obchod\/ostatne\/gift-card\/","og_locale":"en_GB","og_type":"article","og_title":"Gift Card - SO.SLOW","og_description":"H\u013ead\u00e1te ide\u00e1lny dar\u010dek, ale nie ste si ist\u00ed, \u010do by v\u00e1\u0161 obdarovan\u00fd najviac ocenil? Na\u0161a Gift Card je k\u013e\u00fa\u010dom do sveta nekone\u010dn\u00fdch mo\u017enost\u00ed!","og_url":"https:\/\/www.soslow.sk\/en\/obchod\/ostatne\/gift-card\/","og_site_name":"SO.SLOW","article_modified_time":"2025-04-24T13:18:00+00:00","og_image":[{"width":1667,"height":1569,"url":"https:\/\/www.soslow.sk\/wp-content\/uploads\/2025\/01\/gift_cover.png","type":"image\/png"}],"twitter_card":"summary_large_image","twitter_misc":{"Estimated reading time":"1 minute"},"schema":{"@context":"https:\/\/schema.org","@graph":[{"@type":"WebPage","@id":"https:\/\/www.soslow.sk\/obchod\/ostatne\/gift-card\/","url":"https:\/\/www.soslow.sk\/obchod\/ostatne\/gift-card\/","name":"Gift Card - SO.SLOW","isPartOf":{"@id":"https:\/\/www.soslow.sk\/#website"},"primaryImageOfPage":{"@id":"https:\/\/www.soslow.sk\/obchod\/ostatne\/gift-card\/#primaryimage"},"image":{"@id":"https:\/\/www.soslow.sk\/obchod\/ostatne\/gift-card\/#primaryimage"},"thumbnailUrl":"https:\/\/www.soslow.sk\/wp-content\/uploads\/2025\/01\/gift_cover.png","datePublished":"2025-01-16T10:49:02+00:00","dateModified":"2025-04-24T13:18:00+00:00","description":"H\u013ead\u00e1te ide\u00e1lny dar\u010dek, ale nie ste si ist\u00ed, \u010do by v\u00e1\u0161 obdarovan\u00fd najviac ocenil? Na\u0161a Gift Card je k\u013e\u00fa\u010dom do sveta nekone\u010dn\u00fdch mo\u017enost\u00ed!","breadcrumb":{"@id":"https:\/\/www.soslow.sk\/obchod\/ostatne\/gift-card\/#breadcrumb"},"inLanguage":"en-GB","potentialAction":[{"@type":"ReadAction","target":["https:\/\/www.soslow.sk\/obchod\/ostatne\/gift-card\/"]}]},{"@type":"ImageObject","inLanguage":"en-GB","@id":"https:\/\/www.soslow.sk\/obchod\/ostatne\/gift-card\/#primaryimage","url":"https:\/\/www.soslow.sk\/wp-content\/uploads\/2025\/01\/gift_cover.png","contentUrl":"https:\/\/www.soslow.sk\/wp-content\/uploads\/2025\/01\/gift_cover.png","width":1667,"height":1569,"caption":"gift card"},{"@type":"BreadcrumbList","@id":"https:\/\/www.soslow.sk\/obchod\/ostatne\/gift-card\/#breadcrumb","itemListElement":[{"@type":"ListItem","position":1,"name":"Domovsk\u00e1 str\u00e1nka","item":"https:\/\/www.soslow.sk\/"},{"@type":"ListItem","position":2,"name":"Obchod","item":"https:\/\/www.soslow.sk\/obchod\/"},{"@type":"ListItem","position":3,"name":"Gift Card"}]},{"@type":"WebSite","@id":"https:\/\/www.soslow.sk\/#website","url":"https:\/\/www.soslow.sk\/","name":"SO.SLOW","description":"made better","publisher":{"@id":"https:\/\/www.soslow.sk\/#organization"},"potentialAction":[{"@type":"SearchAction","target":{"@type":"EntryPoint","urlTemplate":"https:\/\/www.soslow.sk\/?s={search_term_string}"},"query-input":{"@type":"PropertyValueSpecification","valueRequired":true,"valueName":"search_term_string"}}],"inLanguage":"en-GB"},{"@type":"Organization","@id":"https:\/\/www.soslow.sk\/#organization","name":"SoSlow","url":"https:\/\/www.soslow.sk\/","logo":{"@type":"ImageObject","inLanguage":"en-GB","@id":"https:\/\/www.soslow.sk\/#\/schema\/logo\/image\/","url":"https:\/\/www.soslow.sk\/wp-content\/uploads\/2025\/01\/so.slow_.png","contentUrl":"https:\/\/www.soslow.sk\/wp-content\/uploads\/2025\/01\/so.slow_.png","width":1772,"height":412,"caption":"SoSlow"},"image":{"@id":"https:\/\/www.soslow.sk\/#\/schema\/logo\/image\/"},"sameAs":["https:\/\/www.instagram.com\/so.slowproducts"]}]}},"_links":{"self":[{"href":"https:\/\/www.soslow.sk\/en\/wp-json\/wp\/v2\/product\/485","targetHints":{"allow":["GET"]}}],"collection":[{"href":"https:\/\/www.soslow.sk\/en\/wp-json\/wp\/v2\/product"}],"about":[{"href":"https:\/\/www.soslow.sk\/en\/wp-json\/wp\/v2\/types\/product"}],"replies":[{"embeddable":true,"href":"https:\/\/www.soslow.sk\/en\/wp-json\/wp\/v2\/comments?post=485"}],"wp:featuredmedia":[{"embeddable":true,"href":"https:\/\/www.soslow.sk\/en\/wp-json\/wp\/v2\/media\/2605"}],"wp:attachment":[{"href":"https:\/\/www.soslow.sk\/en\/wp-json\/wp\/v2\/media?parent=485"}],"wp:term":[{"taxonomy":"product_brand","embeddable":true,"href":"https:\/\/www.soslow.sk\/en\/wp-json\/wp\/v2\/product_brand?post=485"},{"taxonomy":"product_cat","embeddable":true,"href":"https:\/\/www.soslow.sk\/en\/wp-json\/wp\/v2\/product_cat?post=485"},{"taxonomy":"product_tag","embeddable":true,"href":"https:\/\/www.soslow.sk\/en\/wp-json\/wp\/v2\/product_tag?post=485"}],"curies":[{"name":"wp","href":"https:\/\/api.w.org\/{rel}","templated":true}]}}